{"id":4563,"date":"2017-06-07T11:03:27","date_gmt":"2017-06-07T09:03:27","guid":{"rendered":"http:\/\/www.ernesto-vargas.com\/shop\/?page_id=4563"},"modified":"2025-07-07T09:57:25","modified_gmt":"2025-07-07T07:57:25","slug":"agb","status":"publish","type":"page","link":"https:\/\/www.ernesto-vargas.com\/agb\/","title":{"rendered":"AGB FS Globaltex AG"},"content":{"rendered":"<p>Allgemeines:<br \/>\nDiese Allgemeinen Gesch\u00e4ftsbedingungen (AGB) bilden einen integralen Bestandteil aller Vertr\u00e4ge zwischen der FS Globaltex AG (nachfolgend &#8216;Verk\u00e4uferin&#8217;) und ihren Kunden. Mit der Aufgabe einer Bestellung oder der Annahme einer Offerte erkl\u00e4rt sich der Kunde mit diesen AGB einverstanden.<\/p>\n<p>Preise:<br \/>\nDie auf der Webseite und in Katalogen ersichtlichen Preise sind in Schweizer Franken (CHF) ausgewiesen. Gegen\u00fcber Konsumenten verstehen sich die Preise inklusive, gegen\u00fcber Gesch\u00e4ftskunden exklusive der gesetzlichen Mehrwertsteuer.<\/p>\n<p>Zahlungskonditionen:<br \/>\nWir bieten grunds\u00e4tzlich die Zahlarten Vorkasse, und Rechnung an. Wir behalten uns bei jeder Bestellung vor, gewisse Zahlarten nicht anzubieten und auf unsere andere Zahlart zu verweisen.<br \/>\nDie Rechnung ist sofort bei Erhalt ohne Abzug f\u00e4llig. Der Kunde ger\u00e4t nach 20 Tagen in Verzug. Ungerechtfertigte Abz\u00fcge werden nachbelastet.<br \/>\nBei Zahlungsverzug verrechnen wir den handels\u00fcblichen Verzugszins von 5% p.a.<\/p>\n<p>G\u00fcltigkeit von Offerten:<br \/>\nOfferten haben allgemein \u2013 sofern in der Offerte keine andere Zeiteinteilung vermerkt ist &#8211; eine G\u00fcltigkeit von 2 Monaten.<\/p>\n<p>Preis- Qualit\u00e4ts- oder Dienstleistungsangaben:<br \/>\nDa s\u00e4mtliche angebotenen Produkte kontinuierlich weiterentwickelt werden oder W\u00e4hrungskursschwankungen entstehen k\u00f6nnen, behalten wir uns vor, die jeweils angebotenen Preise, Qualit\u00e4ten oder Dienstleistungen ohne Vorank\u00fcndigung zu \u00e4ndern. Massgebend ist in jedem Fall die von uns erstellte Auftragsbest\u00e4tigung.<\/p>\n<p>Textilbeschriftung:<br \/>\nWir behalten uns das Recht vor, mit der Textilveredelung (Textilbeschriftung) erst zu beginnen, wenn die vereinbarte Anzahlung des Kunden bei uns eingetroffen ist. Bereits beschriftete Textilien k\u00f6nnen nicht mehr retourniert werden. Dennoch tritt der Kunde in das Auftragsverh\u00e4ltnis, sobald er das Angebot best\u00e4tigt und nicht erst nach T\u00e4tigung der Anzahlung.<\/p>\n<p>Versand:<br \/>\nOhne besondere Instruktionen w\u00e4hlen wir die uns am vorteilhaftesten erscheinende Versandart. Die Lieferung erfolgt franko Embrach. Es werden die handels\u00fcblichen Frachtkosten verrechnet. Wir nutzen f\u00fcr die Lieferungen die Schweizer Post.<br \/>\nDer Versand erfolgt auf Gefahr des K\u00e4ufers. Bei Express-Sendungen berechnen wir die zus\u00e4tzlichen Frachtkosten. Nachlieferungen erfolgen ohne Versandgeb\u00fchren. W\u00fcnscht der Kunde eine Teillieferung wird f\u00fcr jede Lieferung erneut das handels\u00fcbliche Porto verrechnet.<\/p>\n<p>R\u00fccksendungen:<br \/>\nRetouren, die nicht durch die FS Globaltex AG oder deren Marke \u201eErnesto Vargas\u00ae\u201c zu verantworten sind, werden nur nach vorherigen Vereinbarungen akzeptiert. Die Retournierung von beschriften Kleidungsst\u00fccken ist nicht m\u00f6glich.<br \/>\nF\u00fcr genehmigte Retouren wird nach Eintreffen der Ware eine Gutschrift erstellt. Die Geb\u00fchren f\u00fcr eine Retoure betragen 25% vom Warenwert (Bearbeitungs- und Wiedereinlagerungsgeb\u00fchr). Dieser Betrag wird direkt von der Gutschrift in Abzug gebracht.<\/p>\n<p>Lieferfristen- und Lieferverpflichtungen:<br \/>\nWir \u00fcbernehmen keine Gew\u00e4hr, dass die in unseren Dokumenten enthaltenen Produkte ab Lager lieferbar sind. Nicht in unseren Dokumenten enthaltene Produkte offerieren wir Ihnen auf Anfrage. Die Festsetzung der Lieferfristen erfolgt nach sorgf\u00e4ltigem Ermessen, sie sind jedoch unverbindlich. Entsch\u00e4digungsanspr\u00fcche wegen versp\u00e4teter Lieferung sind ausgeschlossen.<\/p>\n<p>Auch im Falle versp\u00e4teter Lieferung ist der Besteller verpflichtet, die Ware anzunehmen, sofern nicht andere Vereinbarungen getroffen wurden. Die Verpflichtung auf Lieferung besteht nur auf der Grundlage unsere Auftragsbest\u00e4tigung. Bei unvorhergesehenen Ereignissen im Sinne von h\u00f6herer Gewalt, Krieg, internationalen Spannungen, Aufruhr, Rohstoffmangel, Betriebsst\u00f6rungen etc. sowie anderweitige, von unserem Willen oder demjenigen unserer Lieferwerke unabh\u00e4ngige Ereignisse entbinden wir uns von der Verpflichtung zur teilweisen oder vollst\u00e4ndigen Lieferung. Lieferungen auf Abruf sind nur verbindlich, wenn sie ausdr\u00fccklich vereinbart wurden. Bezug und Fakturierung haben, vorbeh\u00e4ltlich anderer Vereinbarung, l\u00e4ngstens innert 12 Monaten ab dem ersten vereinbarten Liefertermin zu erfolgen. Wir behalten uns vor, die Lieferung in Teilen vorzunehmen<\/p>\n<p>Verpackung:<br \/>\nDie Verpackung wird nicht zur\u00fcckgenommen. Ohne besondere Instruktionen w\u00e4hlen wir die uns am vorteilhaftesten erscheinende Verpackungsart.<\/p>\n<p>Annullierung;<br \/>\nDie Annullierung oder \u00c4nderung von Auftr\u00e4gen setzt unser ausdr\u00fcckliches, schriftliches Einverst\u00e4ndnis voraus. Beanstandungen einer Lieferung berechtigen nicht zur Annullierung von Restlieferungen einer Bestellung. Wir sind berechtigt, von Lieferverpflichtungen zur\u00fcckzutreten, wenn sich die finanzielle Situation des Bestellers wesentlich verschlechtert oder sich anders pr\u00e4sentiert, als sie uns dargestellt wurde.<\/p>\n<p>R\u00fcckgabe und M\u00e4ngelr\u00fcgen:<br \/>\nDer Kunde hat die gelieferte Ware sofort nach Erhalt auf M\u00e4ngel zu pr\u00fcfen. Offensichtliche M\u00e4ngel sind uns innerhalb von 7 Tagen schriftlich zu melden. Versteckte M\u00e4ngel sind sofort nach ihrer Entdeckung zu r\u00fcgen. Bei berechtigten M\u00e4ngelr\u00fcgen hat der Kunde Anspruch auf die gesetzlichen Gew\u00e4hrleistungsrechte. Wir behalten uns das Recht vor, den Mangel durch eine kostenlose Nachbesserung (Reparatur) oder eine Ersatzlieferung zu beheben.<\/p>\n<p>Beschriftete Artikel sind von der freiwilligen Retoure ausgeschlossen.<\/p>\n<p>Bei berechtigten Beanstandungen oder Falschlieferungen hat der Empf\u00e4nger uns eine angemessene Frist f\u00fcr eine vertragskonforme Lieferung anzusetzen. Wir behalten uns jedoch vor, anstelle einer Ersatzlieferung eine Gutschrift zu erteilen, sofern die Waren nicht weiterverarbeitet worden sind. Der Kunde hat keinen Anspruch auf Schadenersatz oder Aufl\u00f6sung des Vertrages.<\/p>\n<p>Sonderanfertigungen:<br \/>\nDer Besteller \u00fcbernimmt allein die Verantwortung f\u00fcr die Richtigkeit der Zeichnungen, Entw\u00fcrfe, Modelle oder Muster und deren Angaben, die uns zur Verf\u00fcgung gestellt wurden. Zudem \u00fcbernimmt der Besteller die Verantwortung f\u00fcr die Herstellung und Lieferung der Produkte, so dass gewerbliche Schutzrechte Dritter nicht verletzt werden k\u00f6nnen.<br \/>\nWir behalten uns das Recht vor, von einem Liefervertrag zur\u00fcckzutreten, wenn sich in der Herstellung unvorhergesehene Schwierigkeiten einstellen. Die unter vertretbarem Aufwand unsererseits nicht gel\u00f6st werden k\u00f6nnen.<\/p>\n<p>Kleideranprobe als kostenpflichtige Dienstleistung<br \/>\nDie Kleideranprobe ist eine kostenpflichtige Dienstleistung, die von Ernesto Vargas angeboten wird. Der Kunde verpflichtet sich zur Zahlung der Anprobekosten, sofern nach der Anprobe innerhalb eines Zeitraums von sechs (6) Monaten keine Kleiderbestellung erfolgt, die auf den bei der Anprobe erhobenen Daten basiert. Sollte der Kunde innerhalb des genannten Zeitraums eine solche Bestellung aufgeben, entfallen die Kosten f\u00fcr die Anprobe und werden nicht in Rechnung gestellt. Erfolgt keine Bestellung, werden die Kosten f\u00fcr die Anprobe gem\u00e4ss der jeweils g\u00fcltigen Preisliste in Rechnung gestellt.<\/p>\n<p>Eigentumsvorbehalt:<br \/>\nDie von uns gelieferte Ware bleibt bis zur vollst\u00e4ndigen Bezahlung unser Eigentum. Falls nach der anwendbaren Rechtsordnung f\u00fcr die Begr\u00fcndung des Eigentumsvorbehaltes der Eintrag in ein besonderes Register erforderlich ist, sind wir zur Vornahme dieses Registereintrages erm\u00e4chtigt.<br \/>\nWare die nicht vollst\u00e4ndig bezahlt ist, darf weder ver\u00e4ussert noch verpf\u00e4ndet noch sonst wie mit Rechten Dritter belastet werden. Vorbehalten bleibt eine Ver\u00e4usserung im Rahmen der ordentlichen Gesch\u00e4ftst\u00e4tigkeit des Erwerbers. In diesem Fall tritt der Erwerber seine Kaufpreisforderung an uns ab.<\/p>\n<p>Produktehaftpflicht:<br \/>\nAnspr\u00fcche aus Produktehaftpflicht werden wegbedungen, sofern und soweit dies nach der anwendbaren Rechtsordnung zul\u00e4ssig ist.<\/p>\n<p>Katalogeigentum und Abweichungen:<br \/>\nDie grafische Gestaltung in unseren Katalogen bzw. Dokumenten sind Eigentum von FS Globaltex AG. Nachdrucke und jede Art von Vervielf\u00e4ltigungen \u2013 auch auszugsweise \u2013 sind nur zul\u00e4ssig mit schriftlicher Genehmigung der<\/p>\n<p>FS Globaltex AG, CH-8424 Embrach, Schweiz<\/p>\n<p>Geringf\u00fcgige, technisch oder produktionsbedingte Abweichungen bei Farben, Formen oder Materialeigenschaften gegen\u00fcber den Abbildungen und Beschreibungen sind m\u00f6glich und begr\u00fcnden keine M\u00e4ngelanspr\u00fcche.<\/p>\n<p>Gerichtsstand:<br \/>\nGerichtsstand f\u00fcr s\u00e4mtliche Streitigkeiten ist am Sitz der FS Globaltex AG, CH-8424 Embrach. Unsere Vertragspartner verzichten ausdr\u00fccklich auf ihren Wohnsitzgerichtsstand.<\/p>\n<p>Anwendbares Recht:<br \/>\nEs gilt Schweizer Recht unter Ausschluss des UN-Kaufrechts (Wienerkaufrecht).<\/p>\n<p>&nbsp;<\/p>\n<p>Ernesto Vargas\u00ae<br \/>\nFS Globaltex AG<br \/>\nLochackerstrasse 4<br \/>\nCH-8424 Embrach<\/p>\n<p>Handelsregister-Nummer: CH-020.4.053.134-2<br \/>\nDatum: 01. Januar 2025<\/p>\n","protected":false},"excerpt":{"rendered":"<p>Allgemeines: Diese Allgemeinen Gesch\u00e4ftsbedingungen (AGB) bilden einen integralen Bestandteil aller Vertr\u00e4ge zwischen der FS Globaltex AG (nachfolgend &#8216;Verk\u00e4uferin&#8217;) und ihren Kunden. Mit der Aufgabe einer Bestellung oder der Annahme einer Offerte erkl\u00e4rt sich der Kunde mit diesen AGB einverstanden. Preise: Die auf der Webseite und in Katalogen ersichtlichen Preise sind in Schweizer Franken (CHF) ausgewiesen. [&hellip;]<\/p>\n","protected":false},"author":1,"featured_media":0,"parent":0,"menu_order":0,"comment_status":"closed","ping_status":"closed","template":"page-templates\/template-legal-pages.php","meta":{"_acf_changed":false,"footnotes":""},"class_list":["post-4563","page","type-page","status-publish","hentry"],"acf":[],"_links":{"self":[{"href":"https:\/\/www.ernesto-vargas.com\/wp-json\/wp\/v2\/pages\/4563","targetHints":{"allow":["GET"]}}],"collection":[{"href":"https:\/\/www.ernesto-vargas.com\/wp-json\/wp\/v2\/pages"}],"about":[{"href":"https:\/\/www.ernesto-vargas.com\/wp-json\/wp\/v2\/types\/page"}],"author":[{"embeddable":true,"href":"https:\/\/www.ernesto-vargas.com\/wp-json\/wp\/v2\/users\/1"}],"replies":[{"embeddable":true,"href":"https:\/\/www.ernesto-vargas.com\/wp-json\/wp\/v2\/comments?post=4563"}],"version-history":[{"count":0,"href":"https:\/\/www.ernesto-vargas.com\/wp-json\/wp\/v2\/pages\/4563\/revisions"}],"wp:attachment":[{"href":"https:\/\/www.ernesto-vargas.com\/wp-json\/wp\/v2\/media?parent=4563"}],"curies":[{"name":"wp","href":"https:\/\/api.w.org\/{rel}","templated":true}]}}