{"id":4576,"date":"2017-06-07T14:58:09","date_gmt":"2017-06-07T12:58:09","guid":{"rendered":"http:\/\/www.ernesto-vargas.com\/shop\/?page_id=4576"},"modified":"2018-06-05T16:20:47","modified_gmt":"2018-06-05T14:20:47","slug":"groessetabelle-hosen","status":"publish","type":"page","link":"https:\/\/www.ernesto-vargas.com\/shop\/groessetabelle-hosen\/","title":{"rendered":"Gr\u00f6ssetabelle Hosen"},"content":{"rendered":"<p>[et_pb_section bb_built=&#8221;1&#8243; admin_label=&#8221;section&#8221;][et_pb_row admin_label=&#8221;row&#8221;][et_pb_column type=&#8221;4_4&#8243;][et_pb_text admin_label=&#8221;Text&#8221; background_layout=&#8221;light&#8221; text_orientation=&#8221;left&#8221; use_border_color=&#8221;off&#8221; border_color=&#8221;#ffffff&#8221; border_style=&#8221;solid&#8221;]<\/p>\n<h1 style=\"text-align: center;\">Gr\u00f6ssentabelle<\/h1>\n<hr \/>\n<p style=\"text-align: center;\">\n<p style=\"text-align: center;\">Die Ernesto Vargas Gr\u00f6ssen entsprechen den Bestellgr\u00f6ssen im Online Shop. S\u00e4mtliche Zahlenangaben sind in cm.<\/p>\n<p style=\"text-align: center;\">Personen mit einer K\u00f6rpergr\u00f6sse unter 174cm wird empfohlen, einen Kurzschnitt (K\u00fcrzung des Hosenbeins um 8cm) zu bestellen.<\/p>\n<p>[\/et_pb_text][\/et_pb_column][\/et_pb_row][et_pb_row admin_label=&#8221;Row&#8221; allow_player_pause=&#8221;off&#8221; parallax=&#8221;off&#8221; parallax_method=&#8221;on&#8221; parallax_1=&#8221;off&#8221; parallax_method_1=&#8221;off&#8221; make_fullwidth=&#8221;on&#8221; use_custom_width=&#8221;off&#8221; width_unit=&#8221;on&#8221; use_custom_gutter=&#8221;off&#8221; make_equal=&#8221;off&#8221;][et_pb_column type=&#8221;4_4&#8243;][et_pb_code admin_label=&#8221;Code&#8221;]\n<table id=\"tablepress-1\" class=\"tablepress tablepress-id-1\">\n<tbody class=\"row-striping row-hover\">\n<tr class=\"row-1\">\n\t<td class=\"column-1\">Bundumfang<\/td><td class=\"column-2\">71-74<\/td><td class=\"column-3\">75-76<\/td><td class=\"column-4\">77-78<\/td><td class=\"column-5\">79-81<\/td><td class=\"column-6\">82-84<\/td><td class=\"column-7\">85-88<\/td><td class=\"column-8\">89-92<\/td><td class=\"column-9\">93-96<\/td><td class=\"column-10\">97-100<\/td><td class=\"column-11\">101-105<\/td><td class=\"column-12\">106-110<\/td><td class=\"column-13\">111-117<\/td><td class=\"column-14\">118-124<\/td><td class=\"column-15\">125-130<\/td>\n<\/tr>\n<tr class=\"row-2\">\n\t<td class=\"column-1\">Ges\u00e4ssumfang<\/td><td class=\"column-2\">80-82<\/td><td class=\"column-3\">83-84<\/td><td class=\"column-4\">85-86<\/td><td class=\"column-5\">87-89<\/td><td class=\"column-6\">90-92<\/td><td class=\"column-7\">93-96<\/td><td class=\"column-8\">97-100<\/td><td class=\"column-9\">101-104<\/td><td class=\"column-10\">105-108<\/td><td class=\"column-11\">109-112<\/td><td class=\"column-12\">113-116<\/td><td class=\"column-13\">120-125<\/td><td class=\"column-14\">126-130<\/td><td class=\"column-15\">131-136<\/td>\n<\/tr>\n<tr class=\"row-3\">\n\t<td class=\"column-1\">Schrittl\u00e4nge<\/td><td class=\"column-2\">73<\/td><td class=\"column-3\">74<\/td><td class=\"column-4\">76<\/td><td class=\"column-5\">77<\/td><td class=\"column-6\">79<\/td><td class=\"column-7\">81<\/td><td class=\"column-8\">83<\/td><td class=\"column-9\">84<\/td><td class=\"column-10\">85<\/td><td class=\"column-11\">86<\/td><td class=\"column-12\">87<\/td><td class=\"column-13\">87<\/td><td class=\"column-14\">88<\/td><td class=\"column-15\">89<\/td>\n<\/tr>\n<tr class=\"row-4\">\n\t<td class=\"column-1\">International<\/td><td class=\"column-2\">2XS<\/td><td class=\"column-3\">XS<\/td><td class=\"column-4\">XS<\/td><td class=\"column-5\">S<\/td><td class=\"column-6\">S<\/td><td class=\"column-7\">M<\/td><td class=\"column-8\">M<\/td><td class=\"column-9\">L<\/td><td class=\"column-10\">L<\/td><td class=\"column-11\">XL<\/td><td class=\"column-12\">XL<\/td><td class=\"column-13\">2XL<\/td><td class=\"column-14\">3XL<\/td><td class=\"column-15\">4XL<\/td>\n<\/tr>\n<tr class=\"row-5\">\n\t<td class=\"column-1\">CH-Gr\u00f6ssen<\/td><td class=\"column-2\">36<\/td><td class=\"column-3\">38<\/td><td class=\"column-4\">40<\/td><td class=\"column-5\">42<\/td><td class=\"column-6\">44<\/td><td class=\"column-7\">45<\/td><td class=\"column-8\">46<\/td><td class=\"column-9\">48<\/td><td class=\"column-10\">50<\/td><td class=\"column-11\">52<\/td><td class=\"column-12\">54<\/td><td class=\"column-13\">56<\/td><td class=\"column-14\">58<\/td><td class=\"column-15\">60<\/td>\n<\/tr>\n<\/tbody>\n<tfoot>\n<tr class=\"row-6\">\n\t<th class=\"column-1\">Ernesto Vargas Gr\u00f6ssen<\/th><th class=\"column-2\">38<\/th><th class=\"column-3\">40<\/th><th class=\"column-4\">42<\/th><th class=\"column-5\">44<\/th><th class=\"column-6\">46<\/th><th class=\"column-7\">48<\/th><th class=\"column-8\">50<\/th><th class=\"column-9\">52<\/th><th class=\"column-10\">54<\/th><th class=\"column-11\">56<\/th><th class=\"column-12\">58<\/th><th class=\"column-13\">60<\/th><th class=\"column-14\">62<\/th><th class=\"column-15\">64<\/th>\n<\/tr>\n<\/tfoot>\n<\/table>\n[\/et_pb_code][\/et_pb_column][\/et_pb_row][\/et_pb_section]<\/p>\n","protected":false},"excerpt":{"rendered":"<p>Gr\u00f6ssentabelle Die Ernesto Vargas Gr\u00f6ssen entsprechen den Bestellgr\u00f6ssen im Online Shop. S\u00e4mtliche Zahlenangaben sind in cm. Personen mit einer K\u00f6rpergr\u00f6sse unter 174cm wird empfohlen, einen Kurzschnitt (K\u00fcrzung des Hosenbeins um 8cm) zu bestellen. \n<table id=\"tablepress-1-no-2\" class=\"tablepress tablepress-id-1\">\n<tbody class=\"row-striping row-hover\">\n<tr class=\"row-1\">\n\t<td class=\"column-1\">Bundumfang<\/td><td class=\"column-2\">71-74<\/td><td class=\"column-3\">75-76<\/td><td class=\"column-4\">77-78<\/td><td class=\"column-5\">79-81<\/td><td class=\"column-6\">82-84<\/td><td class=\"column-7\">85-88<\/td><td class=\"column-8\">89-92<\/td><td class=\"column-9\">93-96<\/td><td class=\"column-10\">97-100<\/td><td class=\"column-11\">101-105<\/td><td class=\"column-12\">106-110<\/td><td class=\"column-13\">111-117<\/td><td class=\"column-14\">118-124<\/td><td class=\"column-15\">125-130<\/td>\n<\/tr>\n<tr class=\"row-2\">\n\t<td class=\"column-1\">Ges\u00e4ssumfang<\/td><td class=\"column-2\">80-82<\/td><td class=\"column-3\">83-84<\/td><td class=\"column-4\">85-86<\/td><td class=\"column-5\">87-89<\/td><td class=\"column-6\">90-92<\/td><td class=\"column-7\">93-96<\/td><td class=\"column-8\">97-100<\/td><td class=\"column-9\">101-104<\/td><td class=\"column-10\">105-108<\/td><td class=\"column-11\">109-112<\/td><td class=\"column-12\">113-116<\/td><td class=\"column-13\">120-125<\/td><td class=\"column-14\">126-130<\/td><td class=\"column-15\">131-136<\/td>\n<\/tr>\n<tr class=\"row-3\">\n\t<td class=\"column-1\">Schrittl\u00e4nge<\/td><td class=\"column-2\">73<\/td><td class=\"column-3\">74<\/td><td class=\"column-4\">76<\/td><td class=\"column-5\">77<\/td><td class=\"column-6\">79<\/td><td class=\"column-7\">81<\/td><td class=\"column-8\">83<\/td><td class=\"column-9\">84<\/td><td class=\"column-10\">85<\/td><td class=\"column-11\">86<\/td><td class=\"column-12\">87<\/td><td class=\"column-13\">87<\/td><td class=\"column-14\">88<\/td><td class=\"column-15\">89<\/td>\n<\/tr>\n<tr class=\"row-4\">\n\t<td class=\"column-1\">International<\/td><td class=\"column-2\">2XS<\/td><td class=\"column-3\">XS<\/td><td class=\"column-4\">XS<\/td><td class=\"column-5\">S<\/td><td class=\"column-6\">S<\/td><td class=\"column-7\">M<\/td><td class=\"column-8\">M<\/td><td class=\"column-9\">L<\/td><td class=\"column-10\">L<\/td><td class=\"column-11\">XL<\/td><td class=\"column-12\">XL<\/td><td class=\"column-13\">2XL<\/td><td class=\"column-14\">3XL<\/td><td class=\"column-15\">4XL<\/td>\n<\/tr>\n<tr class=\"row-5\">\n\t<td class=\"column-1\">CH-Gr\u00f6ssen<\/td><td class=\"column-2\">36<\/td><td class=\"column-3\">38<\/td><td class=\"column-4\">40<\/td><td class=\"column-5\">42<\/td><td class=\"column-6\">44<\/td><td class=\"column-7\">45<\/td><td class=\"column-8\">46<\/td><td class=\"column-9\">48<\/td><td class=\"column-10\">50<\/td><td class=\"column-11\">52<\/td><td class=\"column-12\">54<\/td><td class=\"column-13\">56<\/td><td class=\"column-14\">58<\/td><td class=\"column-15\">60<\/td>\n<\/tr>\n<\/tbody>\n<tfoot>\n<tr class=\"row-6\">\n\t<th class=\"column-1\">Ernesto Vargas Gr\u00f6ssen<\/th><th class=\"column-2\">38<\/th><th class=\"column-3\">40<\/th><th class=\"column-4\">42<\/th><th class=\"column-5\">44<\/th><th class=\"column-6\">46<\/th><th class=\"column-7\">48<\/th><th class=\"column-8\">50<\/th><th class=\"column-9\">52<\/th><th class=\"column-10\">54<\/th><th class=\"column-11\">56<\/th><th class=\"column-12\">58<\/th><th class=\"column-13\">60<\/th><th class=\"column-14\">62<\/th><th class=\"column-15\">64<\/th>\n<\/tr>\n<\/tfoot>\n<\/table>\n<\/p>\n","protected":false},"author":1,"featured_media":0,"parent":0,"menu_order":0,"comment_status":"closed","ping_status":"closed","template":"","meta":{"_et_pb_use_builder":"on","_et_pb_old_content":"","_et_gb_content_width":"","footnotes":""},"class_list":["post-4576","page","type-page","status-publish","hentry"],"_links":{"self":[{"href":"https:\/\/www.ernesto-vargas.com\/shop\/wp-json\/wp\/v2\/pages\/4576","targetHints":{"allow":["GET"]}}],"collection":[{"href":"https:\/\/www.ernesto-vargas.com\/shop\/wp-json\/wp\/v2\/pages"}],"about":[{"href":"https:\/\/www.ernesto-vargas.com\/shop\/wp-json\/wp\/v2\/types\/page"}],"author":[{"embeddable":true,"href":"https:\/\/www.ernesto-vargas.com\/shop\/wp-json\/wp\/v2\/users\/1"}],"replies":[{"embeddable":true,"href":"https:\/\/www.ernesto-vargas.com\/shop\/wp-json\/wp\/v2\/comments?post=4576"}],"version-history":[{"count":0,"href":"https:\/\/www.ernesto-vargas.com\/shop\/wp-json\/wp\/v2\/pages\/4576\/revisions"}],"wp:attachment":[{"href":"https:\/\/www.ernesto-vargas.com\/shop\/wp-json\/wp\/v2\/media?parent=4576"}],"curies":[{"name":"wp","href":"https:\/\/api.w.org\/{rel}","templated":true}]}}