{"id":4588,"date":"2017-06-07T15:07:19","date_gmt":"2017-06-07T13:07:19","guid":{"rendered":"http:\/\/www.ernesto-vargas.com\/shop\/?page_id=4588"},"modified":"2018-06-05T16:20:47","modified_gmt":"2018-06-05T14:20:47","slug":"groessentabelle-oberteile","status":"publish","type":"page","link":"https:\/\/www.ernesto-vargas.com\/shop\/groessentabelle-oberteile\/","title":{"rendered":"Gr\u00f6ssentabelle Oberteile"},"content":{"rendered":"<p>[et_pb_section bb_built=&#8221;1&#8243; admin_label=&#8221;section&#8221;][et_pb_row admin_label=&#8221;row&#8221; allow_player_pause=&#8221;off&#8221; parallax=&#8221;off&#8221; parallax_method=&#8221;on&#8221; parallax_1=&#8221;off&#8221; parallax_method_1=&#8221;off&#8221; make_fullwidth=&#8221;on&#8221; use_custom_width=&#8221;off&#8221; width_unit=&#8221;on&#8221; use_custom_gutter=&#8221;off&#8221; make_equal=&#8221;off&#8221;][et_pb_column type=&#8221;4_4&#8243;][et_pb_text admin_label=&#8221;Text&#8221; background_layout=&#8221;light&#8221; text_orientation=&#8221;left&#8221; use_border_color=&#8221;off&#8221; border_color=&#8221;#ffffff&#8221; border_style=&#8221;solid&#8221;]<\/p>\n<h1 style=\"text-align: center;\">Gr\u00f6ssentabelle Oberbekleidung<\/h1>\n<hr \/>\n<p style=\"text-align: center;\">Die Ernesto Vargas Gr\u00f6ssen entsprechen den Bestellgr\u00f6ssen im Online Shop. S\u00e4mtliche Zahlenangaben sind in cm.<\/p>\n<p>[\/et_pb_text][et_pb_code admin_label=&#8221;Code&#8221;]\n<table id=\"tablepress-2\" class=\"tablepress tablepress-id-2\">\n<tbody class=\"row-striping row-hover\">\n<tr class=\"row-1\">\n\t<td class=\"column-1\">Brustumfang<\/td><td class=\"column-2\">86-87<\/td><td class=\"column-3\">88-90<\/td><td class=\"column-4\">91-93<\/td><td class=\"column-5\">94-97<\/td><td class=\"column-6\">98-101<\/td><td class=\"column-7\">102-105<\/td><td class=\"column-8\">106-109<\/td><td class=\"column-9\">110-113<\/td><td class=\"column-10\">114-117<\/td><td class=\"column-11\">118-122<\/td><td class=\"column-12\">123-127<\/td>\n<\/tr>\n<\/tbody>\n<tfoot>\n<tr class=\"row-2\">\n\t<th class=\"column-1\">Ernesto Vargas Gr\u00f6ssen<\/th><th class=\"column-2\">XS<\/th><th class=\"column-3\">S<\/th><th class=\"column-4\">S<\/th><th class=\"column-5\">M<\/th><th class=\"column-6\">M<\/th><th class=\"column-7\">L<\/th><th class=\"column-8\">L<\/th><th class=\"column-9\">XL<\/th><th class=\"column-10\">XL<\/th><th class=\"column-11\">2XL<\/th><th class=\"column-12\">3XL<\/th>\n<\/tr>\n<\/tfoot>\n<\/table>\n[\/et_pb_code][\/et_pb_column][\/et_pb_row][et_pb_row admin_label=&#8221;Row&#8221;][et_pb_column type=&#8221;4_4&#8243;][et_pb_divider admin_label=&#8221;Divider&#8221; show_divider=&#8221;off&#8221; color=&#8221;#ffffff&#8221; divider_style=&#8221;solid&#8221; divider_position=&#8221;top&#8221; height=&#8221;100&#8243; hide_on_mobile=&#8221;on&#8221; \/][\/et_pb_column][\/et_pb_row][\/et_pb_section]<\/p>\n","protected":false},"excerpt":{"rendered":"<p>Gr\u00f6ssentabelle Oberbekleidung Die Ernesto Vargas Gr\u00f6ssen entsprechen den Bestellgr\u00f6ssen im Online Shop. S\u00e4mtliche Zahlenangaben sind in cm. \n<table id=\"tablepress-2-no-2\" class=\"tablepress tablepress-id-2\">\n<tbody class=\"row-striping row-hover\">\n<tr class=\"row-1\">\n\t<td class=\"column-1\">Brustumfang<\/td><td class=\"column-2\">86-87<\/td><td class=\"column-3\">88-90<\/td><td class=\"column-4\">91-93<\/td><td class=\"column-5\">94-97<\/td><td class=\"column-6\">98-101<\/td><td class=\"column-7\">102-105<\/td><td class=\"column-8\">106-109<\/td><td class=\"column-9\">110-113<\/td><td class=\"column-10\">114-117<\/td><td class=\"column-11\">118-122<\/td><td class=\"column-12\">123-127<\/td>\n<\/tr>\n<\/tbody>\n<tfoot>\n<tr class=\"row-2\">\n\t<th class=\"column-1\">Ernesto Vargas Gr\u00f6ssen<\/th><th class=\"column-2\">XS<\/th><th class=\"column-3\">S<\/th><th class=\"column-4\">S<\/th><th class=\"column-5\">M<\/th><th class=\"column-6\">M<\/th><th class=\"column-7\">L<\/th><th class=\"column-8\">L<\/th><th class=\"column-9\">XL<\/th><th class=\"column-10\">XL<\/th><th class=\"column-11\">2XL<\/th><th class=\"column-12\">3XL<\/th>\n<\/tr>\n<\/tfoot>\n<\/table>\n<\/p>\n","protected":false},"author":1,"featured_media":0,"parent":0,"menu_order":0,"comment_status":"closed","ping_status":"closed","template":"","meta":{"_et_pb_use_builder":"on","_et_pb_old_content":"","_et_gb_content_width":"","footnotes":""},"class_list":["post-4588","page","type-page","status-publish","hentry"],"_links":{"self":[{"href":"https:\/\/www.ernesto-vargas.com\/shop\/wp-json\/wp\/v2\/pages\/4588","targetHints":{"allow":["GET"]}}],"collection":[{"href":"https:\/\/www.ernesto-vargas.com\/shop\/wp-json\/wp\/v2\/pages"}],"about":[{"href":"https:\/\/www.ernesto-vargas.com\/shop\/wp-json\/wp\/v2\/types\/page"}],"author":[{"embeddable":true,"href":"https:\/\/www.ernesto-vargas.com\/shop\/wp-json\/wp\/v2\/users\/1"}],"replies":[{"embeddable":true,"href":"https:\/\/www.ernesto-vargas.com\/shop\/wp-json\/wp\/v2\/comments?post=4588"}],"version-history":[{"count":0,"href":"https:\/\/www.ernesto-vargas.com\/shop\/wp-json\/wp\/v2\/pages\/4588\/revisions"}],"wp:attachment":[{"href":"https:\/\/www.ernesto-vargas.com\/shop\/wp-json\/wp\/v2\/media?parent=4588"}],"curies":[{"name":"wp","href":"https:\/\/api.w.org\/{rel}","templated":true}]}}