{"id":17092,"date":"2019-03-18T07:59:50","date_gmt":"2019-03-18T06:59:50","guid":{"rendered":"https:\/\/www.ernesto-vargas.com\/shop\/?post_type=product&#038;p=17092"},"modified":"2022-11-14T17:57:06","modified_gmt":"2022-11-14T16:57:06","slug":"sicherheitsschuh-k5-ca","status":"publish","type":"product","link":"https:\/\/www.ernesto-vargas.com\/shop\/product\/sicherheitsschuh-k5-ca\/","title":{"rendered":"Sicherheitsschuh K5 CA S3"},"content":{"rendered":"<p>GEWICHT: 590 g<br \/>\nGR\u00d6SSEN: 39-48<br \/>\nOBERMATERIAL: CORDURA\u00ae und Textil INNENFUTTER: Textil<br \/>\nSCHUTZKAPPE: Ja, Aluminium<br \/>\nSOHLE: Langlebig, rutschfest, TPU, \u00f6l-, benzin- und hitzeresistent sowie k\u00e4lteisolierend, antibakteriell VERSCHLUSS: Klassische Schn\u00fcrung WASSERDICHT: Ja<br \/>\nDURCHTRITTSICHER: Ja<br \/>\nESD: Ja<br \/>\nMETALLFREI: Nein<\/p>\n","protected":false},"excerpt":{"rendered":"<p>DIN EN ISO 20345:2011 S3 SRC<\/p>\n","protected":false},"featured_media":19626,"template":"","meta":{"_et_pb_use_builder":"","_et_pb_old_content":"","_et_gb_content_width":""},"product_brand":[],"product_cat":[99,498,223,72,222],"product_tag":[499],"class_list":{"0":"post-17092","1":"product","2":"type-product","3":"status-publish","4":"has-post-thumbnail","6":"product_cat-fp","7":"product_cat-hks","8":"product_cat-s3","9":"product_cat-schuhe","10":"product_cat-sicherheitsschuhe","11":"product_tag-din-en-iso-203452011-s3-src","12":"pa_farbe-schwarz-rot","14":"first","15":"instock","16":"taxable","17":"shipping-taxable","18":"purchasable","19":"product-type-variable"},"_links":{"self":[{"href":"https:\/\/www.ernesto-vargas.com\/shop\/wp-json\/wp\/v2\/product\/17092","targetHints":{"allow":["GET"]}}],"collection":[{"href":"https:\/\/www.ernesto-vargas.com\/shop\/wp-json\/wp\/v2\/product"}],"about":[{"href":"https:\/\/www.ernesto-vargas.com\/shop\/wp-json\/wp\/v2\/types\/product"}],"wp:featuredmedia":[{"embeddable":true,"href":"https:\/\/www.ernesto-vargas.com\/shop\/wp-json\/wp\/v2\/media\/19626"}],"wp:attachment":[{"href":"https:\/\/www.ernesto-vargas.com\/shop\/wp-json\/wp\/v2\/media?parent=17092"}],"wp:term":[{"taxonomy":"product_brand","embeddable":true,"href":"https:\/\/www.ernesto-vargas.com\/shop\/wp-json\/wp\/v2\/product_brand?post=17092"},{"taxonomy":"product_cat","embeddable":true,"href":"https:\/\/www.ernesto-vargas.com\/shop\/wp-json\/wp\/v2\/product_cat?post=17092"},{"taxonomy":"product_tag","embeddable":true,"href":"https:\/\/www.ernesto-vargas.com\/shop\/wp-json\/wp\/v2\/product_tag?post=17092"}],"curies":[{"name":"wp","href":"https:\/\/api.w.org\/{rel}","templated":true}]}}