{"id":19587,"date":"2019-03-28T12:06:36","date_gmt":"2019-03-28T11:06:36","guid":{"rendered":"https:\/\/www.ernesto-vargas.com\/shop\/?post_type=product&#038;p=19587"},"modified":"2023-04-13T10:01:59","modified_gmt":"2023-04-13T08:01:59","slug":"kapuzenjacke-williamsburg","status":"publish","type":"product","link":"https:\/\/www.ernesto-vargas.com\/shop\/product\/kapuzenjacke-williamsburg\/","title":{"rendered":"Kapuzenjacke Williamsburg"},"content":{"rendered":"<p class=\"p1\">Diese l\u00e4ssige Kapuzenjacke ist modisch genug f\u00fcr die Arbeit und stylisch zugleich f\u00fcr den Bummel durch die Grossstadt. \u201eStyle\u201c war hier das Schl\u00fcsselwort f\u00fcr das Design-Team von Nimbus Nordic. Ein moderner Raglanschnitt, breite Kordelz\u00fcge und ein Ledergriff am YKK-Reissverschluss sind das Ergebnis. Die langfaserige, t\u00fcrkische Baumwolle und die geb\u00fcrstete Innenseite sorgen f\u00fcr ein behagliches Tragegef\u00fchl.<\/p>\n<p><strong>Material<\/strong>: 95% Baumwolle\/ 5% Elasthan, 310 g\/m\u00b2<\/p>\n<p class=\"p1\"><strong>Farben: <\/strong>Navy, Schwarz, Grau-meliert, Olive<\/p>\n","protected":false},"excerpt":{"rendered":"<p>Diese l\u00e4ssige Kapuzenjacke ist modisch genug f\u00fcr die Arbeit und zugleich stylisch f\u00fcr den Bummel durch die Stadt. Die sehr aufw\u00e4ndig verarbeitete Kapuzenjacke mit Lederaccessoires ist mit einem hochwertigen Metallreissverschluss von YKK\u00ae ausger\u00fcstet. Auch sehr beliebt als Mitarbeitergeschenk.<\/p>\n","protected":false},"featured_media":19616,"template":"","meta":{"_et_pb_use_builder":"","_et_pb_old_content":"","_et_gb_content_width":""},"product_brand":[],"product_cat":[99,760,519,64],"product_tag":[651,831,855,838,783,93,790,832,792,856,784,795],"class_list":{"0":"post-19587","1":"product","2":"type-product","3":"status-publish","4":"has-post-thumbnail","6":"product_cat-fp","7":"product_cat-kapuzenpullover","8":"product_cat-nimbus-nordic","9":"product_cat-pullover","10":"product_tag-angeraute-innenseite","11":"product_tag-blautoene","12":"product_tag-ganzer-reissverschluss","13":"product_tag-grautoene","14":"product_tag-herren","15":"product_tag-kapuze","16":"product_tag-mischware","17":"product_tag-schwarztoene","18":"product_tag-schwer","19":"product_tag-seitentaschen","20":"product_tag-waschbar-unter-60c","21":"product_tag-ykk-reissverschluesse","22":"pa_oberbekleidung-groesse-4xl","23":"pa_oberbekleidung-groesse-l","24":"pa_oberbekleidung-groesse-m","25":"pa_oberbekleidung-groesse-s","26":"pa_oberbekleidung-groesse-xl","27":"pa_oberbekleidung-groesse-xxl","28":"pa_oberbekleidung-groesse-xxxl","30":"first","31":"instock","32":"taxable","33":"shipping-taxable","34":"purchasable","35":"product-type-variable"},"_links":{"self":[{"href":"https:\/\/www.ernesto-vargas.com\/shop\/wp-json\/wp\/v2\/product\/19587","targetHints":{"allow":["GET"]}}],"collection":[{"href":"https:\/\/www.ernesto-vargas.com\/shop\/wp-json\/wp\/v2\/product"}],"about":[{"href":"https:\/\/www.ernesto-vargas.com\/shop\/wp-json\/wp\/v2\/types\/product"}],"wp:featuredmedia":[{"embeddable":true,"href":"https:\/\/www.ernesto-vargas.com\/shop\/wp-json\/wp\/v2\/media\/19616"}],"wp:attachment":[{"href":"https:\/\/www.ernesto-vargas.com\/shop\/wp-json\/wp\/v2\/media?parent=19587"}],"wp:term":[{"taxonomy":"product_brand","embeddable":true,"href":"https:\/\/www.ernesto-vargas.com\/shop\/wp-json\/wp\/v2\/product_brand?post=19587"},{"taxonomy":"product_cat","embeddable":true,"href":"https:\/\/www.ernesto-vargas.com\/shop\/wp-json\/wp\/v2\/product_cat?post=19587"},{"taxonomy":"product_tag","embeddable":true,"href":"https:\/\/www.ernesto-vargas.com\/shop\/wp-json\/wp\/v2\/product_tag?post=19587"}],"curies":[{"name":"wp","href":"https:\/\/api.w.org\/{rel}","templated":true}]}}