{"id":21804,"date":"2019-11-12T16:01:33","date_gmt":"2019-11-12T15:01:33","guid":{"rendered":"https:\/\/www.ernesto-vargas.com\/shop\/?post_type=product&#038;p=21804"},"modified":"2023-04-24T16:50:42","modified_gmt":"2023-04-24T14:50:42","slug":"handschuh-multiflex-plus-1104","status":"publish","type":"product","link":"https:\/\/www.ernesto-vargas.com\/shop\/product\/handschuh-multiflex-plus-1104\/","title":{"rendered":"Handschuh MultiFlex Plus 1104"},"content":{"rendered":"<div id=\"attachment_21890\" style=\"width: 160px\" class=\"wp-caption alignleft\"><img decoding=\"async\" aria-describedby=\"caption-attachment-21890\" class=\"wp-image-21890\" src=\"https:\/\/www.ernesto-vargas.com\/shop\/wp-content\/uploads\/2019\/11\/EN388.jpg\" alt=\"EN388\" width=\"150\" height=\"171\" \/><p id=\"caption-attachment-21890\" class=\"wp-caption-text\">EN 388: Schutzhandschuhe gegen mechanische Risiken<\/p><\/div>\n<p>Hochwertiger Feinstrickhandschuh aus robustem Lycra Gewebe, mit \u00f6lbest\u00e4ndiger, atmungsaktiver Nitril-Mikroschaumbeschichtung und feinen Nitrilnoppen auf der Innenhand. Die Noppen bieten eine hohe Abriebfestigkeit und sch\u00fctzen die restliche Beschichtung vor fr\u00fchzeitigem Verschleiss. Geeignet f\u00fcr lange Einsatzzeiten mit einer hohen abrasiven Belastung.<\/p>\n<p><strong>Paarweise verpackt im Polybeutel.<\/strong><\/p>\n<p>GR\u00d6SSEN: S-XXL<\/p>\n<p>ZERTIFIZIERUNG: CE EN 388 CAT. II &#8211; 4131, CE EN 420<\/p>\n","protected":false},"excerpt":{"rendered":"<p><span style=\"display: inline !important; float: none; background-color: #ffffff; color: #666666; cursor: text; font-family: 'Open Sans',Arial,sans-serif; font-size: 14px; font-style: normal; font-variant: normal; font-weight: 500; letter-spacing: normal; orphans: 2; text-align: left; text-decoration: none; text-indent: 0px; text-transform: none; -webkit-text-stroke-width: 0px; white-space: normal; word-spacing: 0px;\">Der Name ist Programm. Vielseitig einsetzbar, robuste Beschichtung, exzellente Passform, sehr gutes Tastgef\u00fchl und rutschfest. Im Vergleich zum MULTIFLEX Handschuh ist der MULTIFLEX PLUS mit Feinen Nitrilnoppen auf der Innenhand versehen. Die Noppen bieten eine hohe Abriebfestigkeit und sch\u00fctzen die restliche Beschichtung vor fr\u00fchzeitigem Verschleiss.\u00a0<\/span><\/p>\n","protected":false},"featured_media":21812,"template":"","meta":{"_et_pb_use_builder":"","_et_pb_old_content":"","_et_gb_content_width":""},"product_brand":[],"product_cat":[591,593,592],"product_tag":[594,614,615,633],"class_list":{"0":"post-21804","1":"product","2":"type-product","3":"status-publish","4":"has-post-thumbnail","6":"product_cat-handschuhe","7":"product_cat-sommerhandschuhe","8":"product_cat-supra","9":"product_tag-ce-en-388-cat-ii-4131","10":"product_tag-ce-en-420","11":"product_tag-hochwertiger-feinstrickhandschuh","12":"product_tag-nitrilnoppen","13":"pa_oberbekleidung-groesse-l","14":"pa_oberbekleidung-groesse-m","15":"pa_oberbekleidung-groesse-s","16":"pa_oberbekleidung-groesse-xl","17":"pa_oberbekleidung-groesse-xxl","19":"first","20":"instock","21":"taxable","22":"shipping-taxable","23":"purchasable","24":"product-type-variable"},"_links":{"self":[{"href":"https:\/\/www.ernesto-vargas.com\/shop\/wp-json\/wp\/v2\/product\/21804","targetHints":{"allow":["GET"]}}],"collection":[{"href":"https:\/\/www.ernesto-vargas.com\/shop\/wp-json\/wp\/v2\/product"}],"about":[{"href":"https:\/\/www.ernesto-vargas.com\/shop\/wp-json\/wp\/v2\/types\/product"}],"wp:featuredmedia":[{"embeddable":true,"href":"https:\/\/www.ernesto-vargas.com\/shop\/wp-json\/wp\/v2\/media\/21812"}],"wp:attachment":[{"href":"https:\/\/www.ernesto-vargas.com\/shop\/wp-json\/wp\/v2\/media?parent=21804"}],"wp:term":[{"taxonomy":"product_brand","embeddable":true,"href":"https:\/\/www.ernesto-vargas.com\/shop\/wp-json\/wp\/v2\/product_brand?post=21804"},{"taxonomy":"product_cat","embeddable":true,"href":"https:\/\/www.ernesto-vargas.com\/shop\/wp-json\/wp\/v2\/product_cat?post=21804"},{"taxonomy":"product_tag","embeddable":true,"href":"https:\/\/www.ernesto-vargas.com\/shop\/wp-json\/wp\/v2\/product_tag?post=21804"}],"curies":[{"name":"wp","href":"https:\/\/api.w.org\/{rel}","templated":true}]}}