{"id":21999,"date":"2019-11-18T08:34:01","date_gmt":"2019-11-18T07:34:01","guid":{"rendered":"https:\/\/www.ernesto-vargas.com\/shop\/?post_type=product&#038;p=21999"},"modified":"2022-11-02T13:46:41","modified_gmt":"2022-11-02T12:46:41","slug":"switcher-herren-zip-sweatshirt-oslo","status":"publish","type":"product","link":"https:\/\/www.ernesto-vargas.com\/product\/switcher-herren-zip-sweatshirt-oslo\/","title":{"rendered":"Switcher Herren Zip Sweatshirt Oslo"},"content":{"rendered":"<p>Klassisches Sweatshirt aus pflegeleichter Baumwoll-Polyester-Mischung f\u00fcr h\u00f6chste Anspr\u00fcche.<\/p>\n<ul>\n<li>Nackenband, Doppelnaht an Arm und Bund<\/li>\n<li>Set-in \u00c4rmel<\/li>\n<li>Maschenware 70 % Baumwolle \/ 30% recyceltes Polyester, 300 g\/m2<\/li>\n<li>Flauschig angeraute Innenseite<\/li>\n<li>Ausr\u00fcstung: Einlaufvorbehandelt<\/li>\n<\/ul>\n<p>GR\u00d6SSEN: XS-XXXL<\/p>\n<p>ZERTIFIZIERUNG: OEKO-TEX, VEGAN, NATURE ENERGY<\/p>\n","protected":false},"excerpt":{"rendered":"<p>Klassisches Sweatshirt aus pflegeleichter Baumwoll-Polyester-Mischung f\u00fcr h\u00f6chste Anspr\u00fcche von SWITCHER. Mit 1\/4 Reissverschluss und Stehkragen.<\/p>\n","protected":false},"featured_media":38276,"template":"","meta":{"_acf_changed":false},"product_brand":[],"product_cat":[99,64,625,624],"product_tag":[732,847,651,831,842,839,783,790,542,834,832,792,833,850],"class_list":{"0":"post-21999","1":"product","2":"type-product","3":"status-publish","4":"has-post-thumbnail","6":"product_cat-fp","7":"product_cat-pullover","8":"product_cat-sweatshirt","9":"product_cat-switcher","10":"product_tag-1-4-reissverschluss","11":"product_tag-3xl","12":"product_tag-angeraute-innenseite","13":"product_tag-blautoene","14":"product_tag-brauntoene","15":"product_tag-gruentoene","16":"product_tag-herren","17":"product_tag-mischware","18":"product_tag-oeko-tex-standard-100","19":"product_tag-rottoene","20":"product_tag-schwarztoene","21":"product_tag-schwer","22":"product_tag-weisstoene","23":"product_tag-xs","24":"pa_oberbekleidung-groesse-l","25":"pa_oberbekleidung-groesse-m","26":"pa_oberbekleidung-groesse-s","27":"pa_oberbekleidung-groesse-xl","28":"pa_oberbekleidung-groesse-xs","29":"pa_oberbekleidung-groesse-xxl","30":"pa_oberbekleidung-groesse-xxxl","32":"first","33":"instock","34":"taxable","35":"shipping-taxable","36":"purchasable","37":"product-type-variable"},"acf":[],"_links":{"self":[{"href":"https:\/\/www.ernesto-vargas.com\/wp-json\/wp\/v2\/product\/21999","targetHints":{"allow":["GET"]}}],"collection":[{"href":"https:\/\/www.ernesto-vargas.com\/wp-json\/wp\/v2\/product"}],"about":[{"href":"https:\/\/www.ernesto-vargas.com\/wp-json\/wp\/v2\/types\/product"}],"wp:featuredmedia":[{"embeddable":true,"href":"https:\/\/www.ernesto-vargas.com\/wp-json\/wp\/v2\/media\/38276"}],"wp:attachment":[{"href":"https:\/\/www.ernesto-vargas.com\/wp-json\/wp\/v2\/media?parent=21999"}],"wp:term":[{"taxonomy":"product_brand","embeddable":true,"href":"https:\/\/www.ernesto-vargas.com\/wp-json\/wp\/v2\/product_brand?post=21999"},{"taxonomy":"product_cat","embeddable":true,"href":"https:\/\/www.ernesto-vargas.com\/wp-json\/wp\/v2\/product_cat?post=21999"},{"taxonomy":"product_tag","embeddable":true,"href":"https:\/\/www.ernesto-vargas.com\/wp-json\/wp\/v2\/product_tag?post=21999"}],"curies":[{"name":"wp","href":"https:\/\/api.w.org\/{rel}","templated":true}]}}