{"id":22091,"date":"2019-11-18T10:53:47","date_gmt":"2019-11-18T09:53:47","guid":{"rendered":"https:\/\/www.ernesto-vargas.com\/shop\/?post_type=product&#038;p=22091"},"modified":"2022-11-02T13:45:22","modified_gmt":"2022-11-02T12:45:22","slug":"switcher-herren-sweatshirt-stockholm","status":"publish","type":"product","link":"https:\/\/www.ernesto-vargas.com\/shop\/product\/switcher-herren-sweatshirt-stockholm\/","title":{"rendered":"Switcher Herren Sweatshirt Stockholm"},"content":{"rendered":"<p>Klassisches Kasak Sweatshirt aus pflegeleichter Baumwoll-Polyester Mischung f\u00fcr h\u00f6chste Anspr\u00fcche. Sehr beliebtes Pullover ohne B\u00fcndchen am Saum.<\/p>\n<ul>\n<li>Nackenband, Doppelnaht an Arm und Bund<\/li>\n<li>Set-in \u00c4rmel<\/li>\n<li>Seitenschlitz am Bund<\/li>\n<li>Maschenware 70 % Baumwolle \/ 30% recyceltes Polyester, 300 g\/m2<\/li>\n<li>Flauschig angeraute Innenseite<\/li>\n<li>Ausr\u00fcstung \u2013 Einlaufvorbehandelt<\/li>\n<\/ul>\n<p>&nbsp;<\/p>\n<p>GR\u00d6SSEN: XS-5XL<\/p>\n<p>ZERTIFIZIERUNG: OEKO-TEX, VEGAN, NATURE ENERGY<\/p>\n","protected":false},"excerpt":{"rendered":"<p>Sehr beliebstes Sweatshirt von Switcher, da es kein B\u00fcnchen am Saum hat. Aus pflegeleichter Baumwoll-Polyester-Mischung f\u00fcr h\u00f6chste Anspr\u00fcche.<\/p>\n","protected":false},"featured_media":38283,"template":"","meta":{"_et_pb_use_builder":"","_et_pb_old_content":"","_et_gb_content_width":""},"product_brand":[],"product_cat":[99,64,625,624],"product_tag":[846,441,651,831,838,783,790,542,832,792,833,850],"class_list":{"0":"post-22091","1":"product","2":"type-product","3":"status-publish","4":"has-post-thumbnail","6":"product_cat-fp","7":"product_cat-pullover","8":"product_cat-sweatshirt","9":"product_cat-switcher","10":"product_tag-3xl-4xl","11":"product_tag-5xl","12":"product_tag-angeraute-innenseite","13":"product_tag-blautoene","14":"product_tag-grautoene","15":"product_tag-herren","16":"product_tag-mischware","17":"product_tag-oeko-tex-standard-100","18":"product_tag-schwarztoene","19":"product_tag-schwer","20":"product_tag-weisstoene","21":"product_tag-xs","22":"pa_oberbekleidung-groesse-4xl","23":"pa_oberbekleidung-groesse-5xl","24":"pa_oberbekleidung-groesse-l","25":"pa_oberbekleidung-groesse-m","26":"pa_oberbekleidung-groesse-s","27":"pa_oberbekleidung-groesse-xl","28":"pa_oberbekleidung-groesse-xs","29":"pa_oberbekleidung-groesse-xxl","30":"pa_oberbekleidung-groesse-xxxl","32":"first","33":"instock","34":"taxable","35":"shipping-taxable","36":"purchasable","37":"product-type-variable"},"_links":{"self":[{"href":"https:\/\/www.ernesto-vargas.com\/shop\/wp-json\/wp\/v2\/product\/22091","targetHints":{"allow":["GET"]}}],"collection":[{"href":"https:\/\/www.ernesto-vargas.com\/shop\/wp-json\/wp\/v2\/product"}],"about":[{"href":"https:\/\/www.ernesto-vargas.com\/shop\/wp-json\/wp\/v2\/types\/product"}],"wp:featuredmedia":[{"embeddable":true,"href":"https:\/\/www.ernesto-vargas.com\/shop\/wp-json\/wp\/v2\/media\/38283"}],"wp:attachment":[{"href":"https:\/\/www.ernesto-vargas.com\/shop\/wp-json\/wp\/v2\/media?parent=22091"}],"wp:term":[{"taxonomy":"product_brand","embeddable":true,"href":"https:\/\/www.ernesto-vargas.com\/shop\/wp-json\/wp\/v2\/product_brand?post=22091"},{"taxonomy":"product_cat","embeddable":true,"href":"https:\/\/www.ernesto-vargas.com\/shop\/wp-json\/wp\/v2\/product_cat?post=22091"},{"taxonomy":"product_tag","embeddable":true,"href":"https:\/\/www.ernesto-vargas.com\/shop\/wp-json\/wp\/v2\/product_tag?post=22091"}],"curies":[{"name":"wp","href":"https:\/\/api.w.org\/{rel}","templated":true}]}}