{"id":29737,"date":"2020-11-13T16:17:55","date_gmt":"2020-11-13T15:17:55","guid":{"rendered":"https:\/\/www.ernesto-vargas.com\/shop\/?post_type=product&#038;p=29737"},"modified":"2022-10-31T11:24:29","modified_gmt":"2022-10-31T10:24:29","slug":"mascot-accelerate-safe-damen-winterjacke","status":"publish","type":"product","link":"https:\/\/www.ernesto-vargas.com\/shop\/product\/mascot-accelerate-safe-damen-winterjacke\/","title":{"rendered":"MASCOT\u00ae ACCELERATE SAFE Damen Winterjacke 19045"},"content":{"rendered":"<div id=\"Usp\">\n<p><img decoding=\"async\" class=\"alignnone size-medium wp-image-29739\" src=\"https:\/\/www.ernesto-vargas.com\/shop\/wp-content\/uploads\/2020\/11\/scr-6-540x136.png\" alt=\"\" width=\"540\" height=\"136\" \/><\/p>\n<ul>\n<li>Speziell f\u00fcr Damen designt und tailliert geschnitten.<\/li>\n<li>Die einzigartige CLIMASCOT\u00ae-Isolierung w\u00e4rmt effektiv, ist leicht, weich und l\u00e4sst sich auf ein geringes Volumen komprimieren.<\/li>\n<li>Atmungsaktiv, wind- und wasserdicht mit getapten N\u00e4hten.<\/li>\n<li>Verschluss mit wasserdichtem Ressverschluss und inwendiger Wetterschutzleiste.<\/li>\n<li>Brusttasche mit wasserdichtem Reissverschluss.<\/li>\n<li>Vordertaschen mit wasserdichten Reissverschl\u00fcssen.<\/li>\n<li>Verl\u00e4ngerter R\u00fccken durch herunter kn\u00f6pfbaren Stoff zum besseren Schutz vor Wind und Wetter.<\/li>\n<\/ul>\n<p>MATERIAL: 100% Polyester, 210 g\/m\u00b2<\/p>\n<p>GR\u00d6SSEN: XS-5XL<\/p>\n<p>MAXIMALE WASCHTEMPERATUR:<span class=\"tooltiptext\"> 40\u00b0 C<\/span><\/p>\n<p><img decoding=\"async\" class=\"alignnone size-medium wp-image-29740\" src=\"https:\/\/www.ernesto-vargas.com\/shop\/wp-content\/uploads\/2020\/11\/zert-4-540x209.png\" alt=\"\" width=\"540\" height=\"209\" \/><\/p>\n<p>ZERTIFIZIERUNGEN:<\/p>\n<ul class=\"certification-text\">\n<li class=\"\">Oeko-Tex\u00ae Standard 100<\/li>\n<li class=\"\">EN ISO 20471 &#8211; Klasse 3<\/li>\n<li class=\"\">EN ISO 20471 &#8211; Klasse 2 (XS-M)<\/li>\n<li class=\"\">Hi-Vis Gruppe A<\/li>\n<li class=\"\">EN 342 3\/WP (2.01 clo)<\/li>\n<li class=\"\">EN 343 4-1-X :2019<\/li>\n<\/ul>\n<\/div>\n","protected":false},"excerpt":{"rendered":"<p>Die MASCOT\u00ae ACCELERATE SAFE Damen Winterjacke ist Speziell f\u00fcr Damen designt und tailliert geschnitten. Sie w\u00e4rmt effektiv, ist leicht, weich und l\u00e4sst sich auf ein geringes Volumen komprimieren. Dazu ist die Jacke atmungsaktiv, wind- und wasserdicht und hat Brust- und Vordertaschen mit wasserdichtem Reissverschluss. Der verl\u00e4ngerte R\u00fccken durch herunter kn\u00f6pfbaren Stoff dient zum besseren Schutz vor Wind und Wetter.<\/p>\n<p><strong>Erh\u00e4ltlich ab Dezember 2020<\/strong><\/p>\n","protected":false},"featured_media":29828,"template":"","meta":{"_et_pb_use_builder":"","_et_pb_old_content":"","_et_gb_content_width":""},"product_brand":[],"product_cat":[758,73,99,443,76],"product_tag":[807,483,805,806,177,787,788,786,779,789,93,646,542,776,782,818,784,91,780,747,819],"class_list":{"0":"post-29737","1":"product","2":"type-product","3":"status-publish","4":"has-post-thumbnail","6":"product_cat-accelerate-safe","7":"product_cat-arbeitsjacken","8":"product_cat-fp","9":"product_cat-mascot","10":"product_cat-winterjacken","11":"product_tag-damen","12":"product_tag-en-iso-20471-klasse-3","13":"product_tag-en-iso-342","14":"product_tag-en-iso-343-4-1","15":"product_tag-handytasche","16":"product_tag-hi-vis-gelb","17":"product_tag-hi-vis-orange","18":"product_tag-hi-vis-rot","19":"product_tag-hohe-atmungsaktivitaet","20":"product_tag-id-kartenhalter","21":"product_tag-kapuze","22":"product_tag-leicht","23":"product_tag-oeko-tex-standard-100","24":"product_tag-polyester-recyceltes-polyester","25":"product_tag-reflex-streifen","26":"product_tag-verlaengertes-rueckenteil","27":"product_tag-waschbar-unter-60c","28":"product_tag-wasserdicht","29":"product_tag-wasserdichter-reissverschluss","30":"product_tag-winddicht","31":"product_tag-winter","33":"first","34":"instock","35":"taxable","36":"shipping-taxable","37":"purchasable","38":"product-type-variable"},"_links":{"self":[{"href":"https:\/\/www.ernesto-vargas.com\/shop\/wp-json\/wp\/v2\/product\/29737","targetHints":{"allow":["GET"]}}],"collection":[{"href":"https:\/\/www.ernesto-vargas.com\/shop\/wp-json\/wp\/v2\/product"}],"about":[{"href":"https:\/\/www.ernesto-vargas.com\/shop\/wp-json\/wp\/v2\/types\/product"}],"wp:featuredmedia":[{"embeddable":true,"href":"https:\/\/www.ernesto-vargas.com\/shop\/wp-json\/wp\/v2\/media\/29828"}],"wp:attachment":[{"href":"https:\/\/www.ernesto-vargas.com\/shop\/wp-json\/wp\/v2\/media?parent=29737"}],"wp:term":[{"taxonomy":"product_brand","embeddable":true,"href":"https:\/\/www.ernesto-vargas.com\/shop\/wp-json\/wp\/v2\/product_brand?post=29737"},{"taxonomy":"product_cat","embeddable":true,"href":"https:\/\/www.ernesto-vargas.com\/shop\/wp-json\/wp\/v2\/product_cat?post=29737"},{"taxonomy":"product_tag","embeddable":true,"href":"https:\/\/www.ernesto-vargas.com\/shop\/wp-json\/wp\/v2\/product_tag?post=29737"}],"curies":[{"name":"wp","href":"https:\/\/api.w.org\/{rel}","templated":true}]}}