{"id":29982,"date":"2020-11-17T09:23:29","date_gmt":"2020-11-17T08:23:29","guid":{"rendered":"https:\/\/www.ernesto-vargas.com\/shop\/?post_type=product&#038;p=29982"},"modified":"2022-10-31T11:14:25","modified_gmt":"2022-10-31T10:14:25","slug":"mascot-accelerate-safe-kapuzenpullover","status":"publish","type":"product","link":"https:\/\/www.ernesto-vargas.com\/shop\/product\/mascot-accelerate-safe-kapuzenpullover\/","title":{"rendered":"MASCOT\u00ae ACCELERATE SAFE Kapuzenpullover 19284"},"content":{"rendered":"<div id=\"Usp\">\n<div id=\"Usp\">\n<p><img decoding=\"async\" class=\"alignnone size-full wp-image-30058\" src=\"https:\/\/www.ernesto-vargas.com\/shop\/wp-content\/uploads\/2020\/11\/scr-8.png\" alt=\"\" width=\"144\" height=\"142\" \/><\/p>\n<ul>\n<li>Bei diesem Gewebe liegt Polyester auf der Aussenseite f\u00fcr mehr Strapazierf\u00e4higkeit sowie Farbechtheit und Baumwolle auf der Innenseite f\u00fcr mehr Komfort.<\/li>\n<li>Moderne, k\u00f6rpernahe Passform mit viel Bewegungsfreiheit.<\/li>\n<li>Mehr Bewegungsfreiheit durch elastische Reflexe.<\/li>\n<li>Vordertaschen mit Reissverschluss f\u00fcr sichere Aufbewahrung.<\/li>\n<li>Die N\u00e4hte im Nacken sind mit einem weichem, gepolstertem Material verdeckt, so dass diese nicht st\u00f6ren.<\/li>\n<\/ul>\n<\/div>\n<p>MATERIAL: 50% Polyester\/50% Baumwolle, 260 g\/m\u00b2<\/p>\n<p>GR\u00d6SSEN: XS-5XL<\/p>\n<p>MAXIMALE WASCHTEMPERATUR: 6<span class=\"tooltiptext\">0\u00b0 C<\/span><span class=\"tooltiptext\"><br \/>\n<\/span><\/p>\n<p><img decoding=\"async\" class=\"alignnone size-medium wp-image-30059\" src=\"https:\/\/www.ernesto-vargas.com\/shop\/wp-content\/uploads\/2020\/11\/zert-7-540x109.png\" alt=\"\" width=\"540\" height=\"109\" \/><\/p>\n<p>ZERTIFIKATE:<\/p>\n<ul class=\"certification-text\">\n<li class=\"\">Oeko-Tex\u00ae Standard 100<\/li>\n<li class=\"\">EN ISO 20471 &#8211; Klasse 3<\/li>\n<li class=\"\">EN ISO 20471 &#8211; Klasse 2 (XS-S)<\/li>\n<li class=\"\">Hi-Vis Gruppe A<\/li>\n<li class=\"\">EN 13758-2 UPF 40+<\/li>\n<\/ul>\n<\/div>\n","protected":false},"excerpt":{"rendered":"<p>Der MASCOT\u00ae ACCELERATE SAFE Kapuzenpullover hat eine moderne, k\u00f6rpernahe Passform mit viel Bewegungsfreiheit durch elastische Reflexe. Er besitzt Vordertaschen mit Reissverschluss f\u00fcr sichere Aufbewahrung. Die N\u00e4hte im Nacken sind mit einem weichem, gepolstertem Material verdeckt, so dass diese nicht st\u00f6ren. Das Polyester liegt haupts\u00e4chlich auf der Aussenseite f\u00fcr mehr Strapazierf\u00e4higkeit und die Baumwolle auf der Innenseite f\u00fcr mehr Komfort.<\/p>\n","protected":false},"featured_media":52275,"template":"","meta":{"_et_pb_use_builder":"","_et_pb_old_content":"","_et_gb_content_width":""},"product_brand":[],"product_cat":[758,760,443,64],"product_tag":[846,441,438,483,855,783,787,788,786,93,790,777,542,782,857,850],"class_list":{"0":"post-29982","1":"product","2":"type-product","3":"status-publish","4":"has-post-thumbnail","6":"product_cat-accelerate-safe","7":"product_cat-kapuzenpullover","8":"product_cat-mascot","9":"product_cat-pullover","10":"product_tag-3xl-4xl","11":"product_tag-5xl","12":"product_tag-60c","13":"product_tag-en-iso-20471-klasse-3","14":"product_tag-ganzer-reissverschluss","15":"product_tag-herren","16":"product_tag-hi-vis-gelb","17":"product_tag-hi-vis-orange","18":"product_tag-hi-vis-rot","19":"product_tag-kapuze","20":"product_tag-mischware","21":"product_tag-mittel","22":"product_tag-oeko-tex-standard-100","23":"product_tag-reflex-streifen","24":"product_tag-seitentaschen-mit-reissverschlusse","25":"product_tag-xs","27":"first","28":"instock","29":"taxable","30":"shipping-taxable","31":"purchasable","32":"product-type-variable"},"_links":{"self":[{"href":"https:\/\/www.ernesto-vargas.com\/shop\/wp-json\/wp\/v2\/product\/29982","targetHints":{"allow":["GET"]}}],"collection":[{"href":"https:\/\/www.ernesto-vargas.com\/shop\/wp-json\/wp\/v2\/product"}],"about":[{"href":"https:\/\/www.ernesto-vargas.com\/shop\/wp-json\/wp\/v2\/types\/product"}],"wp:featuredmedia":[{"embeddable":true,"href":"https:\/\/www.ernesto-vargas.com\/shop\/wp-json\/wp\/v2\/media\/52275"}],"wp:attachment":[{"href":"https:\/\/www.ernesto-vargas.com\/shop\/wp-json\/wp\/v2\/media?parent=29982"}],"wp:term":[{"taxonomy":"product_brand","embeddable":true,"href":"https:\/\/www.ernesto-vargas.com\/shop\/wp-json\/wp\/v2\/product_brand?post=29982"},{"taxonomy":"product_cat","embeddable":true,"href":"https:\/\/www.ernesto-vargas.com\/shop\/wp-json\/wp\/v2\/product_cat?post=29982"},{"taxonomy":"product_tag","embeddable":true,"href":"https:\/\/www.ernesto-vargas.com\/shop\/wp-json\/wp\/v2\/product_tag?post=29982"}],"curies":[{"name":"wp","href":"https:\/\/api.w.org\/{rel}","templated":true}]}}