{"id":30615,"date":"2020-11-17T14:41:29","date_gmt":"2020-11-17T13:41:29","guid":{"rendered":"https:\/\/www.ernesto-vargas.com\/shop\/?post_type=product&#038;p=30615"},"modified":"2022-10-31T10:51:26","modified_gmt":"2022-10-31T09:51:26","slug":"mascot-accelerate-safe-winterhose","status":"publish","type":"product","link":"https:\/\/www.ernesto-vargas.com\/shop\/product\/mascot-accelerate-safe-winterhose\/","title":{"rendered":"MASCOT\u00ae ACCELERATE SAFE Winterhose 19090"},"content":{"rendered":"<p><img decoding=\"async\" class=\"alignnone size-medium wp-image-30616\" src=\"https:\/\/www.ernesto-vargas.com\/shop\/wp-content\/uploads\/2020\/11\/scr-10-540x134.png\" alt=\"\" width=\"540\" height=\"134\" \/><\/p>\n<ul>\n<li>Atmungsaktiv, wind- und wasserdicht mit getapten N\u00e4hten.<\/li>\n<li>\u00c4usserst strapazierf\u00e4hig.<\/li>\n<li>Die einzigartige CLIMASCOT\u00ae-Isolierung w\u00e4rmt effektiv, ist leicht, weich und l\u00e4sst sich auf ein geringes Volumen komprimieren.<\/li>\n<li>Ergonomisch geschnittene Hosenbeine, die nach den nat\u00fcrlichen Bewegungen des K\u00f6rpers geformt wurden.<\/li>\n<li>Zollstocktasche mit Kevlar\u00ae-Verst\u00e4rkungen &#8211; besonders widerstandsf\u00e4hig gegen spitze und scharfe Gegenst\u00e4nde.<\/li>\n<li>Hochgezogenes R\u00fcckenteil st\u00fctzt und bietet zus\u00e4tzlichen Schutz vor Wind und K\u00e4lte im unteren R\u00fcckenbereich.<\/li>\n<li>Schneefang an der Beininnenseite h\u00e4lt Schnee und Schmutz draussen.<\/li>\n<\/ul>\n<p>MATERIAL: 100% Polyester, 210 g\/m\u00b2<\/p>\n<p>GR\u00d6SSEN: S-5XL<\/p>\n<p>MAXIMALE WASCHTEMPERATUR:<span class=\"tooltiptext\"> 40\u00b0 C<\/span><\/p>\n<p><img decoding=\"async\" class=\"alignnone size-medium wp-image-30617\" src=\"https:\/\/www.ernesto-vargas.com\/shop\/wp-content\/uploads\/2020\/11\/zert-10-540x99.png\" alt=\"\" width=\"540\" height=\"99\" \/><\/p>\n<p>ZERTIFIKATE:<\/p>\n<ul class=\"certification-text\">\n<li class=\"\">Oeko-Tex\u00ae Standard 100<\/li>\n<li class=\"\">EN ISO 20471 &#8211; Klasse 2<\/li>\n<li class=\"\">Hi-Vis Gruppe Y<\/li>\n<li class=\"\">EN 342 3\/WP (1.7 clo)<\/li>\n<li class=\"\">EN 343 4-1-X :2019<\/li>\n<\/ul>\n","protected":false},"excerpt":{"rendered":"<p>Die MASCOT\u00ae ACCELERATE SAFE Winterhose ist \u00e4usserst strapazierf\u00e4hig, atmungsaktiv, wind- und wasserdicht mit getapten N\u00e4hten. Die einzigartige CLIMASCOT\u00ae-Isolierung w\u00e4rmt effektiv, ist leicht, weich und l\u00e4sst sich auf ein geringes Volumen komprimieren. Sie besitzt eine Zollstocktasche mit Kevlar\u00ae-Verst\u00e4rkungen, welche besonders widerstandsf\u00e4hig gegen spitze und scharfe Gegenst\u00e4nde ist. Das hochgezogene R\u00fcckenteil st\u00fctzt und bietet zus\u00e4tzlichen Schutz vor Wind und K\u00e4lte im unteren R\u00fcckenbereich und der schneefang an der Beininnenseite h\u00e4lt Schnee und Schmutz drau\u00dfen.<\/p>\n<p>&nbsp;<\/p>\n","protected":false},"featured_media":30658,"template":"","meta":{"_et_pb_use_builder":"","_et_pb_old_content":"","_et_gb_content_width":""},"product_brand":[],"product_cat":[758,56,99,71,443,761],"product_tag":[482,805,806,59,177,783,787,788,786,646,60,542,776,781,804,784,91],"class_list":{"0":"post-30615","1":"product","2":"type-product","3":"status-publish","4":"has-post-thumbnail","6":"product_cat-accelerate-safe","7":"product_cat-arbeitshosen","8":"product_cat-fp","9":"product_cat-lange-hosen","10":"product_cat-mascot","11":"product_cat-winterhose","12":"product_tag-en-iso-20471-klasse-2","13":"product_tag-en-iso-342","14":"product_tag-en-iso-343-4-1","15":"product_tag-hammerschlaufe","16":"product_tag-handytasche","17":"product_tag-herren","18":"product_tag-hi-vis-gelb","19":"product_tag-hi-vis-orange","20":"product_tag-hi-vis-rot","21":"product_tag-leicht","22":"product_tag-metertasche","23":"product_tag-oeko-tex-standard-100","24":"product_tag-polyester-recyceltes-polyester","25":"product_tag-reflektierende-elemente","26":"product_tag-waermeisolation","27":"product_tag-waschbar-unter-60c","28":"product_tag-wasserdicht","30":"first","31":"instock","32":"taxable","33":"shipping-taxable","34":"purchasable","35":"product-type-variable"},"_links":{"self":[{"href":"https:\/\/www.ernesto-vargas.com\/shop\/wp-json\/wp\/v2\/product\/30615","targetHints":{"allow":["GET"]}}],"collection":[{"href":"https:\/\/www.ernesto-vargas.com\/shop\/wp-json\/wp\/v2\/product"}],"about":[{"href":"https:\/\/www.ernesto-vargas.com\/shop\/wp-json\/wp\/v2\/types\/product"}],"wp:featuredmedia":[{"embeddable":true,"href":"https:\/\/www.ernesto-vargas.com\/shop\/wp-json\/wp\/v2\/media\/30658"}],"wp:attachment":[{"href":"https:\/\/www.ernesto-vargas.com\/shop\/wp-json\/wp\/v2\/media?parent=30615"}],"wp:term":[{"taxonomy":"product_brand","embeddable":true,"href":"https:\/\/www.ernesto-vargas.com\/shop\/wp-json\/wp\/v2\/product_brand?post=30615"},{"taxonomy":"product_cat","embeddable":true,"href":"https:\/\/www.ernesto-vargas.com\/shop\/wp-json\/wp\/v2\/product_cat?post=30615"},{"taxonomy":"product_tag","embeddable":true,"href":"https:\/\/www.ernesto-vargas.com\/shop\/wp-json\/wp\/v2\/product_tag?post=30615"}],"curies":[{"name":"wp","href":"https:\/\/api.w.org\/{rel}","templated":true}]}}