{"id":31311,"date":"2020-11-25T14:42:42","date_gmt":"2020-11-25T13:42:42","guid":{"rendered":"https:\/\/www.ernesto-vargas.com\/shop\/?post_type=product&#038;p=31311"},"modified":"2022-10-26T15:58:57","modified_gmt":"2022-10-26T13:58:57","slug":"mascot-accelerate-safe-damen-langarm-t-shirt","status":"publish","type":"product","link":"https:\/\/www.ernesto-vargas.com\/shop\/product\/mascot-accelerate-safe-damen-langarm-t-shirt\/","title":{"rendered":"MASCOT\u00ae ACCELERATE SAFE Damen Langarm T-Shirt 19091"},"content":{"rendered":"<ul>\n<li>Speziell f\u00fcr Damen designt und tailliert geschnitten.<\/li>\n<li>Bei diesem Gewebe liegt Polyester auf der Aussenseite f\u00fcr mehr Strapazierf\u00e4higkeit sowie Farbechtheit und Baumwolle auf der Innenseite f\u00fcr mehr Komfort.<\/li>\n<li>Mehr Bewegungsfreiheit durch elastische Reflexe.<\/li>\n<li>Die N\u00e4hte im Nacken sind mit einem weichem, gepolstertem Material verdeckt, so dass diese nicht st\u00f6ren.<\/li>\n<\/ul>\n<p>MATERIAL: 50% Polyester\/50% Baumwolle, 150 g\/m\u00b2<\/p>\n<p>GR\u00d6SSEN: XS-5XL<\/p>\n<p>MAXIMALE WASCHTEMPERATUR: 60\u00b0 C<\/p>\n<p>ZERTIFIKATIONEN:<\/p>\n<ul>\n<li>Oeko-Tex\u00ae Standard 100<\/li>\n<li>EN ISO 20471 &#8211; Klasse 2<\/li>\n<li>Hi-Vis Gruppe B<\/li>\n<li>EN 13758-2 UPF 40+<\/li>\n<\/ul>\n","protected":false},"excerpt":{"rendered":"<p>Das MASCOT\u00ae ACCELERATE SAFE Damen Langarm T-Shirt ist speziell f\u00fcr Damen designt und tailliert geschnitten. Das Polyester auf der Aussenseite sorgt f\u00fcr mehr Strapazierf\u00e4higkeit sowie Farbechtheit und die Baumwolle auf der Innenseite f\u00fcr mehr Komfort. Die N\u00e4hte im Nacken sind mit einem weichem, gepolstertem Material verdeckt, so dass diese nicht st\u00f6ren, dazu hat man auch mehr Bewegungsfreiheit durch elastische Reflexe.<\/p>\n","protected":false},"featured_media":31391,"template":"","meta":{"_et_pb_use_builder":"","_et_pb_old_content":"","_et_gb_content_width":""},"product_brand":[],"product_cat":[758,99,228,443,36],"product_tag":[846,441,438,807,482,787,788,786,848,646,790,542,782,850],"class_list":{"0":"post-31311","1":"product","2":"type-product","3":"status-publish","4":"has-post-thumbnail","6":"product_cat-accelerate-safe","7":"product_cat-fp","8":"product_cat-langarm-t-shirt","9":"product_cat-mascot","10":"product_cat-t-shirts","11":"product_tag-3xl-4xl","12":"product_tag-5xl","13":"product_tag-60c","14":"product_tag-damen","15":"product_tag-en-iso-20471-klasse-2","16":"product_tag-hi-vis-gelb","17":"product_tag-hi-vis-orange","18":"product_tag-hi-vis-rot","19":"product_tag-langarm","20":"product_tag-leicht","21":"product_tag-mischware","22":"product_tag-oeko-tex-standard-100","23":"product_tag-reflex-streifen","24":"product_tag-xs","26":"first","27":"instock","28":"taxable","29":"shipping-taxable","30":"purchasable","31":"product-type-variable"},"_links":{"self":[{"href":"https:\/\/www.ernesto-vargas.com\/shop\/wp-json\/wp\/v2\/product\/31311","targetHints":{"allow":["GET"]}}],"collection":[{"href":"https:\/\/www.ernesto-vargas.com\/shop\/wp-json\/wp\/v2\/product"}],"about":[{"href":"https:\/\/www.ernesto-vargas.com\/shop\/wp-json\/wp\/v2\/types\/product"}],"wp:featuredmedia":[{"embeddable":true,"href":"https:\/\/www.ernesto-vargas.com\/shop\/wp-json\/wp\/v2\/media\/31391"}],"wp:attachment":[{"href":"https:\/\/www.ernesto-vargas.com\/shop\/wp-json\/wp\/v2\/media?parent=31311"}],"wp:term":[{"taxonomy":"product_brand","embeddable":true,"href":"https:\/\/www.ernesto-vargas.com\/shop\/wp-json\/wp\/v2\/product_brand?post=31311"},{"taxonomy":"product_cat","embeddable":true,"href":"https:\/\/www.ernesto-vargas.com\/shop\/wp-json\/wp\/v2\/product_cat?post=31311"},{"taxonomy":"product_tag","embeddable":true,"href":"https:\/\/www.ernesto-vargas.com\/shop\/wp-json\/wp\/v2\/product_tag?post=31311"}],"curies":[{"name":"wp","href":"https:\/\/api.w.org\/{rel}","templated":true}]}}