{"id":33896,"date":"2020-12-08T23:44:34","date_gmt":"2020-12-08T22:44:34","guid":{"rendered":"https:\/\/www.ernesto-vargas.com\/shop\/?post_type=product&#038;p=33896"},"modified":"2023-04-13T09:49:23","modified_gmt":"2023-04-13T07:49:23","slug":"nimbus-nordic-danbury-damen-t-shirt","status":"publish","type":"product","link":"https:\/\/www.ernesto-vargas.com\/product\/nimbus-nordic-danbury-damen-t-shirt\/","title":{"rendered":"Nimbus Nordic Danbury Damen T-Shirt"},"content":{"rendered":"<ul>\n<li>Das \u201ePique\u201c T-Shirt Danbury ist ein einzigartiges Kleidungsst\u00fcck, das f\u00fcr eine Vielzahl von Anl\u00e4ssen verwendet werden kann.<\/li>\n<li>Ein perfekt sitzendes T-Shirt aus dem gleichen Baumwoll\/Elasthan Pique-Gewebe, das wir bereits sehr erfolgreich bei unserem Poloshirt Harvard verwenden.<\/li>\n<li>Das Gewebe vermittelt ein komfortables Tragegef\u00fchl auf der Haut und ist extrem pflegeleicht.<\/li>\n<\/ul>\n<p>MATERIAL: 95% Baumwolle\/ 5% Elasthan, 230 g\/m\u00b2<\/p>\n<p>GR\u00d6SSEN: XS-3XL<\/p>\n<p>MAXIMALE WASCHTEMPERATUR: 40\u00b0C<\/p>\n<p><img decoding=\"async\" class=\"alignnone size-medium wp-image-33895\" src=\"https:\/\/www.ernesto-vargas.com\/shop\/wp-content\/uploads\/2020\/12\/material-7.png\" alt=\"\" width=\"343\" height=\"50\" srcset=\"https:\/\/www.ernesto-vargas.com\/wp-content\/uploads\/2020\/12\/material-7.png 343w, https:\/\/www.ernesto-vargas.com\/wp-content\/uploads\/2020\/12\/material-7-64x9.png 64w\" sizes=\"(max-width: 343px) 100vw, 343px\" \/><\/p>\n<p>ZERTIFIKATE:<\/p>\n<p><img decoding=\"async\" class=\"alignnone wp-image-33894\" src=\"https:\/\/www.ernesto-vargas.com\/shop\/wp-content\/uploads\/2020\/12\/certConcat-6-540x64.jpg\" alt=\"\" width=\"337\" height=\"40\" srcset=\"https:\/\/www.ernesto-vargas.com\/wp-content\/uploads\/2020\/12\/certConcat-6-540x64.jpg 540w, https:\/\/www.ernesto-vargas.com\/wp-content\/uploads\/2020\/12\/certConcat-6-1200x142.jpg 1200w, https:\/\/www.ernesto-vargas.com\/wp-content\/uploads\/2020\/12\/certConcat-6-768x91.jpg 768w, https:\/\/www.ernesto-vargas.com\/wp-content\/uploads\/2020\/12\/certConcat-6-1080x128.jpg 1080w, https:\/\/www.ernesto-vargas.com\/wp-content\/uploads\/2020\/12\/certConcat-6-1000x119.jpg 1000w, https:\/\/www.ernesto-vargas.com\/wp-content\/uploads\/2020\/12\/certConcat-6-64x8.jpg 64w, https:\/\/www.ernesto-vargas.com\/wp-content\/uploads\/2020\/12\/certConcat-6.jpg 1348w\" sizes=\"(max-width: 337px) 100vw, 337px\" \/><\/p>\n","protected":false},"excerpt":{"rendered":"<p>Das \u201ePique\u201c T-Shirt Danbury ist ein einzigartiges Kleidungsst\u00fcck, das f\u00fcr eine Vielzahl von Anl\u00e4ssen verwendet werden kann. Ein perfekt sitzendes T-Shirt aus dem gleichen Baumwoll\/Elasthan Pique-Gewebe, das wir bereits sehr erfolgreich bei unserem Poloshirt Harvard verwenden. Das Gewebe vermittelt ein komfortables Tragegef\u00fchl auf der Haut und ist extrem pflegeleicht. Danbury ist dadurch eine echte Alternative zum Poloshirt oder Hemd.<\/p>\n","protected":false},"featured_media":33923,"template":"","meta":{"_acf_changed":false},"product_brand":[],"product_cat":[437,519,36],"product_tag":[847,831,807,646,790,542,832,784,833,850],"class_list":{"0":"post-33896","1":"product","2":"type-product","3":"status-publish","4":"has-post-thumbnail","6":"product_cat-kurzarm-t-shirt","7":"product_cat-nimbus-nordic","8":"product_cat-t-shirts","9":"product_tag-3xl","10":"product_tag-blautoene","11":"product_tag-damen","12":"product_tag-leicht","13":"product_tag-mischware","14":"product_tag-oeko-tex-standard-100","15":"product_tag-schwarztoene","16":"product_tag-waschbar-unter-60c","17":"product_tag-weisstoene","18":"product_tag-xs","20":"first","21":"instock","22":"taxable","23":"shipping-taxable","24":"purchasable","25":"product-type-variable"},"acf":[],"_links":{"self":[{"href":"https:\/\/www.ernesto-vargas.com\/wp-json\/wp\/v2\/product\/33896","targetHints":{"allow":["GET"]}}],"collection":[{"href":"https:\/\/www.ernesto-vargas.com\/wp-json\/wp\/v2\/product"}],"about":[{"href":"https:\/\/www.ernesto-vargas.com\/wp-json\/wp\/v2\/types\/product"}],"wp:featuredmedia":[{"embeddable":true,"href":"https:\/\/www.ernesto-vargas.com\/wp-json\/wp\/v2\/media\/33923"}],"wp:attachment":[{"href":"https:\/\/www.ernesto-vargas.com\/wp-json\/wp\/v2\/media?parent=33896"}],"wp:term":[{"taxonomy":"product_brand","embeddable":true,"href":"https:\/\/www.ernesto-vargas.com\/wp-json\/wp\/v2\/product_brand?post=33896"},{"taxonomy":"product_cat","embeddable":true,"href":"https:\/\/www.ernesto-vargas.com\/wp-json\/wp\/v2\/product_cat?post=33896"},{"taxonomy":"product_tag","embeddable":true,"href":"https:\/\/www.ernesto-vargas.com\/wp-json\/wp\/v2\/product_tag?post=33896"}],"curies":[{"name":"wp","href":"https:\/\/api.w.org\/{rel}","templated":true}]}}