{"id":35571,"date":"2021-03-05T08:21:49","date_gmt":"2021-03-05T07:21:49","guid":{"rendered":"https:\/\/www.ernesto-vargas.com\/shop\/?post_type=product&#038;p=35571"},"modified":"2023-04-19T15:14:28","modified_gmt":"2023-04-19T13:14:28","slug":"fleecejacke-workwear-strong","status":"publish","type":"product","link":"https:\/\/www.ernesto-vargas.com\/shop\/product\/fleecejacke-workwear-strong\/","title":{"rendered":"Fleecejacke Workwear &#8220;Strong&#8221; JN842"},"content":{"rendered":"<p>Fleecejacke aus robustem, strapazierf\u00e4higen Material mit Softshell-Eins\u00e4tzen an den Seiten und \u00c4rmeln. Zwei Fronttaschen und eine \u00c4rmeltasche. Optimal f\u00fcr Herbst\/Fr\u00fchling sowie als zweite Schicht im Winter. Das Material ist dehnbar und sehr komfortabel.<\/p>\n<p>Material: 100% Polyester (280 g\/m\u00b2) &#8211; Anti-Pilling Microfleece<\/p>\n<p>Gr\u00f6ssen: XS-6XL<\/p>\n<p>Maximale Waschtemperatur: 30\u00b0C<\/p>\n<p>Referenz: JN842<\/p>\n<h4>Gr\u00f6ssentabelle<\/h4>\n\n<table id=\"tablepress-9\" class=\"tablepress tablepress-id-9\">\n<thead>\n<tr class=\"row-1\">\n\t<th class=\"column-1\">Masse in cm<\/th><th class=\"column-2\">XS<\/th><th class=\"column-3\">S<\/th><th class=\"column-4\">M<\/th><th class=\"column-5\">L<\/th><th class=\"column-6\">XL<\/th><th class=\"column-7\">2XL<\/th><th class=\"column-8\">3XL<\/th><th class=\"column-9\">4XL<\/th><th class=\"column-10\">5XL<\/th><th class=\"column-11\">6XL<\/th>\n<\/tr>\n<\/thead>\n<tbody class=\"row-striping row-hover\">\n<tr class=\"row-2\">\n\t<td class=\"column-1\">1\/2 Oberweite<\/td><td class=\"column-2\">51<\/td><td class=\"column-3\">54<\/td><td class=\"column-4\">56<\/td><td class=\"column-5\">58<\/td><td class=\"column-6\">60<\/td><td class=\"column-7\">62<\/td><td class=\"column-8\">66<\/td><td class=\"column-9\">71<\/td><td class=\"column-10\">75<\/td><td class=\"column-11\">80<\/td>\n<\/tr>\n<tr class=\"row-3\">\n\t<td class=\"column-1\">1\/2 Taillenweite<\/td><td class=\"column-2\">50<\/td><td class=\"column-3\">53<\/td><td class=\"column-4\">55<\/td><td class=\"column-5\">57<\/td><td class=\"column-6\">59<\/td><td class=\"column-7\">62<\/td><td class=\"column-8\">66<\/td><td class=\"column-9\">70<\/td><td class=\"column-10\">74<\/td><td class=\"column-11\">79<\/td>\n<\/tr>\n<tr class=\"row-4\">\n\t<td class=\"column-1\">1\/2 Saumweite<\/td><td class=\"column-2\">49<\/td><td class=\"column-3\">52<\/td><td class=\"column-4\">54<\/td><td class=\"column-5\">56<\/td><td class=\"column-6\">58<\/td><td class=\"column-7\">61<\/td><td class=\"column-8\">65<\/td><td class=\"column-9\">69<\/td><td class=\"column-10\">73<\/td><td class=\"column-11\">78<\/td>\n<\/tr>\n<tr class=\"row-5\">\n\t<td class=\"column-1\">L\u00e4nge ab Schulter<\/td><td class=\"column-2\">69<\/td><td class=\"column-3\">69<\/td><td class=\"column-4\">71<\/td><td class=\"column-5\">73<\/td><td class=\"column-6\">75<\/td><td class=\"column-7\">77<\/td><td class=\"column-8\">79<\/td><td class=\"column-9\">81<\/td><td class=\"column-10\">83<\/td><td class=\"column-11\">86<\/td>\n<\/tr>\n<tr class=\"row-6\">\n\t<td class=\"column-1\">\u00c4rmel L\u00e4nge<\/td><td class=\"column-2\">64<\/td><td class=\"column-3\">65<\/td><td class=\"column-4\">66<\/td><td class=\"column-5\">67<\/td><td class=\"column-6\">68<\/td><td class=\"column-7\">68<\/td><td class=\"column-8\">69<\/td><td class=\"column-9\">71<\/td><td class=\"column-10\">71<\/td><td class=\"column-11\">71<\/td>\n<\/tr>\n<\/tbody>\n<\/table>\n\n","protected":false},"excerpt":{"rendered":"<p>Fleecejacke aus robustem, strapazierf\u00e4higen Material mit Softshell-Eins\u00e4tzen an den Seiten und \u00c4rmeln. Zwei Fronttaschen und eine \u00c4rmeltasche. Optimal f\u00fcr Herbst\/Fr\u00fchling sowie als zweite Schicht im Winter. Das Material ist dehnbar und sehr komfortabel.<\/p>\n","protected":false},"featured_media":35657,"template":"","meta":{"_et_pb_use_builder":"","_et_pb_old_content":"","_et_gb_content_width":""},"product_brand":[],"product_cat":[73,74,99,230],"product_tag":[800,802,778,793,801,783,779,777,776,815,816,799,820,818,784,810,819],"class_list":{"0":"post-35571","1":"product","2":"type-product","3":"status-publish","4":"has-post-thumbnail","6":"product_cat-arbeitsjacken","7":"product_cat-fleecejacken","8":"product_cat-fp","9":"product_cat-james-nicholson-fp","10":"product_tag-dunkelanthrazit","11":"product_tag-dunkelblau","12":"product_tag-fruehling-herbst","13":"product_tag-grau","14":"product_tag-gruen","15":"product_tag-herren","16":"product_tag-hohe-atmungsaktivitaet","17":"product_tag-mittel","18":"product_tag-polyester-recyceltes-polyester","19":"product_tag-rot","20":"product_tag-royalblau","21":"product_tag-schwarz","22":"product_tag-stretch-zonen","23":"product_tag-verlaengertes-rueckenteil","24":"product_tag-waschbar-unter-60c","25":"product_tag-weiss","26":"product_tag-winter","28":"first","29":"instock","30":"taxable","31":"shipping-taxable","32":"purchasable","33":"product-type-variable"},"_links":{"self":[{"href":"https:\/\/www.ernesto-vargas.com\/shop\/wp-json\/wp\/v2\/product\/35571","targetHints":{"allow":["GET"]}}],"collection":[{"href":"https:\/\/www.ernesto-vargas.com\/shop\/wp-json\/wp\/v2\/product"}],"about":[{"href":"https:\/\/www.ernesto-vargas.com\/shop\/wp-json\/wp\/v2\/types\/product"}],"wp:featuredmedia":[{"embeddable":true,"href":"https:\/\/www.ernesto-vargas.com\/shop\/wp-json\/wp\/v2\/media\/35657"}],"wp:attachment":[{"href":"https:\/\/www.ernesto-vargas.com\/shop\/wp-json\/wp\/v2\/media?parent=35571"}],"wp:term":[{"taxonomy":"product_brand","embeddable":true,"href":"https:\/\/www.ernesto-vargas.com\/shop\/wp-json\/wp\/v2\/product_brand?post=35571"},{"taxonomy":"product_cat","embeddable":true,"href":"https:\/\/www.ernesto-vargas.com\/shop\/wp-json\/wp\/v2\/product_cat?post=35571"},{"taxonomy":"product_tag","embeddable":true,"href":"https:\/\/www.ernesto-vargas.com\/shop\/wp-json\/wp\/v2\/product_tag?post=35571"}],"curies":[{"name":"wp","href":"https:\/\/api.w.org\/{rel}","templated":true}]}}