{"id":35908,"date":"2021-03-11T16:52:05","date_gmt":"2021-03-11T15:52:05","guid":{"rendered":"https:\/\/www.ernesto-vargas.com\/shop\/?post_type=product&#038;p=35908"},"modified":"2025-06-27T20:21:42","modified_gmt":"2025-06-27T18:21:42","slug":"maler-fleecejacke-kazan-damen","status":"publish","type":"product","link":"https:\/\/www.ernesto-vargas.com\/shop\/product\/maler-fleecejacke-kazan-damen\/","title":{"rendered":"Dassy\u00ae Kazan Damen Maler Fleecejacke"},"content":{"rendered":"<p>MATERIAL &amp; GEWICHT<br \/>\nGrundmaterial: 100% Polyester, +\/- 260 g\/m\u00b2<\/p>\n<p>DETAILS<\/p>\n<ul>\n<li>langer Reissverschluss<\/li>\n<li>Reissverschluss mit Kinnschutz<\/li>\n<li>Antipilling<\/li>\n<li>Mikrofaser-Fleece<\/li>\n<\/ul>\n<p>GR\u00d6SSEN: XS \u2013 3XL<\/p>\n<p>MAXIMALE WASCHTEMPERATUR: 30\u00b0C<\/p>\n<p>ZERTIFIZIERUNG<\/p>\n<ul>\n<li>OEKO-TEX\u00ae Standard 100<\/li>\n<\/ul>\n","protected":false},"excerpt":{"rendered":"<p>Suchen Sie ein Arbeitssweatshirt mit langem Reissverschluss? Diese zweifarbige Fleecejacke gibt es jetzt auch f\u00fcr Frauen. Der Stoff von Mikrofaser-Fleece ist Innen- und Aussenseite gek\u00e4mmt f\u00fcr extra Komfort und W\u00e4rme. Die Fronttaschen sind ger\u00e4umig und k\u00f6nnen mit einem Reissverschluss verschlossen werden.<\/p>\n","protected":false},"featured_media":35912,"template":"","meta":{"_et_pb_use_builder":"","_et_pb_old_content":"","_et_gb_content_width":""},"product_brand":[],"product_cat":[73,730,74,99],"product_tag":[807,778,177,777,542,776,784,810,850],"class_list":{"0":"post-35908","1":"product","2":"type-product","3":"status-publish","4":"has-post-thumbnail","6":"product_cat-arbeitsjacken","7":"product_cat-dassy","8":"product_cat-fleecejacken","9":"product_cat-fp","10":"product_tag-damen","11":"product_tag-fruehling-herbst","12":"product_tag-handytasche","13":"product_tag-mittel","14":"product_tag-oeko-tex-standard-100","15":"product_tag-polyester-recyceltes-polyester","16":"product_tag-waschbar-unter-60c","17":"product_tag-weiss","18":"product_tag-xs","20":"first","21":"instock","22":"taxable","23":"shipping-taxable","24":"purchasable","25":"product-type-variable"},"_links":{"self":[{"href":"https:\/\/www.ernesto-vargas.com\/shop\/wp-json\/wp\/v2\/product\/35908","targetHints":{"allow":["GET"]}}],"collection":[{"href":"https:\/\/www.ernesto-vargas.com\/shop\/wp-json\/wp\/v2\/product"}],"about":[{"href":"https:\/\/www.ernesto-vargas.com\/shop\/wp-json\/wp\/v2\/types\/product"}],"wp:featuredmedia":[{"embeddable":true,"href":"https:\/\/www.ernesto-vargas.com\/shop\/wp-json\/wp\/v2\/media\/35912"}],"wp:attachment":[{"href":"https:\/\/www.ernesto-vargas.com\/shop\/wp-json\/wp\/v2\/media?parent=35908"}],"wp:term":[{"taxonomy":"product_brand","embeddable":true,"href":"https:\/\/www.ernesto-vargas.com\/shop\/wp-json\/wp\/v2\/product_brand?post=35908"},{"taxonomy":"product_cat","embeddable":true,"href":"https:\/\/www.ernesto-vargas.com\/shop\/wp-json\/wp\/v2\/product_cat?post=35908"},{"taxonomy":"product_tag","embeddable":true,"href":"https:\/\/www.ernesto-vargas.com\/shop\/wp-json\/wp\/v2\/product_tag?post=35908"}],"curies":[{"name":"wp","href":"https:\/\/api.w.org\/{rel}","templated":true}]}}