{"id":39042,"date":"2021-04-23T08:52:01","date_gmt":"2021-04-23T06:52:01","guid":{"rendered":"https:\/\/www.ernesto-vargas.com\/shop\/?post_type=product&#038;p=39042"},"modified":"2025-06-27T20:10:47","modified_gmt":"2025-06-27T18:10:47","slug":"dassy-melbourne","status":"publish","type":"product","link":"https:\/\/www.ernesto-vargas.com\/shop\/product\/dassy-melbourne\/","title":{"rendered":"Dassy\u00ae Melbourne Arbeitsjeans"},"content":{"rendered":"<p>MATERIAL &amp; GEWICHT<br \/>\n89,5% Baumwolle\/10,5% Elasthan, 9,5 oz (+\/- 320 g\/m\u00b2)<\/p>\n<p>DETAILS<\/p>\n<ul>\n<li>Hauptstoff: 4-Wege-Stretch<\/li>\n<li>verstellbare Cordura\u00ae Stretch-Kniepolstertaschen<\/li>\n<li>Cordura\u00ae Nageltaschen mit Werkzeugschlaufen<\/li>\n<li>Reissverschluss-Tasche f\u00fcr Kleinteile<\/li>\n<li>multifunktionelle G\u00fcrtelschlaufe<\/li>\n<li>2 Schubtaschen, 2 offene Ges\u00e4sstaschen, Schenkeltasche, Stiftefach, Zollstocktasche, Cuttertasche,\u00a0Handytasche<\/li>\n<li>Knopf f\u00fcr Messerhalter<\/li>\n<li>D-Ring<\/li>\n<li>abnehmbarer Ausweishalter<\/li>\n<li>Slim-Fit Passform<\/li>\n<li>tieferer Bund<\/li>\n<li>verwaschener Denim<\/li>\n<li>3-fache Kappn\u00e4hte<\/li>\n<\/ul>\n<p>GR\u00d6SSEN: 42 \u2013 67, Lang- und Kurzgr\u00f6ssen: 46-58<\/p>\n<p>MAXIMALE WASCHTEMPERATUR: 60\u00b0C<\/p>\n<p>ZERTIFIZIERUNG<\/p>\n<ul>\n<li>OEKO-TEX\u00ae Standard 100<\/li>\n<\/ul>\n<p>&nbsp;<\/p>\n<p><strong>Bemerkungen zu den L\u00e4ngen:<\/strong><\/p>\n<p>Die meisten DASSY-Arbeitshosen sind in <strong><span style=\"font-family: 'Calibri',sans-serif;\">3 verschiedenen Schrittl\u00e4ngen<\/span><\/strong> verf\u00fcgbar: Standard, Plus (lang) und Minus (kurz). Dank eines besonderen \u2018Doppelfinishs\u2019 k\u00f6nnen die Hosenbeine auch problemlos um 5 cm verl\u00e4ngert werden.<\/p>\n<p><strong><span style=\"font-family: 'Calibri',sans-serif;\">STANDARD<\/span><\/strong><br \/>\nDie STANDARD-Schrittl\u00e4nge betr\u00e4gt 81 cm und hat einen breiten Saum von 5 cm. Dieser kann mit ein paar einfachen Handgriffen auf eine Schrittl\u00e4nge von maximal 86 cm verl\u00e4ngert werden.<\/p>\n<p><strong><span style=\"font-family: 'Calibri',sans-serif;\">KURZ <\/span><\/strong><b><br \/>\n<\/b>Die KURZ-Schrittl\u00e4nge betr\u00e4gt 75 cm und hat einen breiten Saum von 5 cm. Dieser kann mit ein paar einfachen Handgriffen auf eine Schrittl\u00e4nge von maximal 80 cm verl\u00e4ngert werden.<\/p>\n<p><strong><span style=\"font-family: 'Calibri',sans-serif;\">LANG<\/span><\/strong><b><br \/>\n<\/b>Die LANG-Schrittl\u00e4nge betr\u00e4gt 87 cm und hat einen breiten Saum von 5 cm. Dieser kann mit ein paar einfachen Handgriffen auf eine Schrittl\u00e4nge von maximal 92 cm verl\u00e4ngert werden.<b><\/b><\/p>\n<p>Messen Sie Ihre Schrittl\u00e4nge vom Schritt bis zur gew\u00fcnschten L\u00e4nge. Stehen Sie sch\u00f6n aufrecht mit den Beinen schulterbreit auseinander.<\/p>\n<p><strong><span style=\"font-family: 'Calibri',sans-serif;\">TIPP<\/span><\/strong>: Ihre eigene Schrittl\u00e4nge messen ist gar nicht so einfach. Da Sie nach vorne lehnen m\u00fcssten, w\u00e4re die gemessene L\u00e4nge nicht korrekt. Es ist also besser, jemanden um Hilfe zu bitten.<\/p>\n","protected":false},"excerpt":{"rendered":"<p>Diese Holstertaschen-Jeans macht den Unterschied am Arbeitsplatz: Der Stoff ist besonders strapazierf\u00e4hig und mit Cordura\u00ae verst\u00e4rkt, insbesondere an den Stellen, die dem gr\u00f6ssten Verschleiss ausgesetzt sind. F\u00fcr zus\u00e4tzlichen Komfort und eine ausgezeichnete Bewegungsfreiheit, hat die DASSY\u00ae Melbourne einen hohen Elasthan-Anteil und Cordura\u00ae Stretch-Kniepolstertaschen. Zum Schluss hat diese Holstertaschen-Jeans einen hochmodernen Look dank der Slim-Fit Passform.<\/p>\n","protected":false},"featured_media":39153,"template":"","meta":{"_et_pb_use_builder":"","_et_pb_old_content":"","_et_gb_content_width":""},"product_brand":[],"product_cat":[56,730,99,71],"product_tag":[438,794,59,177,783,813,60,790,542,799,792],"class_list":{"0":"post-39042","1":"product","2":"type-product","3":"status-publish","4":"has-post-thumbnail","6":"product_cat-arbeitshosen","7":"product_cat-dassy","8":"product_cat-fp","9":"product_cat-lange-hosen","10":"product_tag-60c","11":"product_tag-cordura-verstaerkte-knie","12":"product_tag-hammerschlaufe","13":"product_tag-handytasche","14":"product_tag-herren","15":"product_tag-jeans","16":"product_tag-metertasche","17":"product_tag-mischware","18":"product_tag-oeko-tex-standard-100","19":"product_tag-schwarz","20":"product_tag-schwer","21":"pa_beinlaenge-minus-kurz","22":"pa_beinlaenge-plus-lang","23":"pa_beinlaenge-standard","24":"pa_farbe-jeansblau-schwarz","25":"pa_hosen-groesse-153","26":"pa_hosen-groesse-154","27":"pa_hosen-groesse-155","28":"pa_hosen-groesse-156","29":"pa_hosen-groesse-157","30":"pa_hosen-groesse-158","31":"pa_hosen-groesse-885","32":"pa_hosen-groesse-159","33":"pa_hosen-groesse-160","34":"pa_hosen-groesse-161","35":"pa_hosen-groesse-162","36":"pa_hosen-groesse-163","37":"pa_hosen-groesse-886","38":"pa_hosen-groesse-164","39":"pa_hosen-groesse-448","40":"pa_hosen-groesse-887","42":"first","43":"instock","44":"taxable","45":"shipping-taxable","46":"purchasable","47":"product-type-variable"},"_links":{"self":[{"href":"https:\/\/www.ernesto-vargas.com\/shop\/wp-json\/wp\/v2\/product\/39042","targetHints":{"allow":["GET"]}}],"collection":[{"href":"https:\/\/www.ernesto-vargas.com\/shop\/wp-json\/wp\/v2\/product"}],"about":[{"href":"https:\/\/www.ernesto-vargas.com\/shop\/wp-json\/wp\/v2\/types\/product"}],"wp:featuredmedia":[{"embeddable":true,"href":"https:\/\/www.ernesto-vargas.com\/shop\/wp-json\/wp\/v2\/media\/39153"}],"wp:attachment":[{"href":"https:\/\/www.ernesto-vargas.com\/shop\/wp-json\/wp\/v2\/media?parent=39042"}],"wp:term":[{"taxonomy":"product_brand","embeddable":true,"href":"https:\/\/www.ernesto-vargas.com\/shop\/wp-json\/wp\/v2\/product_brand?post=39042"},{"taxonomy":"product_cat","embeddable":true,"href":"https:\/\/www.ernesto-vargas.com\/shop\/wp-json\/wp\/v2\/product_cat?post=39042"},{"taxonomy":"product_tag","embeddable":true,"href":"https:\/\/www.ernesto-vargas.com\/shop\/wp-json\/wp\/v2\/product_tag?post=39042"}],"curies":[{"name":"wp","href":"https:\/\/api.w.org\/{rel}","templated":true}]}}