{"id":43282,"date":"2021-06-11T10:13:11","date_gmt":"2021-06-11T08:13:11","guid":{"rendered":"https:\/\/www.ernesto-vargas.com\/shop\/?post_type=product&#038;p=43282"},"modified":"2022-11-14T10:27:19","modified_gmt":"2022-11-14T09:27:19","slug":"red-bow-20-slim","status":"publish","type":"product","link":"https:\/\/www.ernesto-vargas.com\/shop\/product\/red-bow-20-slim\/","title":{"rendered":"RED BOW 20 SLIM"},"content":{"rendered":"<p>Eine moderne und modische Interpretation der beliebten Klassiker. Die Red Bow Modelle gl\u00e4nzen mit vielen Details, frischen Farben und hoher Qualit\u00e4t f\u00fcr ein smartes Auftreten in allen Bereichen. Das Hemd ist aus hochwertigem Twill Gewebe, wodurch sich das Tragegef\u00fchl angenehm weich anf\u00fchlt und die Farben noch mehr Wirkung zeigen. Die Webstruktur sorgt zus\u00e4tzlich daf\u00fcr, dass die Hemden weniger transparent wirken.<\/p>\n<p><strong>Material:<\/strong> 100% Baumwolle, 124 g\/m\u00b2<\/p>\n<p><strong>Gr\u00f6ssen:<\/strong> XS-XXL<\/p>\n","protected":false},"excerpt":{"rendered":"<p>Eine moderne und modische Interpretation der beliebten Klassiker. Die Red Bow Modelle gl\u00e4nzen mit vielen Details, frischen Farben und hoher Qualit\u00e4t f\u00fcr ein smartes Auftreten in allen Bereichen.<\/p>\n","protected":false},"featured_media":43371,"template":"","meta":{"_et_pb_use_builder":"","_et_pb_old_content":"","_et_gb_content_width":""},"product_brand":[],"product_cat":[99,237,943,861],"product_tag":[715,831,783,848,646,832,684,833],"class_list":{"0":"post-43282","1":"product","2":"type-product","3":"status-publish","4":"has-post-thumbnail","6":"product_cat-fp","7":"product_cat-hemden","8":"product_cat-j-harvest-frost","9":"product_cat-slim-fit","10":"product_tag-baumwolle","11":"product_tag-blautoene","12":"product_tag-herren","13":"product_tag-langarm","14":"product_tag-leicht","15":"product_tag-schwarztoene","16":"product_tag-slim-fit","17":"product_tag-weisstoene","19":"first","20":"instock","21":"taxable","22":"shipping-taxable","23":"purchasable","24":"product-type-variable"},"_links":{"self":[{"href":"https:\/\/www.ernesto-vargas.com\/shop\/wp-json\/wp\/v2\/product\/43282","targetHints":{"allow":["GET"]}}],"collection":[{"href":"https:\/\/www.ernesto-vargas.com\/shop\/wp-json\/wp\/v2\/product"}],"about":[{"href":"https:\/\/www.ernesto-vargas.com\/shop\/wp-json\/wp\/v2\/types\/product"}],"wp:featuredmedia":[{"embeddable":true,"href":"https:\/\/www.ernesto-vargas.com\/shop\/wp-json\/wp\/v2\/media\/43371"}],"wp:attachment":[{"href":"https:\/\/www.ernesto-vargas.com\/shop\/wp-json\/wp\/v2\/media?parent=43282"}],"wp:term":[{"taxonomy":"product_brand","embeddable":true,"href":"https:\/\/www.ernesto-vargas.com\/shop\/wp-json\/wp\/v2\/product_brand?post=43282"},{"taxonomy":"product_cat","embeddable":true,"href":"https:\/\/www.ernesto-vargas.com\/shop\/wp-json\/wp\/v2\/product_cat?post=43282"},{"taxonomy":"product_tag","embeddable":true,"href":"https:\/\/www.ernesto-vargas.com\/shop\/wp-json\/wp\/v2\/product_tag?post=43282"}],"curies":[{"name":"wp","href":"https:\/\/api.w.org\/{rel}","templated":true}]}}