{"id":43516,"date":"2021-06-21T16:30:11","date_gmt":"2021-06-21T14:30:11","guid":{"rendered":"https:\/\/www.ernesto-vargas.com\/shop\/?post_type=product&#038;p=43516"},"modified":"2022-11-14T10:25:45","modified_gmt":"2022-11-14T09:25:45","slug":"red-bow-24-regular","status":"publish","type":"product","link":"https:\/\/www.ernesto-vargas.com\/shop\/product\/red-bow-24-regular\/","title":{"rendered":"RED BOW 24 REGULAR"},"content":{"rendered":"<p>Feine weisse Streifen auf blauen oder grauen Stoffen geben dem Hemd einen sehr modernen Charakter. Es ist bestens f\u00fcr Kombinationen mit verschiedenen Farben und Mustern geeignet. Besonders zusammen mit strahlendem Weiss oder weiteren Blaut\u00f6nen entfaltet es seine Wirkung. Das Hemd ist aus hochwertigem Twill Gewebe, wodurch sich das Tragegef\u00fchl angenehm weich anf\u00fchlt und die Farben noch mehr Wirkung zeigen. Der Weg vom Business Termin direkt zur Dinner Party ist mit diesem Hemd kein Problem.<\/p>\n<p><strong>Material:<\/strong> 100% Baumwolle, 125 g\/m\u00b2<\/p>\n<p><strong>Gr\u00f6ssen:<\/strong> S-4XL<\/p>\n","protected":false},"excerpt":{"rendered":"<p>Feine weisse Streifen auf blauen oder grauen Stoffen geben dem Hemd einen sehr modernen Charakter. Es ist bestens f\u00fcr Kombinationen mit verschiedenen Farben und Mustern geeignet. Besonders zusammen mit strahlendem Weiss oder weiteren Blaut\u00f6nen entfaltet es seine Wirkung.<\/p>\n","protected":false},"featured_media":43541,"template":"","meta":{"_et_pb_use_builder":"","_et_pb_old_content":"","_et_gb_content_width":""},"product_brand":[],"product_cat":[99,237,943,860],"product_tag":[715,831,838,783,848,646,941],"class_list":{"0":"post-43516","1":"product","2":"type-product","3":"status-publish","4":"has-post-thumbnail","6":"product_cat-fp","7":"product_cat-hemden","8":"product_cat-j-harvest-frost","9":"product_cat-regular-fit","10":"product_tag-baumwolle","11":"product_tag-blautoene","12":"product_tag-grautoene","13":"product_tag-herren","14":"product_tag-langarm","15":"product_tag-leicht","16":"product_tag-regular-fit","18":"first","19":"instock","20":"taxable","21":"shipping-taxable","22":"purchasable","23":"product-type-variable"},"_links":{"self":[{"href":"https:\/\/www.ernesto-vargas.com\/shop\/wp-json\/wp\/v2\/product\/43516","targetHints":{"allow":["GET"]}}],"collection":[{"href":"https:\/\/www.ernesto-vargas.com\/shop\/wp-json\/wp\/v2\/product"}],"about":[{"href":"https:\/\/www.ernesto-vargas.com\/shop\/wp-json\/wp\/v2\/types\/product"}],"wp:featuredmedia":[{"embeddable":true,"href":"https:\/\/www.ernesto-vargas.com\/shop\/wp-json\/wp\/v2\/media\/43541"}],"wp:attachment":[{"href":"https:\/\/www.ernesto-vargas.com\/shop\/wp-json\/wp\/v2\/media?parent=43516"}],"wp:term":[{"taxonomy":"product_brand","embeddable":true,"href":"https:\/\/www.ernesto-vargas.com\/shop\/wp-json\/wp\/v2\/product_brand?post=43516"},{"taxonomy":"product_cat","embeddable":true,"href":"https:\/\/www.ernesto-vargas.com\/shop\/wp-json\/wp\/v2\/product_cat?post=43516"},{"taxonomy":"product_tag","embeddable":true,"href":"https:\/\/www.ernesto-vargas.com\/shop\/wp-json\/wp\/v2\/product_tag?post=43516"}],"curies":[{"name":"wp","href":"https:\/\/api.w.org\/{rel}","templated":true}]}}