{"id":43623,"date":"2021-06-21T17:33:39","date_gmt":"2021-06-21T15:33:39","guid":{"rendered":"https:\/\/www.ernesto-vargas.com\/shop\/?post_type=product&#038;p=43623"},"modified":"2022-11-14T10:23:00","modified_gmt":"2022-11-14T09:23:00","slug":"red-bow-29-regular","status":"publish","type":"product","link":"https:\/\/www.ernesto-vargas.com\/shop\/product\/red-bow-29-regular\/","title":{"rendered":"RED BOW 29 REGULAR"},"content":{"rendered":"<p>Die einfarbige Bedford Microcord Struktur gibt dem Hemd Klasse und ist sowohl f\u00fcr gesch\u00e4ftliche als auch f\u00fcr etwas weniger f\u00f6rmliche Anl\u00e4sse zu empfehlen. Diesmal haben wir unser neues, nat\u00fcrliches, mechanisches Stretchverhalten hinzugef\u00fcgt. Dadurch beh\u00e4lt der Stoff seine erstklassige b\u00fcgelfreie Leistung und bietet eine gr\u00f6ssere Bewegungsfreiheit mit bis zu 12% Dehnung im Querfaden. Das typische Red Bow Hemd ist klassisch und dennoch modern mit vielen Details f\u00fcr ein edles Aussehen.<\/p>\n<p><strong>Material:<\/strong> 100% Baumwolle, 130 g\/m\u00b2<\/p>\n<p><strong>Gr\u00f6ssen:<\/strong> S-4XL<\/p>\n","protected":false},"excerpt":{"rendered":"<p>Die einfarbige Bedford Microcord Struktur gibt dem Hemd Klasse und ist sowohl f\u00fcr gesch\u00e4ftliche als auch f\u00fcr etwas weniger f\u00f6rmliche Anl\u00e4sse zu empfehlen. Diesmal haben wir unser neues, nat\u00fcrliches, mechanisches Stretchverhalten hinzugef\u00fcgt.<\/p>\n","protected":false},"featured_media":43630,"template":"","meta":{"_et_pb_use_builder":"","_et_pb_old_content":"","_et_gb_content_width":""},"product_brand":[],"product_cat":[99,237,943,860],"product_tag":[846,715,831,783,848,646,941,833],"class_list":{"0":"post-43623","1":"product","2":"type-product","3":"status-publish","4":"has-post-thumbnail","6":"product_cat-fp","7":"product_cat-hemden","8":"product_cat-j-harvest-frost","9":"product_cat-regular-fit","10":"product_tag-3xl-4xl","11":"product_tag-baumwolle","12":"product_tag-blautoene","13":"product_tag-herren","14":"product_tag-langarm","15":"product_tag-leicht","16":"product_tag-regular-fit","17":"product_tag-weisstoene","19":"first","20":"instock","21":"taxable","22":"shipping-taxable","23":"purchasable","24":"product-type-variable"},"_links":{"self":[{"href":"https:\/\/www.ernesto-vargas.com\/shop\/wp-json\/wp\/v2\/product\/43623","targetHints":{"allow":["GET"]}}],"collection":[{"href":"https:\/\/www.ernesto-vargas.com\/shop\/wp-json\/wp\/v2\/product"}],"about":[{"href":"https:\/\/www.ernesto-vargas.com\/shop\/wp-json\/wp\/v2\/types\/product"}],"wp:featuredmedia":[{"embeddable":true,"href":"https:\/\/www.ernesto-vargas.com\/shop\/wp-json\/wp\/v2\/media\/43630"}],"wp:attachment":[{"href":"https:\/\/www.ernesto-vargas.com\/shop\/wp-json\/wp\/v2\/media?parent=43623"}],"wp:term":[{"taxonomy":"product_brand","embeddable":true,"href":"https:\/\/www.ernesto-vargas.com\/shop\/wp-json\/wp\/v2\/product_brand?post=43623"},{"taxonomy":"product_cat","embeddable":true,"href":"https:\/\/www.ernesto-vargas.com\/shop\/wp-json\/wp\/v2\/product_cat?post=43623"},{"taxonomy":"product_tag","embeddable":true,"href":"https:\/\/www.ernesto-vargas.com\/shop\/wp-json\/wp\/v2\/product_tag?post=43623"}],"curies":[{"name":"wp","href":"https:\/\/api.w.org\/{rel}","templated":true}]}}