{"id":44040,"date":"2021-06-28T08:27:49","date_gmt":"2021-06-28T06:27:49","guid":{"rendered":"https:\/\/www.ernesto-vargas.com\/shop\/?post_type=product&#038;p=44040"},"modified":"2022-11-14T10:12:58","modified_gmt":"2022-11-14T09:12:58","slug":"red-bow-122-slim","status":"publish","type":"product","link":"https:\/\/www.ernesto-vargas.com\/shop\/product\/red-bow-122-slim\/","title":{"rendered":"RED BOW 122 SLIM"},"content":{"rendered":"<p>Es ist an der Zeit, eines unserer beliebtesten Modelle behutsam zu erneuern. Das Red Bow 122 ist eine Erweiterung zum Red Bow 20. Ein unerl\u00e4ssliches Modell mit neuen, modernen Details und dem zus\u00e4tzlichen neuen, versteckten Button Down Kragen, den wir so sehr lieben. Wir sind bereit f\u00fcr ein neues Jahrzehnt.<\/p>\n<p><strong>Material:<\/strong> 100% Baumwolle, 124 g\/m\u00b2<\/p>\n<p><strong>Gr\u00f6ssen:<\/strong> XS-XXL<\/p>\n<p>&nbsp;<\/p>\n","protected":false},"excerpt":{"rendered":"<p>Es ist an der Zeit, eines unserer beliebtesten Modelle behutsam zu erneuern. Das Red Bow 122 ist eine Erweiterung zum Red Bow 20.<\/p>\n","protected":false},"featured_media":44119,"template":"","meta":{"_et_pb_use_builder":"","_et_pb_old_content":"","_et_gb_content_width":""},"product_brand":[],"product_cat":[99,237,943,861],"product_tag":[715,831,838,783,848,646,684,833,850],"class_list":{"0":"post-44040","1":"product","2":"type-product","3":"status-publish","4":"has-post-thumbnail","6":"product_cat-fp","7":"product_cat-hemden","8":"product_cat-j-harvest-frost","9":"product_cat-slim-fit","10":"product_tag-baumwolle","11":"product_tag-blautoene","12":"product_tag-grautoene","13":"product_tag-herren","14":"product_tag-langarm","15":"product_tag-leicht","16":"product_tag-slim-fit","17":"product_tag-weisstoene","18":"product_tag-xs","20":"first","21":"instock","22":"taxable","23":"shipping-taxable","24":"purchasable","25":"product-type-variable"},"_links":{"self":[{"href":"https:\/\/www.ernesto-vargas.com\/shop\/wp-json\/wp\/v2\/product\/44040","targetHints":{"allow":["GET"]}}],"collection":[{"href":"https:\/\/www.ernesto-vargas.com\/shop\/wp-json\/wp\/v2\/product"}],"about":[{"href":"https:\/\/www.ernesto-vargas.com\/shop\/wp-json\/wp\/v2\/types\/product"}],"wp:featuredmedia":[{"embeddable":true,"href":"https:\/\/www.ernesto-vargas.com\/shop\/wp-json\/wp\/v2\/media\/44119"}],"wp:attachment":[{"href":"https:\/\/www.ernesto-vargas.com\/shop\/wp-json\/wp\/v2\/media?parent=44040"}],"wp:term":[{"taxonomy":"product_brand","embeddable":true,"href":"https:\/\/www.ernesto-vargas.com\/shop\/wp-json\/wp\/v2\/product_brand?post=44040"},{"taxonomy":"product_cat","embeddable":true,"href":"https:\/\/www.ernesto-vargas.com\/shop\/wp-json\/wp\/v2\/product_cat?post=44040"},{"taxonomy":"product_tag","embeddable":true,"href":"https:\/\/www.ernesto-vargas.com\/shop\/wp-json\/wp\/v2\/product_tag?post=44040"}],"curies":[{"name":"wp","href":"https:\/\/api.w.org\/{rel}","templated":true}]}}