{"id":44819,"date":"2021-07-02T09:57:42","date_gmt":"2021-07-02T07:57:42","guid":{"rendered":"https:\/\/www.ernesto-vargas.com\/shop\/?post_type=product&#038;p=44819"},"modified":"2022-11-14T09:35:15","modified_gmt":"2022-11-14T08:35:15","slug":"purple-bow-143-slim","status":"publish","type":"product","link":"https:\/\/www.ernesto-vargas.com\/shop\/product\/purple-bow-143-slim\/","title":{"rendered":"PURPLE BOW 143 SLIM"},"content":{"rendered":"<p>Ein neues diskretes und dennoch kr\u00e4ftiges Hemd mit indigofarbenem Paisleymuster. Ziehen Sie es k\u00fchn mit einer Krawatte an oder tragen Sie es l\u00e4ssig zu einer Chino Hose. So oder so f\u00fchlen Sie sich den ganzen Tag komfortabel und stilsicher dank unserer gesch\u00e4tzten b\u00fcgelfreien und nat\u00fcrlichen Stretch Qualit\u00e4t. Innovation und Intelligenz gehen Hand in Hand!<\/p>\n<p><strong>Material:<\/strong> 100% Baumwolle, 122 g\/m\u00b2<\/p>\n<p><strong>Gr\u00f6ssen:<\/strong> XS-XXL<\/p>\n","protected":false},"excerpt":{"rendered":"<p>Ein neues diskretes und dennoch kr\u00e4ftiges Hemd mit indigofarbenem Paisleymuster.<\/p>\n","protected":false},"featured_media":44831,"template":"","meta":{"_et_pb_use_builder":"","_et_pb_old_content":"","_et_gb_content_width":""},"product_brand":[],"product_cat":[99,237,943,861],"product_tag":[715,831,783,848,646,684,850],"class_list":{"0":"post-44819","1":"product","2":"type-product","3":"status-publish","4":"has-post-thumbnail","6":"product_cat-fp","7":"product_cat-hemden","8":"product_cat-j-harvest-frost","9":"product_cat-slim-fit","10":"product_tag-baumwolle","11":"product_tag-blautoene","12":"product_tag-herren","13":"product_tag-langarm","14":"product_tag-leicht","15":"product_tag-slim-fit","16":"product_tag-xs","18":"first","19":"instock","20":"taxable","21":"shipping-taxable","22":"purchasable","23":"product-type-variable"},"_links":{"self":[{"href":"https:\/\/www.ernesto-vargas.com\/shop\/wp-json\/wp\/v2\/product\/44819","targetHints":{"allow":["GET"]}}],"collection":[{"href":"https:\/\/www.ernesto-vargas.com\/shop\/wp-json\/wp\/v2\/product"}],"about":[{"href":"https:\/\/www.ernesto-vargas.com\/shop\/wp-json\/wp\/v2\/types\/product"}],"wp:featuredmedia":[{"embeddable":true,"href":"https:\/\/www.ernesto-vargas.com\/shop\/wp-json\/wp\/v2\/media\/44831"}],"wp:attachment":[{"href":"https:\/\/www.ernesto-vargas.com\/shop\/wp-json\/wp\/v2\/media?parent=44819"}],"wp:term":[{"taxonomy":"product_brand","embeddable":true,"href":"https:\/\/www.ernesto-vargas.com\/shop\/wp-json\/wp\/v2\/product_brand?post=44819"},{"taxonomy":"product_cat","embeddable":true,"href":"https:\/\/www.ernesto-vargas.com\/shop\/wp-json\/wp\/v2\/product_cat?post=44819"},{"taxonomy":"product_tag","embeddable":true,"href":"https:\/\/www.ernesto-vargas.com\/shop\/wp-json\/wp\/v2\/product_tag?post=44819"}],"curies":[{"name":"wp","href":"https:\/\/api.w.org\/{rel}","templated":true}]}}