{"id":45003,"date":"2021-07-02T14:16:04","date_gmt":"2021-07-02T12:16:04","guid":{"rendered":"https:\/\/www.ernesto-vargas.com\/shop\/?post_type=product&#038;p=45003"},"modified":"2022-11-02T18:04:10","modified_gmt":"2022-11-02T17:04:10","slug":"indigo-bow-30-regular","status":"publish","type":"product","link":"https:\/\/www.ernesto-vargas.com\/product\/indigo-bow-30-regular\/","title":{"rendered":"INDIGO BOW 30 REGULAR"},"content":{"rendered":"<p>Das Indigo Bow Oxford Hemd ist aus sorgf\u00e4ltig ausgew\u00e4hlten Materialien, die ein angenehmes Tragegef\u00fchl hervorrufen. Es ist ein Arbeiterhemd, das bereits eingearbeitet ist.<\/p>\n<p><strong>Material:<\/strong> 100% Baumwolle,160g\/m\u00b2<\/p>\n<p><strong>Gr\u00f6ssen:<\/strong> S-4XL<\/p>\n","protected":false},"excerpt":{"rendered":"<p>Das Indigo Bow Oxford Hemd ist aus sorgf\u00e4ltig ausgew\u00e4hlten Materialien, die ein angenehmes Tragegef\u00fchl hervorrufen. Es ist ein Arbeiterhemd, das bereits eingearbeitet ist.<\/p>\n","protected":false},"featured_media":45014,"template":"","meta":[],"product_brand":[],"product_cat":[99,237,943,860],"product_tag":[846,715,783,848,646,941,834],"class_list":{"0":"post-45003","1":"product","2":"type-product","3":"status-publish","4":"has-post-thumbnail","6":"product_cat-fp","7":"product_cat-hemden","8":"product_cat-j-harvest-frost","9":"product_cat-regular-fit","10":"product_tag-3xl-4xl","11":"product_tag-baumwolle","12":"product_tag-herren","13":"product_tag-langarm","14":"product_tag-leicht","15":"product_tag-regular-fit","16":"product_tag-rottoene","18":"first","19":"instock","20":"taxable","21":"shipping-taxable","22":"purchasable","23":"product-type-variable"},"_links":{"self":[{"href":"https:\/\/www.ernesto-vargas.com\/wp-json\/wp\/v2\/product\/45003","targetHints":{"allow":["GET"]}}],"collection":[{"href":"https:\/\/www.ernesto-vargas.com\/wp-json\/wp\/v2\/product"}],"about":[{"href":"https:\/\/www.ernesto-vargas.com\/wp-json\/wp\/v2\/types\/product"}],"wp:featuredmedia":[{"embeddable":true,"href":"https:\/\/www.ernesto-vargas.com\/wp-json\/wp\/v2\/media\/45014"}],"wp:attachment":[{"href":"https:\/\/www.ernesto-vargas.com\/wp-json\/wp\/v2\/media?parent=45003"}],"wp:term":[{"taxonomy":"product_brand","embeddable":true,"href":"https:\/\/www.ernesto-vargas.com\/wp-json\/wp\/v2\/product_brand?post=45003"},{"taxonomy":"product_cat","embeddable":true,"href":"https:\/\/www.ernesto-vargas.com\/wp-json\/wp\/v2\/product_cat?post=45003"},{"taxonomy":"product_tag","embeddable":true,"href":"https:\/\/www.ernesto-vargas.com\/wp-json\/wp\/v2\/product_tag?post=45003"}],"curies":[{"name":"wp","href":"https:\/\/api.w.org\/{rel}","templated":true}]}}