{"id":45072,"date":"2021-07-19T08:30:16","date_gmt":"2021-07-19T06:30:16","guid":{"rendered":"https:\/\/www.ernesto-vargas.com\/shop\/?post_type=product&#038;p=45072"},"modified":"2022-11-02T18:00:39","modified_gmt":"2022-11-02T17:00:39","slug":"indigo-bow-32-slim","status":"publish","type":"product","link":"https:\/\/www.ernesto-vargas.com\/product\/indigo-bow-32-slim\/","title":{"rendered":"INDIGO BOW 32 SLIM"},"content":{"rendered":"<p>Die blauen und weissen elit\u00e4ren Streifen sind nicht nur kultig, sie verk\u00f6rpern ein geschmackvoll adrettes Aussehen und zeitloses Auftreten zugleich. Ein Stil, der immer aktuell sein wird. Unsere Indigo Bow Oxford Hemden sind aus sorgf\u00e4ltig ausgew\u00e4hlten Materialien, die ein angenehmes Tragegef\u00fchl hervorrufen. Es sind Arbeiterhemden, die bereits eingearbeitet sind.<\/p>\n<p><strong>Material:<\/strong> 100% Baumwolle, Oxford Struktur, 160g\/m\u00b2<\/p>\n<p><strong>Gr\u00f6ssen: <\/strong>S-XXL<\/p>\n","protected":false},"excerpt":{"rendered":"<p>Die blauen und weissen elit\u00e4ren Streifen sind nicht nur kultig, sie verk\u00f6rpern ein geschmackvoll adrettes Aussehen und zeitloses Auftreten zugleich.<\/p>\n","protected":false},"featured_media":45085,"template":"","meta":[],"product_brand":[],"product_cat":[99,237,943,861],"product_tag":[715,831,783,848,646,684],"class_list":{"0":"post-45072","1":"product","2":"type-product","3":"status-publish","4":"has-post-thumbnail","6":"product_cat-fp","7":"product_cat-hemden","8":"product_cat-j-harvest-frost","9":"product_cat-slim-fit","10":"product_tag-baumwolle","11":"product_tag-blautoene","12":"product_tag-herren","13":"product_tag-langarm","14":"product_tag-leicht","15":"product_tag-slim-fit","17":"first","18":"instock","19":"taxable","20":"shipping-taxable","21":"purchasable","22":"product-type-variable"},"_links":{"self":[{"href":"https:\/\/www.ernesto-vargas.com\/wp-json\/wp\/v2\/product\/45072","targetHints":{"allow":["GET"]}}],"collection":[{"href":"https:\/\/www.ernesto-vargas.com\/wp-json\/wp\/v2\/product"}],"about":[{"href":"https:\/\/www.ernesto-vargas.com\/wp-json\/wp\/v2\/types\/product"}],"wp:featuredmedia":[{"embeddable":true,"href":"https:\/\/www.ernesto-vargas.com\/wp-json\/wp\/v2\/media\/45085"}],"wp:attachment":[{"href":"https:\/\/www.ernesto-vargas.com\/wp-json\/wp\/v2\/media?parent=45072"}],"wp:term":[{"taxonomy":"product_brand","embeddable":true,"href":"https:\/\/www.ernesto-vargas.com\/wp-json\/wp\/v2\/product_brand?post=45072"},{"taxonomy":"product_cat","embeddable":true,"href":"https:\/\/www.ernesto-vargas.com\/wp-json\/wp\/v2\/product_cat?post=45072"},{"taxonomy":"product_tag","embeddable":true,"href":"https:\/\/www.ernesto-vargas.com\/wp-json\/wp\/v2\/product_tag?post=45072"}],"curies":[{"name":"wp","href":"https:\/\/api.w.org\/{rel}","templated":true}]}}