{"id":45408,"date":"2021-07-19T17:23:19","date_gmt":"2021-07-19T15:23:19","guid":{"rendered":"https:\/\/www.ernesto-vargas.com\/shop\/?post_type=product&#038;p=45408"},"modified":"2022-11-02T17:53:59","modified_gmt":"2022-11-02T16:53:59","slug":"indigo-bow-34-slim","status":"publish","type":"product","link":"https:\/\/www.ernesto-vargas.com\/shop\/product\/indigo-bow-34-slim\/","title":{"rendered":"INDIGO BOW 34 SLIM"},"content":{"rendered":"<p>Es sieht aus wie ein klassisches gewebtes Businesshemd, ist aber tats\u00e4chlich ein Strickhemd. Das Beste aus zwei Welten kombiniert. Ein sch\u00f6nes und bequemes Businesshemd, das sich anf\u00fchlt wie ein T-Shirt. Dies wird durch die Verwendung von High End Double 60 Kompaktgarn und einer weichen Behandlung erreicht und gibt dem Hemd einen luxuri\u00f6sen Look und eine seidige Note. Durch die Verwendung von hochwertigen Strickgarn erhalten Sie eine nat\u00fcrliche b\u00fcgelfreie Oberfl\u00e4che. Einfach waschen, trocknen und tragen.<\/p>\n<p><strong>Material:<\/strong> 100% Baumwolle, 159 \/m\u00b2<\/p>\n<p><strong>Gr\u00f6ssen:<\/strong> XS-XXL<\/p>\n","protected":false},"excerpt":{"rendered":"<p>Es sieht aus wie ein klassisches gewebtes Businesshemd, ist aber tats\u00e4chlich ein Strickhemd.<\/p>\n","protected":false},"featured_media":45467,"template":"","meta":{"_et_pb_use_builder":"","_et_pb_old_content":"","_et_gb_content_width":""},"product_brand":[],"product_cat":[99,237,943,861],"product_tag":[715,831,783,646,684,833,850],"class_list":{"0":"post-45408","1":"product","2":"type-product","3":"status-publish","4":"has-post-thumbnail","6":"product_cat-fp","7":"product_cat-hemden","8":"product_cat-j-harvest-frost","9":"product_cat-slim-fit","10":"product_tag-baumwolle","11":"product_tag-blautoene","12":"product_tag-herren","13":"product_tag-leicht","14":"product_tag-slim-fit","15":"product_tag-weisstoene","16":"product_tag-xs","18":"first","19":"instock","20":"taxable","21":"shipping-taxable","22":"purchasable","23":"product-type-variable"},"_links":{"self":[{"href":"https:\/\/www.ernesto-vargas.com\/shop\/wp-json\/wp\/v2\/product\/45408","targetHints":{"allow":["GET"]}}],"collection":[{"href":"https:\/\/www.ernesto-vargas.com\/shop\/wp-json\/wp\/v2\/product"}],"about":[{"href":"https:\/\/www.ernesto-vargas.com\/shop\/wp-json\/wp\/v2\/types\/product"}],"wp:featuredmedia":[{"embeddable":true,"href":"https:\/\/www.ernesto-vargas.com\/shop\/wp-json\/wp\/v2\/media\/45467"}],"wp:attachment":[{"href":"https:\/\/www.ernesto-vargas.com\/shop\/wp-json\/wp\/v2\/media?parent=45408"}],"wp:term":[{"taxonomy":"product_brand","embeddable":true,"href":"https:\/\/www.ernesto-vargas.com\/shop\/wp-json\/wp\/v2\/product_brand?post=45408"},{"taxonomy":"product_cat","embeddable":true,"href":"https:\/\/www.ernesto-vargas.com\/shop\/wp-json\/wp\/v2\/product_cat?post=45408"},{"taxonomy":"product_tag","embeddable":true,"href":"https:\/\/www.ernesto-vargas.com\/shop\/wp-json\/wp\/v2\/product_tag?post=45408"}],"curies":[{"name":"wp","href":"https:\/\/api.w.org\/{rel}","templated":true}]}}