{"id":45640,"date":"2021-07-21T10:31:19","date_gmt":"2021-07-21T08:31:19","guid":{"rendered":"https:\/\/www.ernesto-vargas.com\/shop\/?post_type=product&#038;p=45640"},"modified":"2022-11-16T10:00:38","modified_gmt":"2022-11-16T09:00:38","slug":"yellow-bow-50-regular","status":"publish","type":"product","link":"https:\/\/www.ernesto-vargas.com\/shop\/product\/yellow-bow-50-regular\/","title":{"rendered":"YELLOW BOW 50 REGULAR"},"content":{"rendered":"<p>Yellow Bow ist unser \u201ckr\u00e4mpel die \u00c4rmel hoch und geh zur Arbeit\u201d Hemd. Es ist ein einfarbiges klassisches Hemd mit modernen massgeschneiderten Details, aus unsere Lieblings Mix Fein Twill mit einer zus\u00e4tzlichen, einzigartigen umweltfreundlichen Easy Care Behandlung hergestellt. Wie gewohnt mit einem Split Yoke und Taped Main Seams f\u00fcr h\u00f6chste Qualit\u00e4tsanspr\u00fcche.<\/p>\n<p><strong>Material:<\/strong> 60%Baumwolle, 40% Polyester, 134 g\/m\u00b2<\/p>\n<p><strong>Gr\u00f6ssen: <\/strong>S-5XL<\/p>\n","protected":false},"excerpt":{"rendered":"<p>Yellow Bow ist unser \u201ckr\u00e4mpel die \u00c4rmel hoch und geh zur Arbeit\u201d Hemd.<\/p>\n","protected":false},"featured_media":58252,"template":"","meta":{"_et_pb_use_builder":"","_et_pb_old_content":"","_et_gb_content_width":""},"product_brand":[],"product_cat":[99,237,943,860],"product_tag":[846,441,831,838,783,848,646,790,941,832,833],"class_list":{"0":"post-45640","1":"product","2":"type-product","3":"status-publish","4":"has-post-thumbnail","6":"product_cat-fp","7":"product_cat-hemden","8":"product_cat-j-harvest-frost","9":"product_cat-regular-fit","10":"product_tag-3xl-4xl","11":"product_tag-5xl","12":"product_tag-blautoene","13":"product_tag-grautoene","14":"product_tag-herren","15":"product_tag-langarm","16":"product_tag-leicht","17":"product_tag-mischware","18":"product_tag-regular-fit","19":"product_tag-schwarztoene","20":"product_tag-weisstoene","22":"first","23":"instock","24":"taxable","25":"shipping-taxable","26":"purchasable","27":"product-type-variable"},"_links":{"self":[{"href":"https:\/\/www.ernesto-vargas.com\/shop\/wp-json\/wp\/v2\/product\/45640","targetHints":{"allow":["GET"]}}],"collection":[{"href":"https:\/\/www.ernesto-vargas.com\/shop\/wp-json\/wp\/v2\/product"}],"about":[{"href":"https:\/\/www.ernesto-vargas.com\/shop\/wp-json\/wp\/v2\/types\/product"}],"wp:featuredmedia":[{"embeddable":true,"href":"https:\/\/www.ernesto-vargas.com\/shop\/wp-json\/wp\/v2\/media\/58252"}],"wp:attachment":[{"href":"https:\/\/www.ernesto-vargas.com\/shop\/wp-json\/wp\/v2\/media?parent=45640"}],"wp:term":[{"taxonomy":"product_brand","embeddable":true,"href":"https:\/\/www.ernesto-vargas.com\/shop\/wp-json\/wp\/v2\/product_brand?post=45640"},{"taxonomy":"product_cat","embeddable":true,"href":"https:\/\/www.ernesto-vargas.com\/shop\/wp-json\/wp\/v2\/product_cat?post=45640"},{"taxonomy":"product_tag","embeddable":true,"href":"https:\/\/www.ernesto-vargas.com\/shop\/wp-json\/wp\/v2\/product_tag?post=45640"}],"curies":[{"name":"wp","href":"https:\/\/api.w.org\/{rel}","templated":true}]}}