{"id":47437,"date":"2021-08-16T14:25:11","date_gmt":"2021-08-16T12:25:11","guid":{"rendered":"https:\/\/www.ernesto-vargas.com\/shop\/?post_type=product&#038;p=47437"},"modified":"2023-05-05T10:29:56","modified_gmt":"2023-05-05T08:29:56","slug":"warnschutz-sommer-arbeitshose-st931","status":"publish","type":"product","link":"https:\/\/www.ernesto-vargas.com\/shop\/product\/warnschutz-sommer-arbeitshose-st931\/","title":{"rendered":"Warnschutz Sommer-Arbeitshose ST931"},"content":{"rendered":"<p><strong>MATERIAL &amp; GEWICHT<\/strong><br \/>\n90% Polyester \/ 10% Elastan, 210 g\/m\u00b2<\/p>\n<p><strong>DETAILS<\/strong><\/p>\n<ul>\n<li>angenehmes Tragegef\u00fchl durch Stretchgewebe<\/li>\n<li>1 Seitentaschen mit Handytasche, Ges\u00e4sstasche, Metertasche mit Stiftfach<\/li>\n<li>gr\u00f6ssenverstellbarer Bund<\/li>\n<li>segmentierte, dehnbare Reflexstreifen f\u00fcr mehr Komfort<\/li>\n<li>Zertifikate: EN ISO 20471, Klasse 2, Matrixgruppe X<\/li>\n<\/ul>\n<p><strong>GR\u00d6SSEN<\/strong><br \/>\nEU 44 &#8211; 64, Schrittl\u00e4nge: w\u00e4hlbar 75 cm (kurz) oder 80 cm (normal)<\/p>\n","protected":false},"excerpt":{"rendered":"<p>Die Sommerhose ist die ideale L\u00f6sung. Leichtes Stretchmaterial, grosse L\u00fcftungseinl\u00e4sse, bestm\u00f6glicher Komfort.<\/p>\n","protected":false},"featured_media":47502,"template":"","meta":{"_et_pb_use_builder":"","_et_pb_old_content":"","_et_gb_content_width":""},"product_brand":[],"product_cat":[946,56,99,71],"product_tag":[482,689,177,783,788,60,790,781,792],"class_list":{"0":"post-47437","1":"product","2":"type-product","3":"status-publish","4":"has-post-thumbnail","6":"product_cat-alpstone","7":"product_cat-arbeitshosen","8":"product_cat-fp","9":"product_cat-lange-hosen","10":"product_tag-en-iso-20471-klasse-2","11":"product_tag-groessenverstellbarer-bund","12":"product_tag-handytasche","13":"product_tag-herren","14":"product_tag-hi-vis-orange","15":"product_tag-metertasche","16":"product_tag-mischware","17":"product_tag-reflektierende-elemente","18":"product_tag-schwer","20":"first","21":"instock","22":"taxable","23":"shipping-taxable","24":"purchasable","25":"product-type-variable"},"_links":{"self":[{"href":"https:\/\/www.ernesto-vargas.com\/shop\/wp-json\/wp\/v2\/product\/47437","targetHints":{"allow":["GET"]}}],"collection":[{"href":"https:\/\/www.ernesto-vargas.com\/shop\/wp-json\/wp\/v2\/product"}],"about":[{"href":"https:\/\/www.ernesto-vargas.com\/shop\/wp-json\/wp\/v2\/types\/product"}],"wp:featuredmedia":[{"embeddable":true,"href":"https:\/\/www.ernesto-vargas.com\/shop\/wp-json\/wp\/v2\/media\/47502"}],"wp:attachment":[{"href":"https:\/\/www.ernesto-vargas.com\/shop\/wp-json\/wp\/v2\/media?parent=47437"}],"wp:term":[{"taxonomy":"product_brand","embeddable":true,"href":"https:\/\/www.ernesto-vargas.com\/shop\/wp-json\/wp\/v2\/product_brand?post=47437"},{"taxonomy":"product_cat","embeddable":true,"href":"https:\/\/www.ernesto-vargas.com\/shop\/wp-json\/wp\/v2\/product_cat?post=47437"},{"taxonomy":"product_tag","embeddable":true,"href":"https:\/\/www.ernesto-vargas.com\/shop\/wp-json\/wp\/v2\/product_tag?post=47437"}],"curies":[{"name":"wp","href":"https:\/\/api.w.org\/{rel}","templated":true}]}}