{"id":47461,"date":"2021-08-16T16:39:24","date_gmt":"2021-08-16T14:39:24","guid":{"rendered":"https:\/\/www.ernesto-vargas.com\/shop\/?post_type=product&#038;p=47461"},"modified":"2023-06-09T11:03:07","modified_gmt":"2023-06-09T09:03:07","slug":"warnschutz-arbeitsshorts-stretch-st801","status":"publish","type":"product","link":"https:\/\/www.ernesto-vargas.com\/shop\/product\/warnschutz-arbeitsshorts-stretch-st801\/","title":{"rendered":"Warnschutz Arbeitsshorts Stretch ST801"},"content":{"rendered":"<p><strong>MATERIAL &amp; GEWICHT<\/strong><br \/>\n90% Polyester \/ 10% Elastan, 210 g\/m\u00b2<\/p>\n<p><strong>DETAILS<\/strong><\/p>\n<ul>\n<li>angenehmes Tragegef\u00fchl durch Stretchgewebe<\/li>\n<li>1 Seitentaschen mit Handytasche, Ges\u00e4sstasche, Metertasche mit Stiftfach<\/li>\n<li>segmentierte, dehnbare Reflexstreifen f\u00fcr mehr Komfort<\/li>\n<li>Zertifikate: EN ISO 20471, Klasse 1, Matrixgruppe X<\/li>\n<\/ul>\n<p><strong>GR\u00d6SSEN<\/strong><br \/>\nEU 44 &#8211; 66<\/p>\n","protected":false},"excerpt":{"rendered":"<p>Das Stretchgewebe und die segmentierte, dehnbare Reflexstreifen sorgen f\u00fcr angenehmes Tragegef\u00fchl, mehr Komfort und Funktionalit\u00e4t.<\/p>\n","protected":false},"featured_media":83593,"template":"","meta":{"_et_pb_use_builder":"","_et_pb_old_content":"","_et_gb_content_width":""},"product_brand":[],"product_cat":[946,56,99,65],"product_tag":[798,177,783,788,60,790,781,792],"class_list":{"0":"post-47461","1":"product","2":"type-product","3":"status-publish","4":"has-post-thumbnail","6":"product_cat-alpstone","7":"product_cat-arbeitshosen","8":"product_cat-fp","9":"product_cat-kurze-hosen","10":"product_tag-en-iso-20471-klasse-1","11":"product_tag-handytasche","12":"product_tag-herren","13":"product_tag-hi-vis-orange","14":"product_tag-metertasche","15":"product_tag-mischware","16":"product_tag-reflektierende-elemente","17":"product_tag-schwer","19":"first","20":"instock","21":"taxable","22":"shipping-taxable","23":"purchasable","24":"product-type-variable"},"_links":{"self":[{"href":"https:\/\/www.ernesto-vargas.com\/shop\/wp-json\/wp\/v2\/product\/47461","targetHints":{"allow":["GET"]}}],"collection":[{"href":"https:\/\/www.ernesto-vargas.com\/shop\/wp-json\/wp\/v2\/product"}],"about":[{"href":"https:\/\/www.ernesto-vargas.com\/shop\/wp-json\/wp\/v2\/types\/product"}],"wp:featuredmedia":[{"embeddable":true,"href":"https:\/\/www.ernesto-vargas.com\/shop\/wp-json\/wp\/v2\/media\/83593"}],"wp:attachment":[{"href":"https:\/\/www.ernesto-vargas.com\/shop\/wp-json\/wp\/v2\/media?parent=47461"}],"wp:term":[{"taxonomy":"product_brand","embeddable":true,"href":"https:\/\/www.ernesto-vargas.com\/shop\/wp-json\/wp\/v2\/product_brand?post=47461"},{"taxonomy":"product_cat","embeddable":true,"href":"https:\/\/www.ernesto-vargas.com\/shop\/wp-json\/wp\/v2\/product_cat?post=47461"},{"taxonomy":"product_tag","embeddable":true,"href":"https:\/\/www.ernesto-vargas.com\/shop\/wp-json\/wp\/v2\/product_tag?post=47461"}],"curies":[{"name":"wp","href":"https:\/\/api.w.org\/{rel}","templated":true}]}}