{"id":58688,"date":"2023-04-18T10:51:33","date_gmt":"2023-04-18T08:51:33","guid":{"rendered":"https:\/\/www.ernesto-vargas.com\/shop\/?post_type=product&#038;p=58688"},"modified":"2023-05-09T11:23:01","modified_gmt":"2023-05-09T09:23:01","slug":"mascot-customized-hose-mit-knietaschen-22279-605","status":"publish","type":"product","link":"https:\/\/www.ernesto-vargas.com\/shop\/product\/mascot-customized-hose-mit-knietaschen-22279-605\/","title":{"rendered":"Mascot\u00ae Customized Hose mit Knietaschen 22279-605"},"content":{"rendered":"<p>DETAILS<\/p>\n<ul>\n<li>Strapazierf\u00e4higer, ultraleichter Stretchstoff f\u00fcr einzigartige Bewegungsfreiheit.<\/li>\n<li>Mit dem Click Pocket System lassen sich genau die gew\u00fcnschten H\u00e4ngetaschen befestigen.<\/li>\n<li>Maximaler Komfort durch zus\u00e4tzliche Bel\u00fcftung, Tag f\u00fcr Tag.<\/li>\n<li>\u00c4u\u00dferst strapazierf\u00e4hige Knietaschen aus CORDURA\u00ae schonen die Knie, ohne Einschr\u00e4nkungen bei der Qualit\u00e4t.<\/li>\n<li>Wasser- und schmutzabweisende Beschichtung.<\/li>\n<\/ul>\n<p>MATERIAL &amp; GEWICHT: 89% Recyceltes Polyamid\/11% Elasthan, 180 g\/m\u00b2<\/p>\n<p>MAXIMALE WASCHTEMPERATUR: 40 \u00b0C<\/p>\n<p>GR\u00d6SSEN:<\/p>\n<ul>\n<li>Standardgr\u00f6ssen: 82C42 &#8211; 82C68<\/li>\n<li>Kurzgr\u00f6ssen: 76C44 &#8211; 76C58<\/li>\n<li>Langgr\u00f6ssen: 90C46 &#8211; 90C62<\/li>\n<\/ul>\n<p>&nbsp;<\/p>\n<div id=\"main-content\">\n<div class=\"container\">\n<div id=\"content-area\" class=\"clearfix\">\n<div id=\"left-area\">\n<div id=\"product-40268\" class=\"product type-product post-40268 status-publish first instock product_cat-arbeitshosen product_cat-dassy product_cat-fp product_cat-lange-hosen product_tag-60c product_tag-beine-verlaengerbar product_tag-braun product_tag-cordura-verstaerkte-knie product_tag-dunkelanthrazit product_tag-dunkelblau product_tag-handytasche product_tag-herren product_tag-metertasche product_tag-mischware product_tag-mittel product_tag-oeko-tex-standard-100 product_tag-reflektierende-elemente product_tag-rot product_tag-royalblau product_tag-schwarz has-post-thumbnail taxable shipping-taxable purchasable product-type-variable\">\n<div class=\"woocommerce-tabs wc-tabs-wrapper\">\n<div id=\"tab-description\" class=\"woocommerce-Tabs-panel woocommerce-Tabs-panel--description panel entry-content wc-tab\" role=\"tabpanel\" aria-labelledby=\"tab-title-description\">\n<p><strong>Bemerkungen zu den L\u00e4ngen:<\/strong><\/p>\n<p>Die meisten MASCOT\u00ae-Arbeitshosen sind in <strong>3 verschiedenen Schrittl\u00e4ngen<\/strong> verf\u00fcgbar:<\/p>\n<p><strong>STANDARD<\/strong><br \/>\nDie STANDARD-Schrittl\u00e4nge betr\u00e4gt 82 cm (Angabe 82C).<\/p>\n<p><strong>KURZ<\/strong><b><br \/>\n<\/b>Die KURZ-Schrittl\u00e4nge betr\u00e4gt 76 cm (Angabe 76C).<\/p>\n<p><strong>LANG<\/strong><b><br \/>\n<\/b>Die LANG-Schrittl\u00e4nge betr\u00e4gt 90 cm (Angabe 90C).<\/p>\n<p><strong>TIPP<\/strong>: Ihre eigene Innenbeinl\u00e4nge (Schrittl\u00e4nge) messen ist gar nicht so einfach. Es ist also besser, jemanden um Hilfe zu bitten.<\/p>\n<\/div>\n<\/div>\n<\/div>\n<\/div>\n<\/div>\n<\/div>\n<\/div>\n<footer id=\"main-footer\">\n<div class=\"container\">\n<div id=\"footer-widgets\" class=\"clearfix\">\n<div class=\"footer-widget\">\n<div id=\"nav_menu-3\" class=\"fwidget et_pb_widget widget_nav_menu\"><\/div>\n<\/div>\n<\/div>\n<\/div>\n<\/footer>\n","protected":false},"excerpt":{"rendered":"<p>Ultimatives Stretchgewebe mit geringem Gewicht und hoher Strapazierf\u00e4higkeit. Mit wasserabweisendem Finish. Vorbereitet f\u00fcr die H\u00e4ngetaschen mit Click Pocket System. Zweifache und dreifache Kappn\u00e4hte an den Beinen und im Schritt. Hosenbeine sind ergonomisch geformt. Bel\u00fcftungsl\u00f6cher in der Kniekehle und an der R\u00fcckseite des Bundes.<\/p>\n","protected":false},"featured_media":59354,"template":"","meta":{"_et_pb_use_builder":"","_et_pb_old_content":"","_et_gb_content_width":""},"product_brand":[],"product_cat":[56,99,71,443,1004],"product_tag":[688,992,796,812,800,802,793,801,177,783,646,790,710,542,781,815,799,784,91,810],"class_list":{"0":"post-58688","1":"product","2":"type-product","3":"status-publish","4":"has-post-thumbnail","6":"product_cat-arbeitshosen","7":"product_cat-fp","8":"product_cat-lange-hosen","9":"product_cat-mascot","10":"product_cat-mascot-customized","11":"product_tag-abnehmbare-nageltaschen","12":"product_tag-beige","13":"product_tag-belueftungsoeffnung","14":"product_tag-braun","15":"product_tag-dunkelanthrazit","16":"product_tag-dunkelblau","17":"product_tag-grau","18":"product_tag-gruen","19":"product_tag-handytasche","20":"product_tag-herren","21":"product_tag-leicht","22":"product_tag-mischware","23":"product_tag-nageltasche","24":"product_tag-oeko-tex-standard-100","25":"product_tag-reflektierende-elemente","26":"product_tag-rot","27":"product_tag-schwarz","28":"product_tag-waschbar-unter-60c","29":"product_tag-wasserdicht","30":"product_tag-weiss","32":"first","33":"instock","34":"taxable","35":"shipping-taxable","36":"purchasable","37":"product-type-variable","38":"has-default-attributes"},"_links":{"self":[{"href":"https:\/\/www.ernesto-vargas.com\/shop\/wp-json\/wp\/v2\/product\/58688","targetHints":{"allow":["GET"]}}],"collection":[{"href":"https:\/\/www.ernesto-vargas.com\/shop\/wp-json\/wp\/v2\/product"}],"about":[{"href":"https:\/\/www.ernesto-vargas.com\/shop\/wp-json\/wp\/v2\/types\/product"}],"wp:featuredmedia":[{"embeddable":true,"href":"https:\/\/www.ernesto-vargas.com\/shop\/wp-json\/wp\/v2\/media\/59354"}],"wp:attachment":[{"href":"https:\/\/www.ernesto-vargas.com\/shop\/wp-json\/wp\/v2\/media?parent=58688"}],"wp:term":[{"taxonomy":"product_brand","embeddable":true,"href":"https:\/\/www.ernesto-vargas.com\/shop\/wp-json\/wp\/v2\/product_brand?post=58688"},{"taxonomy":"product_cat","embeddable":true,"href":"https:\/\/www.ernesto-vargas.com\/shop\/wp-json\/wp\/v2\/product_cat?post=58688"},{"taxonomy":"product_tag","embeddable":true,"href":"https:\/\/www.ernesto-vargas.com\/shop\/wp-json\/wp\/v2\/product_tag?post=58688"}],"curies":[{"name":"wp","href":"https:\/\/api.w.org\/{rel}","templated":true}]}}