{"id":60491,"date":"2023-04-19T10:51:20","date_gmt":"2023-04-19T08:51:20","guid":{"rendered":"https:\/\/www.ernesto-vargas.com\/shop\/?post_type=product&#038;p=60491"},"modified":"2023-04-21T09:50:15","modified_gmt":"2023-04-21T07:50:15","slug":"mascot-customized-hose-mit-knietaschen-22479-230","status":"publish","type":"product","link":"https:\/\/www.ernesto-vargas.com\/shop\/product\/mascot-customized-hose-mit-knietaschen-22479-230\/","title":{"rendered":"Mascot Customized Hose mit Knietaschen 22479-230"},"content":{"rendered":"<p>DETAILS<\/p>\n<ul>\n<li>Strapazierf\u00e4higer, ultraleichter Stretch sorgt f\u00fcr maximalen Komfort, Tag f\u00fcr Tag.<\/li>\n<li>Atmungsaktiv, wind- und wasserdicht, damit Sie bei jedem Wetter Ihr Bestes geben k\u00f6nnen.<\/li>\n<li>Eng anliegende Kapuze mit transparenten Seitenteilen, die das Blickfeld nicht einschr\u00e4nken.<\/li>\n<li>Reflektoren an den \u00c4rmeln erh\u00f6hen die Sichtbarkeit im Dunkeln.<\/li>\n<li>Hoher Anteil von recyceltem Polyester im Hauptmaterial.<\/li>\n<li>Ultimatives Stretchgewebe mit geringem Gewicht und hoher Strapazierf\u00e4higkeit.<\/li>\n<li>Atmungsaktiv, wind- und wasserdicht. N\u00e4hte sind verklebt.<\/li>\n<li>Verschluss mit Reissverschluss und inwendiger Wetterschutzleiste.<\/li>\n<li>Kapuze ist gef\u00fcttert und abnehmbar.<\/li>\n<li>Die Kapuze hat seitlich transparente Kunststoffeins\u00e4tze. Stehkragen.<\/li>\n<li>Brusttasche mit Reissverschluss. Vordertaschen mit Reissverschluss.<\/li>\n<li>ID-Kartenhalter ist abnehmbar.<\/li>\n<li>Ergonomisch geschnittene \u00c4rmel erm\u00f6glichen hohe Bewegungsfreiheit.<\/li>\n<li>Rippenb\u00fcndchen (verdeckt unter der Wetterschutzleiste) an den Handgelenken.<\/li>\n<li>Daumenl\u00f6cher am Handgelenk.<\/li>\n<li>Reflexeffekte.<\/li>\n<\/ul>\n<p>&nbsp;<\/p>\n<p>MATERIAL &amp; GEWICHT: 100% Recyceltes Polyester, 200 g\/m\u00b2<\/p>\n<p>MAXIMALE WASCHTEMPERATUR: 40 \u00b0C<\/p>\n<p>GR\u00d6SSEN:<\/p>\n<ul>\n<li>XS-4XL<\/li>\n<\/ul>\n<p>&nbsp;<\/p>\n<div id=\"main-content\">\n<div class=\"container\">\n<div id=\"content-area\" class=\"clearfix\">\n<div id=\"left-area\">\n<div id=\"product-40268\" class=\"product type-product post-40268 status-publish first instock product_cat-arbeitshosen product_cat-dassy product_cat-fp product_cat-lange-hosen product_tag-60c product_tag-beine-verlaengerbar product_tag-braun product_tag-cordura-verstaerkte-knie product_tag-dunkelanthrazit product_tag-dunkelblau product_tag-handytasche product_tag-herren product_tag-metertasche product_tag-mischware product_tag-mittel product_tag-oeko-tex-standard-100 product_tag-reflektierende-elemente product_tag-rot product_tag-royalblau product_tag-schwarz has-post-thumbnail taxable shipping-taxable purchasable product-type-variable\">\n<div class=\"woocommerce-tabs wc-tabs-wrapper\">\n<div id=\"tab-description\" class=\"woocommerce-Tabs-panel woocommerce-Tabs-panel--description panel entry-content wc-tab\" role=\"tabpanel\" aria-labelledby=\"tab-title-description\">\n<p><strong>Bemerkungen zu den L\u00e4ngen:<\/strong><\/p>\n<p>Die meisten MASCOT\u00ae-Arbeitshosen sind in <strong>3 verschiedenen Schrittl\u00e4ngen<\/strong> verf\u00fcgbar:<\/p>\n<p><strong>STANDARD<\/strong><br \/>\nDie STANDARD-Schrittl\u00e4nge betr\u00e4gt 82 cm (Angabe 82C).<\/p>\n<p><strong>KURZ<\/strong><b><br \/>\n<\/b>Die KURZ-Schrittl\u00e4nge betr\u00e4gt 76 cm (Angabe 76C).<\/p>\n<p><strong>LANG<\/strong><b><br \/>\n<\/b>Die LANG-Schrittl\u00e4nge betr\u00e4gt 90 cm (Angabe 90C).<\/p>\n<p><strong>TIPP<\/strong>: Ihre eigene Innenbeinl\u00e4nge (Schrittl\u00e4nge) messen ist gar nicht so einfach. Es ist also besser, jemanden um Hilfe zu bitten.<\/p>\n<\/div>\n<\/div>\n<\/div>\n<\/div>\n<\/div>\n<\/div>\n<\/div>\n","protected":false},"excerpt":{"rendered":"<p>Leichte Qualit\u00e4t. Teile des Produktes sind aus Stretchstoff. Vorbereitet f\u00fcr die H\u00e4ngetaschen mit Click Pocket System. Zweifache und dreifache Kappn\u00e4hte an den Beinen und im Schritt. Hosenbeine sind ergonomisch geformt.<\/p>\n","protected":false},"featured_media":61140,"template":"","meta":{"_et_pb_use_builder":"","_et_pb_old_content":"","_et_gb_content_width":""},"product_brand":[],"product_cat":[1004],"product_tag":[688,992,796,812,800,802,793,801,59,177,783,646,790,970,781,815,799,784,91,810],"class_list":{"0":"post-60491","1":"product","2":"type-product","3":"status-publish","4":"has-post-thumbnail","6":"product_cat-mascot-customized","7":"product_tag-abnehmbare-nageltaschen","8":"product_tag-beige","9":"product_tag-belueftungsoeffnung","10":"product_tag-braun","11":"product_tag-dunkelanthrazit","12":"product_tag-dunkelblau","13":"product_tag-grau","14":"product_tag-gruen","15":"product_tag-hammerschlaufe","16":"product_tag-handytasche","17":"product_tag-herren","18":"product_tag-leicht","19":"product_tag-mischware","20":"product_tag-q-oeko-tex-standard-100","21":"product_tag-reflektierende-elemente","22":"product_tag-rot","23":"product_tag-schwarz","24":"product_tag-waschbar-unter-60c","25":"product_tag-wasserdicht","26":"product_tag-weiss","28":"first","29":"instock","30":"taxable","31":"shipping-taxable","32":"purchasable","33":"product-type-variable"},"_links":{"self":[{"href":"https:\/\/www.ernesto-vargas.com\/shop\/wp-json\/wp\/v2\/product\/60491","targetHints":{"allow":["GET"]}}],"collection":[{"href":"https:\/\/www.ernesto-vargas.com\/shop\/wp-json\/wp\/v2\/product"}],"about":[{"href":"https:\/\/www.ernesto-vargas.com\/shop\/wp-json\/wp\/v2\/types\/product"}],"wp:featuredmedia":[{"embeddable":true,"href":"https:\/\/www.ernesto-vargas.com\/shop\/wp-json\/wp\/v2\/media\/61140"}],"wp:attachment":[{"href":"https:\/\/www.ernesto-vargas.com\/shop\/wp-json\/wp\/v2\/media?parent=60491"}],"wp:term":[{"taxonomy":"product_brand","embeddable":true,"href":"https:\/\/www.ernesto-vargas.com\/shop\/wp-json\/wp\/v2\/product_brand?post=60491"},{"taxonomy":"product_cat","embeddable":true,"href":"https:\/\/www.ernesto-vargas.com\/shop\/wp-json\/wp\/v2\/product_cat?post=60491"},{"taxonomy":"product_tag","embeddable":true,"href":"https:\/\/www.ernesto-vargas.com\/shop\/wp-json\/wp\/v2\/product_tag?post=60491"}],"curies":[{"name":"wp","href":"https:\/\/api.w.org\/{rel}","templated":true}]}}