{"id":62144,"date":"2023-04-20T13:48:03","date_gmt":"2023-04-20T11:48:03","guid":{"rendered":"https:\/\/www.ernesto-vargas.com\/shop\/?post_type=product&#038;p=62144"},"modified":"2023-04-21T09:47:24","modified_gmt":"2023-04-21T07:47:24","slug":"mascot-customized-winterjacke-22035-657","status":"publish","type":"product","link":"https:\/\/www.ernesto-vargas.com\/shop\/product\/mascot-customized-winterjacke-22035-657\/","title":{"rendered":"Mascot Customized Winterjacke 22035-657"},"content":{"rendered":"<p>DETAILS<\/p>\n<ul>\n<li>Strapazierf\u00e4higer, ultraleichter Stretch sorgt f\u00fcr maximalen Komfort, Tag f\u00fcr Tag.<\/li>\n<li>Atmungsaktiv, wind- und wasserdicht, damit Sie bei jedem Wetter Ihr Bestes geben k\u00f6nnen.<\/li>\n<li>CLIMASCOT\u00ae Lightweight Insulation h\u00e4lt im Winter warm.<\/li>\n<li>Eng anliegende Kapuze mit transparenten Seitenteilen, die das Blickfeld nicht einschr\u00e4nken.<\/li>\n<li>Reflektoren an den \u00c4rmeln erh\u00f6hen die Sichtbarkeit im Dunkeln.<\/li>\n<li>Hoher Anteil von recyceltem Polyester im Hauptmaterial.<\/li>\n<li>Ultimatives Stretchgewebe mit geringem Gewicht und hoher Strapazierf\u00e4higkeit. Atmungsaktiv, wind- und wasserdicht. N\u00e4hte sind verklebt. Mit CLIMASCOT\u00ae Lightweight Insulation. Verschluss mit Reissverschluss und inwendiger Wetterschutzleiste. Kapuze ist gef\u00fcttert und abnehmbar. Die Kapuze hat seitlich transparente Kunststoffeins\u00e4tze. Stehkragen. Brusttasche mit Reissverschluss. Vordertaschen mit Reissverschluss. ID-Kartenhalter ist abnehmbar. Ergonomisch geschnittene \u00c4rmel erm\u00f6glichen hohe Bewegungsfreiheit. Innentaschen. Gummizug in den Manschetten. Rippenb\u00fcndchen (verdeckt unter der Wetterschutzleiste) an den Handgelenken. Daumenl\u00f6cher am Handgelenk. R\u00fccken ist verl\u00e4ngert. Reissverschluss im Futter am R\u00fccken zum Anbringen eines Logos\/einer Stickerei. Reflexeffekte.<\/li>\n<\/ul>\n<p>&nbsp;<\/p>\n<p>MATERIAL &amp; GEWICHT: 100% Recyceltes Polyester, 200 g\/m\u00b2<\/p>\n<p>GR\u00d6SSEN: XS &#8211; 4XL<\/p>\n<p>MAXIMALE WASCHTEMPERATUR: 40 \u00b0C<\/p>\n","protected":false},"excerpt":{"rendered":"<p>Ultimatives Stretchgewebe mit geringem Gewicht und hoher Strapazierf\u00e4higkeit. Atmungsaktiv, wind- und wasserdicht. N\u00e4hte sind verklebt. Mit CLIMASCOT\u00ae Lightweight Insulation. Verschluss mit Reissverschluss und inwendiger Wetterschutzleiste. Kapuze ist gef\u00fcttert und abnehmbar. Die Kapuze hat seitlich transparente Kunststoffeins\u00e4tze. Stehkragen. Brusttasche mit Reissverschluss. Vordertaschen mit Reissverschluss.<\/p>\n","protected":false},"featured_media":62189,"template":"","meta":{"_et_pb_use_builder":"","_et_pb_old_content":"","_et_gb_content_width":""},"product_brand":[],"product_cat":[1004],"product_tag":[800,801,783,779,646,542,776,781,782,799,820,784,91,810,747,819],"class_list":{"0":"post-62144","1":"product","2":"type-product","3":"status-publish","4":"has-post-thumbnail","6":"product_cat-mascot-customized","7":"product_tag-dunkelanthrazit","8":"product_tag-gruen","9":"product_tag-herren","10":"product_tag-hohe-atmungsaktivitaet","11":"product_tag-leicht","12":"product_tag-oeko-tex-standard-100","13":"product_tag-polyester-recyceltes-polyester","14":"product_tag-reflektierende-elemente","15":"product_tag-reflex-streifen","16":"product_tag-schwarz","17":"product_tag-stretch-zonen","18":"product_tag-waschbar-unter-60c","19":"product_tag-wasserdicht","20":"product_tag-weiss","21":"product_tag-winddicht","22":"product_tag-winter","24":"first","25":"instock","26":"taxable","27":"shipping-taxable","28":"purchasable","29":"product-type-variable"},"_links":{"self":[{"href":"https:\/\/www.ernesto-vargas.com\/shop\/wp-json\/wp\/v2\/product\/62144","targetHints":{"allow":["GET"]}}],"collection":[{"href":"https:\/\/www.ernesto-vargas.com\/shop\/wp-json\/wp\/v2\/product"}],"about":[{"href":"https:\/\/www.ernesto-vargas.com\/shop\/wp-json\/wp\/v2\/types\/product"}],"wp:featuredmedia":[{"embeddable":true,"href":"https:\/\/www.ernesto-vargas.com\/shop\/wp-json\/wp\/v2\/media\/62189"}],"wp:attachment":[{"href":"https:\/\/www.ernesto-vargas.com\/shop\/wp-json\/wp\/v2\/media?parent=62144"}],"wp:term":[{"taxonomy":"product_brand","embeddable":true,"href":"https:\/\/www.ernesto-vargas.com\/shop\/wp-json\/wp\/v2\/product_brand?post=62144"},{"taxonomy":"product_cat","embeddable":true,"href":"https:\/\/www.ernesto-vargas.com\/shop\/wp-json\/wp\/v2\/product_cat?post=62144"},{"taxonomy":"product_tag","embeddable":true,"href":"https:\/\/www.ernesto-vargas.com\/shop\/wp-json\/wp\/v2\/product_tag?post=62144"}],"curies":[{"name":"wp","href":"https:\/\/api.w.org\/{rel}","templated":true}]}}