{"id":62534,"date":"2023-04-20T15:00:53","date_gmt":"2023-04-20T13:00:53","guid":{"rendered":"https:\/\/www.ernesto-vargas.com\/shop\/?post_type=product&#038;p=62534"},"modified":"2023-05-09T11:19:32","modified_gmt":"2023-05-09T09:19:32","slug":"mascot-customized-hemd-aus-flanell-22904-446","status":"publish","type":"product","link":"https:\/\/www.ernesto-vargas.com\/shop\/product\/mascot-customized-hemd-aus-flanell-22904-446\/","title":{"rendered":"Mascot Customized  Hemd aus Flanell 22904-446"},"content":{"rendered":"<p>DETAILS<\/p>\n<ul>\n<li>Hoher Komfort und hervorragende Passform f\u00fcr maximale Bewegungsfreiheit<\/li>\n<li>OEKO-TEX\u00ae STANDARD 100<\/li>\n<\/ul>\n<p>&nbsp;<\/p>\n<p>MATERIAL &amp; GEWICHT: 60% Baumwolle\/40% Polyester, 270 g\/m\u00b2<\/p>\n<p>GR\u00d6SSEN: XS &#8211; 4XL<\/p>\n<p>MAXIMALE WASCHTEMPERATUR: 40 \u00b0C<\/p>\n","protected":false},"excerpt":{"rendered":"<p>Mit Knopfverschluss. Brusttasche mit Stifttasche. \u00c4rmel k\u00f6nnen hochgekrempelt und mit Knopf befestigt werden. \u00c4rmelschlitz, verst\u00e4rkt. Manschetten mit Knopfregulierung.<\/p>\n","protected":false},"featured_media":62594,"template":"","meta":{"_et_pb_use_builder":"","_et_pb_old_content":"","_et_gb_content_width":""},"product_brand":[],"product_cat":[867,99,237,443,1004],"product_tag":[994,831,842,838,783,848,790,777,542,834,993],"class_list":{"0":"post-62534","1":"product","2":"type-product","3":"status-publish","4":"has-post-thumbnail","6":"product_cat-comfort-fit","7":"product_cat-fp","8":"product_cat-hemden","9":"product_cat-mascot","10":"product_cat-mascot-customized","11":"product_tag-3xl-4x","12":"product_tag-blautoene","13":"product_tag-brauntoene","14":"product_tag-grautoene","15":"product_tag-herren","16":"product_tag-langarm","17":"product_tag-mischware","18":"product_tag-mittel","19":"product_tag-oeko-tex-standard-100","20":"product_tag-rottoene","21":"product_tag-waschbar-unter-60","23":"first","24":"instock","25":"taxable","26":"shipping-taxable","27":"purchasable","28":"product-type-variable"},"_links":{"self":[{"href":"https:\/\/www.ernesto-vargas.com\/shop\/wp-json\/wp\/v2\/product\/62534","targetHints":{"allow":["GET"]}}],"collection":[{"href":"https:\/\/www.ernesto-vargas.com\/shop\/wp-json\/wp\/v2\/product"}],"about":[{"href":"https:\/\/www.ernesto-vargas.com\/shop\/wp-json\/wp\/v2\/types\/product"}],"wp:featuredmedia":[{"embeddable":true,"href":"https:\/\/www.ernesto-vargas.com\/shop\/wp-json\/wp\/v2\/media\/62594"}],"wp:attachment":[{"href":"https:\/\/www.ernesto-vargas.com\/shop\/wp-json\/wp\/v2\/media?parent=62534"}],"wp:term":[{"taxonomy":"product_brand","embeddable":true,"href":"https:\/\/www.ernesto-vargas.com\/shop\/wp-json\/wp\/v2\/product_brand?post=62534"},{"taxonomy":"product_cat","embeddable":true,"href":"https:\/\/www.ernesto-vargas.com\/shop\/wp-json\/wp\/v2\/product_cat?post=62534"},{"taxonomy":"product_tag","embeddable":true,"href":"https:\/\/www.ernesto-vargas.com\/shop\/wp-json\/wp\/v2\/product_tag?post=62534"}],"curies":[{"name":"wp","href":"https:\/\/api.w.org\/{rel}","templated":true}]}}