{"id":65029,"date":"2023-04-24T14:27:39","date_gmt":"2023-04-24T12:27:39","guid":{"rendered":"https:\/\/www.ernesto-vargas.com\/shop\/?post_type=product&#038;p=65029"},"modified":"2025-04-24T15:50:34","modified_gmt":"2025-04-24T13:50:34","slug":"hakro-cotton-tec-hemd-137","status":"publish","type":"product","link":"https:\/\/www.ernesto-vargas.com\/shop\/product\/hakro-cotton-tec-hemd-137\/","title":{"rendered":"HAKRO COTTON TEC\u00ae Hemd 137"},"content":{"rendered":"<p>Abn\u00e4her im R\u00fcckenteil. Kragennaht und Innenseite der Seitenschlitze sowie Knopfleiste sind mit Ton-in-Ton-Gewebeband verst\u00e4rkt. Hergestellt durch ein spezielles Strickverfahren, bei dem zwei Garne zu einem HAKRO COTTON TEC\u00ae-Double-Face-Material verarbeitet werden. Dabei entsteht an der Au\u00dfenseite eine besonders feine Single-Jersey-Oberfl\u00e4che aus langstapeliger, gek\u00e4mmter und ringgesponnener Baumwolle und an der Innenseite eine Mesh-Lage aus der Funktionsfaser TRIACTIVE\u00ae. Dadurch ist das Hemd temperaturregulierend, weil Feuchtigkeit schnell an die Au\u00dfenseite transportiert wird, wo sie verdunsten kann. Gewebtes HAKRO Necklabel aus hochwertigem Kettsatin mit weichen, ultraschallgeschnittenen Bandkanten f\u00fcr h\u00f6chsten Tragekomfort.<\/p>\n<p>&nbsp;<\/p>\n<p><strong>DETAILS:<\/strong><\/p>\n<ul>\n<li>Atmungsaktiv<\/li>\n<li>Einlaufvorbehandelt<\/li>\n<li>Regular Fit<\/li>\n<li>OEKO-TEX\u00ae STANDARD 100<\/li>\n<\/ul>\n<p>&nbsp;<\/p>\n<p><strong>MATERIAL:<\/strong> Single-Jersey aus 50 % Baumwolle und 50 % Polyester , 185 g\/m\u00b2<\/p>\n<p><strong>WASCHENTEMPERATUR:<\/strong> XS -3XL<\/p>\n<p><strong>GR\u00d6SEN<\/strong>: 40 \u00b0C<\/p>\n","protected":false},"excerpt":{"rendered":"<p>Funktionelles Hemd in edler Single-Jersey-Optik mit hochwertig verarbeiteter, modischer Knopfleiste mit extra haltbar angen\u00e4hten, bruchsicheren 4-Loch- Kn\u00f6pfen &#8211; \u00fcber Kreuz vern\u00e4ht und doppelt verknotet f\u00fcr extra festen Halt -, Ton in Ton mit gelasertem HAKRO Schriftzug und zus\u00e4tzlichem Ersatzknopf.<\/p>\n","protected":false},"featured_media":83561,"template":"","meta":{"_et_pb_use_builder":"","_et_pb_old_content":"","_et_gb_content_width":""},"product_brand":[],"product_cat":[99,124,237,860],"product_tag":[847,783,848,646,790,542,941,993,833,850],"class_list":{"0":"post-65029","1":"product","2":"type-product","3":"status-publish","4":"has-post-thumbnail","6":"product_cat-fp","7":"product_cat-hakro","8":"product_cat-hemden","9":"product_cat-regular-fit","10":"product_tag-3xl","11":"product_tag-herren","12":"product_tag-langarm","13":"product_tag-leicht","14":"product_tag-mischware","15":"product_tag-oeko-tex-standard-100","16":"product_tag-regular-fit","17":"product_tag-waschbar-unter-60","18":"product_tag-weisstoene","19":"product_tag-xs","21":"first","22":"instock","23":"taxable","24":"shipping-taxable","25":"purchasable","26":"product-type-variable"},"_links":{"self":[{"href":"https:\/\/www.ernesto-vargas.com\/shop\/wp-json\/wp\/v2\/product\/65029","targetHints":{"allow":["GET"]}}],"collection":[{"href":"https:\/\/www.ernesto-vargas.com\/shop\/wp-json\/wp\/v2\/product"}],"about":[{"href":"https:\/\/www.ernesto-vargas.com\/shop\/wp-json\/wp\/v2\/types\/product"}],"wp:featuredmedia":[{"embeddable":true,"href":"https:\/\/www.ernesto-vargas.com\/shop\/wp-json\/wp\/v2\/media\/83561"}],"wp:attachment":[{"href":"https:\/\/www.ernesto-vargas.com\/shop\/wp-json\/wp\/v2\/media?parent=65029"}],"wp:term":[{"taxonomy":"product_brand","embeddable":true,"href":"https:\/\/www.ernesto-vargas.com\/shop\/wp-json\/wp\/v2\/product_brand?post=65029"},{"taxonomy":"product_cat","embeddable":true,"href":"https:\/\/www.ernesto-vargas.com\/shop\/wp-json\/wp\/v2\/product_cat?post=65029"},{"taxonomy":"product_tag","embeddable":true,"href":"https:\/\/www.ernesto-vargas.com\/shop\/wp-json\/wp\/v2\/product_tag?post=65029"}],"curies":[{"name":"wp","href":"https:\/\/api.w.org\/{rel}","templated":true}]}}