{"id":68510,"date":"2023-04-28T15:13:31","date_gmt":"2023-04-28T13:13:31","guid":{"rendered":"https:\/\/www.ernesto-vargas.com\/shop\/?post_type=product&#038;p=68510"},"modified":"2025-06-30T13:10:45","modified_gmt":"2025-06-30T11:10:45","slug":"dassy-limasol-500132","status":"publish","type":"product","link":"https:\/\/www.ernesto-vargas.com\/shop\/product\/dassy-limasol-500132\/","title":{"rendered":"DASSY\u00ae Winterparka Limasol 500132"},"content":{"rendered":"<p>MATERIAL &amp; GEWICHT<br \/>\n100% Polyester, +\/- 200 g\/m\u00b2<\/p>\n<p>DETAILS:<\/p>\n<ul class=\"options\">\n<li>\u00c4rmelweite \u00fcber Klettband verstellbar, mit Windschutz<\/li>\n<li>mit Patte verdeckter langer Reissverschluss<\/li>\n<li>Druckknopfverschluss<\/li>\n<li>Innenreissverschluss zur Veredelung<\/li>\n<li>2 Schubtaschen mit Reissverschluss<\/li>\n<li>Brusttasche mit Patte<\/li>\n<li>Ausweishalter<\/li>\n<li>Napoleontasche mit Reissverschluss<\/li>\n<li>Innentasche<\/li>\n<li>Handytasche<\/li>\n<li>Kapuze mit elastischem Kordelzug<\/li>\n<li>50 mm-Reflexstreifen<\/li>\n<li>Doppelte Kappn\u00e4hte<\/li>\n<\/ul>\n<p>&nbsp;<\/p>\n<p>GR\u00d6SSEN: XS \u2013 4XL<\/p>\n<p>MAXIMALE WASCHTEMPERATUR: 40\u00b0C<\/p>\n<p>ZERTIFIZIERUNG<\/p>\n<ul>\n<li>OEKO-TEX\u00ae Standard 100<\/li>\n<\/ul>\n","protected":false},"excerpt":{"rendered":"<p>Mit dem fluoreszierenden Safety Hivis Limasol-Parka trotzen sie ganz komfortabel und mit h\u00f6chster Sicherheit Regen, Wind und K\u00e4lte. Genau wie Lima, aber l\u00e4nger. W\u00e4hlen Sie fluoreszierenden Limasol f\u00fcr einen warmen unteren R\u00fccken und bleiben Sie auch bei schlechtem Wetter gut sichtbar gesch\u00fctzt \u2013 dank atmungsaktivem, wind- und wasserdichtem Stoff mit versiegelten N\u00e4hten, verstellbarer Kapuze und verstellbaren B\u00fcndchen und sch\u00f6n warm wattiertem Futter.<\/p>\n","protected":false},"featured_media":68670,"template":"","meta":{"_et_pb_use_builder":"","_et_pb_old_content":"","_et_gb_content_width":""},"product_brand":[],"product_cat":[73,730,99,475,759,271],"product_tag":[750,846,802,859,793,801,177,783,787,788,786,779,93,646,542,776,781,818,784,91,747],"class_list":{"0":"post-68510","1":"product","2":"type-product","3":"status-publish","4":"has-post-thumbnail","6":"product_cat-arbeitsjacken","7":"product_cat-dassy","8":"product_cat-fp","9":"product_cat-hardshell","10":"product_cat-parka","11":"product_cat-regenjacken","12":"product_tag-100-polyester","13":"product_tag-3xl-4xl","14":"product_tag-dunkelblau","15":"product_tag-en-iso-20471","16":"product_tag-grau","17":"product_tag-gruen","18":"product_tag-handytasche","19":"product_tag-herren","20":"product_tag-hi-vis-gelb","21":"product_tag-hi-vis-orange","22":"product_tag-hi-vis-rot","23":"product_tag-hohe-atmungsaktivitaet","24":"product_tag-kapuze","25":"product_tag-leicht","26":"product_tag-oeko-tex-standard-100","27":"product_tag-polyester-recyceltes-polyester","28":"product_tag-reflektierende-elemente","29":"product_tag-verlaengertes-rueckenteil","30":"product_tag-waschbar-unter-60c","31":"product_tag-wasserdicht","32":"product_tag-winddicht","34":"first","35":"instock","36":"taxable","37":"shipping-taxable","38":"purchasable","39":"product-type-variable"},"_links":{"self":[{"href":"https:\/\/www.ernesto-vargas.com\/shop\/wp-json\/wp\/v2\/product\/68510","targetHints":{"allow":["GET"]}}],"collection":[{"href":"https:\/\/www.ernesto-vargas.com\/shop\/wp-json\/wp\/v2\/product"}],"about":[{"href":"https:\/\/www.ernesto-vargas.com\/shop\/wp-json\/wp\/v2\/types\/product"}],"wp:featuredmedia":[{"embeddable":true,"href":"https:\/\/www.ernesto-vargas.com\/shop\/wp-json\/wp\/v2\/media\/68670"}],"wp:attachment":[{"href":"https:\/\/www.ernesto-vargas.com\/shop\/wp-json\/wp\/v2\/media?parent=68510"}],"wp:term":[{"taxonomy":"product_brand","embeddable":true,"href":"https:\/\/www.ernesto-vargas.com\/shop\/wp-json\/wp\/v2\/product_brand?post=68510"},{"taxonomy":"product_cat","embeddable":true,"href":"https:\/\/www.ernesto-vargas.com\/shop\/wp-json\/wp\/v2\/product_cat?post=68510"},{"taxonomy":"product_tag","embeddable":true,"href":"https:\/\/www.ernesto-vargas.com\/shop\/wp-json\/wp\/v2\/product_tag?post=68510"}],"curies":[{"name":"wp","href":"https:\/\/api.w.org\/{rel}","templated":true}]}}