{"id":77586,"date":"2023-05-16T08:19:41","date_gmt":"2023-05-16T06:19:41","guid":{"rendered":"https:\/\/www.ernesto-vargas.com\/shop\/?post_type=product&#038;p=77586"},"modified":"2024-09-12T09:10:12","modified_gmt":"2024-09-12T07:10:12","slug":"blaklaeder-high-vis-latzhose-level-3-13862005","status":"publish","type":"product","link":"https:\/\/www.ernesto-vargas.com\/shop\/product\/blaklaeder-high-vis-latzhose-level-3-13862005\/","title":{"rendered":"Blakl\u00e4der  High Vis Latzhose Level 3 &#8211; 13862005"},"content":{"rendered":"<div class=\"MuiCollapse-root MuiCollapse-vertical MuiCollapse-entered css-c4sutr\">\n<div class=\"MuiCollapse-wrapper MuiCollapse-vertical css-hboir5\">\n<div class=\"MuiCollapse-wrapperInner MuiCollapse-vertical css-8atqhb\">\n<div id=\"panel4d-content\" class=\"MuiAccordion-region\" role=\"region\" aria-labelledby=\"panel4d-header\">\n<div class=\"MuiAccordionDetails-root css-qniuu8\">\n<div class=\"MuiBox-root css-k008qs\">\n<div class=\"MuiBox-root css-0\">\n<div>\n<div class=\"MuiPaper-root MuiPaper-elevation MuiPaper-elevation0 MuiAccordion-root Mui-expanded css-jf5c1d\">\n<div class=\"MuiCollapse-root MuiCollapse-vertical MuiCollapse-entered css-c4sutr\">\n<div class=\"MuiCollapse-wrapper MuiCollapse-vertical css-hboir5\">\n<div class=\"MuiCollapse-wrapperInner MuiCollapse-vertical css-8atqhb\">\n<div id=\"panel4d-content\" class=\"MuiAccordion-region\" role=\"region\" aria-labelledby=\"panel4d-header\">\n<div class=\"MuiAccordionDetails-root css-qniuu8\">\n<div class=\"MuiBox-root css-k008qs\">\n<div class=\"MuiBox-root css-0\">\n<div class=\"MuiBox-root css-1upilqn\">\n<p><strong><span class=\"MuiTypography-root MuiTypography-button css-1qdob74\">Stoff<\/span><\/strong><\/p>\n<ul>\n<li class=\"MuiTypography-root MuiTypography-body1 css-1tbol7s\">100% Polyester (84% PVC\/16% PU), wind- und wasserdicht, atmungsaktiv, 350 g\/m\u00b2<\/li>\n<\/ul>\n<\/div>\n<div class=\"MuiBox-root css-1upilqn\">\n<p><strong><span class=\"MuiTypography-root MuiTypography-button css-1qdob74\">Details<\/span><\/strong><\/p>\n<ul>\n<li>Wind- und wasserdicht mit verschweissten N\u00e4hten<\/li>\n<li class=\"MuiTypography-root MuiTypography-body1 css-1tbol7s\">Verstellbar durch Kordelzug in der Taille<\/li>\n<li class=\"MuiTypography-root MuiTypography-body1 css-1tbol7s\">Verstellbare Hosentr\u00e4ger mit Gummizug<\/li>\n<li>zertifiziert nach EN 20471 (Schutzkleidung mit hoher Sichtbarkeit)<\/li>\n<li>EN 343, Klasse 3.1atmun<\/li>\n<\/ul>\n<\/div>\n<div class=\"MuiBox-root css-1upilqn\">\n<p><strong><span class=\"MuiTypography-root MuiTypography-button css-1qdob74\">Abschluss<\/span><\/strong><\/p>\n<ul>\n<li class=\"MuiTypography-root MuiTypography-body1 css-1tbol7s\">\n<p class=\"MuiTypography-root MuiTypography-body1 css-1tbol7s\">Verstellbare Beinabschl\u00fcsse mit Kn\u00f6pfen<\/p>\n<\/li>\n<\/ul>\n<\/div>\n<\/div>\n<\/div>\n<\/div>\n<\/div>\n<\/div>\n<\/div>\n<\/div>\n<\/div>\n<\/div>\n<div class=\"MuiBox-root css-1upilqn\">\n<p><strong>Waschtemperatur:<\/strong> 40 \u00b0C<\/p>\n<\/div>\n<div class=\"MuiCollapse-root MuiCollapse-vertical MuiCollapse-entered css-c4sutr\">\n<div class=\"MuiCollapse-wrapper MuiCollapse-vertical css-hboir5\">\n<div class=\"MuiCollapse-wrapperInner MuiCollapse-vertical css-8atqhb\">\n<div id=\"panel4d-content\" class=\"MuiAccordion-region\" role=\"region\" aria-labelledby=\"panel4d-header\">\n<div class=\"MuiAccordionDetails-root css-qniuu8\">\n<div class=\"MuiBox-root css-k008qs\">\n<div class=\"MuiBox-root css-0\">\n<div class=\"MuiBox-root css-1upilqn\"><\/div>\n<div class=\"MuiBox-root css-1upilqn\">\n<p class=\"MuiTypography-root MuiTypography-body1 css-1tbol7s\">\n<\/div>\n<\/div>\n<\/div>\n<\/div>\n<\/div>\n<\/div>\n<\/div>\n<\/div>\n<\/div>\n<\/div>\n<\/div>\n<\/div>\n<\/div>\n<\/div>\n<\/div>\n","protected":false},"excerpt":{"rendered":"<p>Latzhose in High Vis f\u00fcr all jene mit Arbeitsaufgaben, die extrem verschleissfeste Regenkleidung erfordern. Die Latzhose ist wind- und wasserdicht mit verschweissten N\u00e4hten. Gute Passform mit verstellbarer Taille mit Kn\u00f6pfen, verstellbare Hosentr\u00e4ger mit Gummiband und einstellbare Beinenden mit Kn\u00f6pfen. Zertifiziert nach EN 343, Schutzkleidung vor schlechtem Wetter und EN 471 \/ EN ISO 20471, Klasse 2, Schutzkleidung mit hoher Sichtbarkeit.<\/p>\n<p>&nbsp;<\/p>\n<p><a href=\"https:\/\/www.ernesto-vargas.com\/shop\/groessentabelle-blaklaeder\/\">Gr\u00f6ssentabelle<\/a><\/p>\n","protected":false},"featured_media":77628,"template":"","meta":{"_et_pb_use_builder":"","_et_pb_old_content":"","_et_gb_content_width":""},"product_brand":[],"product_cat":[56,999,99,231,77],"product_tag":[750,846,92,483,783,787,788,93,782,832,792,784,91,747,850],"class_list":{"0":"post-77586","1":"product","2":"type-product","3":"status-publish","4":"has-post-thumbnail","6":"product_cat-arbeitshosen","7":"product_cat-blaklaeder","8":"product_cat-fp","9":"product_cat-latzhosen","10":"product_cat-regenbekleidung","11":"product_tag-100-polyester","12":"product_tag-3xl-4xl","13":"product_tag-atmungsaktiv","14":"product_tag-en-iso-20471-klasse-3","15":"product_tag-herren","16":"product_tag-hi-vis-gelb","17":"product_tag-hi-vis-orange","18":"product_tag-kapuze","19":"product_tag-reflex-streifen","20":"product_tag-schwarztoene","21":"product_tag-schwer","22":"product_tag-waschbar-unter-60c","23":"product_tag-wasserdicht","24":"product_tag-winddicht","25":"product_tag-xs","27":"first","28":"instock","29":"taxable","30":"shipping-taxable","31":"purchasable","32":"product-type-variable"},"_links":{"self":[{"href":"https:\/\/www.ernesto-vargas.com\/shop\/wp-json\/wp\/v2\/product\/77586","targetHints":{"allow":["GET"]}}],"collection":[{"href":"https:\/\/www.ernesto-vargas.com\/shop\/wp-json\/wp\/v2\/product"}],"about":[{"href":"https:\/\/www.ernesto-vargas.com\/shop\/wp-json\/wp\/v2\/types\/product"}],"wp:featuredmedia":[{"embeddable":true,"href":"https:\/\/www.ernesto-vargas.com\/shop\/wp-json\/wp\/v2\/media\/77628"}],"wp:attachment":[{"href":"https:\/\/www.ernesto-vargas.com\/shop\/wp-json\/wp\/v2\/media?parent=77586"}],"wp:term":[{"taxonomy":"product_brand","embeddable":true,"href":"https:\/\/www.ernesto-vargas.com\/shop\/wp-json\/wp\/v2\/product_brand?post=77586"},{"taxonomy":"product_cat","embeddable":true,"href":"https:\/\/www.ernesto-vargas.com\/shop\/wp-json\/wp\/v2\/product_cat?post=77586"},{"taxonomy":"product_tag","embeddable":true,"href":"https:\/\/www.ernesto-vargas.com\/shop\/wp-json\/wp\/v2\/product_tag?post=77586"}],"curies":[{"name":"wp","href":"https:\/\/api.w.org\/{rel}","templated":true}]}}