{"id":77727,"date":"2023-05-17T08:20:37","date_gmt":"2023-05-17T06:20:37","guid":{"rendered":"https:\/\/www.ernesto-vargas.com\/shop\/?post_type=product&#038;p=77727"},"modified":"2025-06-27T20:41:13","modified_gmt":"2025-06-27T18:41:13","slug":"dassy-spencer-100380-multinorm-warnschutz-overall-mit-kniepolstertaschen","status":"publish","type":"product","link":"https:\/\/www.ernesto-vargas.com\/shop\/product\/dassy-spencer-100380-multinorm-warnschutz-overall-mit-kniepolstertaschen\/","title":{"rendered":"DASSY\u00ae Spencer (100380) Multinorm Warnschutz Overall mit Kniepolstertaschen"},"content":{"rendered":"<p><strong>DETAILS:<\/strong><\/p>\n<div id=\"tabdetails\" class=\"tabdata active\">\n<ul class=\"options\">\n<li>\u00c4rmel mit Druckknopfverschluss<\/li>\n<li>mit Patte verdeckter 2-Wege-Reissverschluss<\/li>\n<li>verdeckter Druckknopfverschluss<\/li>\n<li>R\u00fcckendehnfalten<\/li>\n<li>2 Schubtaschen<\/li>\n<li>2 Seiteneingriffe<\/li>\n<li>2 Brusttaschen mit Patte und verdecktem Verschluss<\/li>\n<li>2 Ges\u00e4sstaschen mit Patte und verdecktem Verschluss<\/li>\n<li>Schenkeltasche mit Patte und verdecktem Verschluss<\/li>\n<li>Zollstocktasche mit Patte und verdecktem Verschluss<\/li>\n<li>Innentasche<\/li>\n<li>2 H\u00e4ngeschlaufen<\/li>\n<li>Ausweishalter<\/li>\n<li>verstellbare Kniepolstertaschen<\/li>\n<li>feste R\u00fcckenelastik<\/li>\n<li>Regular fit<\/li>\n<li>50 mm-Reflexstreifen<\/li>\n<li>breiter Saum (5 cm zus\u00e4tzlich)<\/li>\n<li>nach OEKO-TEX<sup>\u00ae<\/sup> Standard 100 (0910058\/Centexbel) auf Schadstoffe gepr\u00fcft<\/li>\n<\/ul>\n<p>&nbsp;<\/p>\n<\/div>\n<p><strong>MATERIALS&amp;GEWICHT: <\/strong>50% Baumwolle\/49% Polyester\/1% Negastat<sup>\u00ae<\/sup>, +\/- 330 g\/m\u00b2<\/p>\n","protected":false},"excerpt":{"rendered":"<p>Die Multinorm-Warnschutzkleidung bietet einen vielf\u00e4ltigen, multifunktionellen Schutz und entspricht den sechs am h\u00e4ufigsten geforderten europ\u00e4ischen Normen in Bezug auf Warnschutz, flammhemmenden Schutz, Schweissarbeiten, antistatische Eigenschaften, Lichtbogen und Chemikalien.<\/p>\n","protected":false},"featured_media":77731,"template":"","meta":{"_et_pb_use_builder":"","_et_pb_old_content":"","_et_gb_content_width":""},"product_brand":[],"product_cat":[730,99,1008],"product_tag":[847,783,787,790,542,782,941,792,850],"class_list":{"0":"post-77727","1":"product","2":"type-product","3":"status-publish","4":"has-post-thumbnail","6":"product_cat-dassy","7":"product_cat-fp","8":"product_cat-overall","9":"product_tag-3xl","10":"product_tag-herren","11":"product_tag-hi-vis-gelb","12":"product_tag-mischware","13":"product_tag-oeko-tex-standard-100","14":"product_tag-reflex-streifen","15":"product_tag-regular-fit","16":"product_tag-schwer","17":"product_tag-xs","19":"first","20":"instock","21":"taxable","22":"shipping-taxable","23":"purchasable","24":"product-type-variable"},"_links":{"self":[{"href":"https:\/\/www.ernesto-vargas.com\/shop\/wp-json\/wp\/v2\/product\/77727","targetHints":{"allow":["GET"]}}],"collection":[{"href":"https:\/\/www.ernesto-vargas.com\/shop\/wp-json\/wp\/v2\/product"}],"about":[{"href":"https:\/\/www.ernesto-vargas.com\/shop\/wp-json\/wp\/v2\/types\/product"}],"wp:featuredmedia":[{"embeddable":true,"href":"https:\/\/www.ernesto-vargas.com\/shop\/wp-json\/wp\/v2\/media\/77731"}],"wp:attachment":[{"href":"https:\/\/www.ernesto-vargas.com\/shop\/wp-json\/wp\/v2\/media?parent=77727"}],"wp:term":[{"taxonomy":"product_brand","embeddable":true,"href":"https:\/\/www.ernesto-vargas.com\/shop\/wp-json\/wp\/v2\/product_brand?post=77727"},{"taxonomy":"product_cat","embeddable":true,"href":"https:\/\/www.ernesto-vargas.com\/shop\/wp-json\/wp\/v2\/product_cat?post=77727"},{"taxonomy":"product_tag","embeddable":true,"href":"https:\/\/www.ernesto-vargas.com\/shop\/wp-json\/wp\/v2\/product_tag?post=77727"}],"curies":[{"name":"wp","href":"https:\/\/api.w.org\/{rel}","templated":true}]}}