{"id":77760,"date":"2023-05-17T09:14:59","date_gmt":"2023-05-17T07:14:59","guid":{"rendered":"https:\/\/www.ernesto-vargas.com\/shop\/?post_type=product&#038;p=77760"},"modified":"2025-06-27T20:42:22","modified_gmt":"2025-06-27T18:42:22","slug":"dassy-niort-100333-multinorm-overall-mit-kniepolstertaschen","status":"publish","type":"product","link":"https:\/\/www.ernesto-vargas.com\/shop\/product\/dassy-niort-100333-multinorm-overall-mit-kniepolstertaschen\/","title":{"rendered":"DASSY\u00ae Niort (100333) Multinorm Overall mit Kniepolstertaschen"},"content":{"rendered":"<p>Alle Taschen sind zum Schutz vor Funken mit Klappen abgedeckt und in einem bestimmten Winkel angebracht. Des Weiteren sind auch alle Metallkomponenten (z.B. Druckkn\u00f6pfe, Reissverschl\u00fcsse) auf der Innen- und Aussenseite abgedeckt, um so W\u00e4rmeleitung zu verhindern.<\/p>\n<p><strong>DETAILS:<\/strong><\/p>\n<ul>\n<li>\u00c4rmel mit Druckknopfverschluss<\/li>\n<li>mit Patte verdeckter 2-Wege-Reissverschluss<\/li>\n<li>verdeckter Druckknopfverschluss<\/li>\n<li>R\u00fcckendehnfalten<\/li>\n<li>2 Schubtaschen<\/li>\n<li>2 Seiteneingriffe<\/li>\n<li>2 Brusttaschen mit Patte und verdecktem Verschluss<\/li>\n<li>2 Ges\u00e4sstaschen mit Patte und verdecktem Verschluss<\/li>\n<li>Schenkeltasche mit Patte und verdecktem Verschluss<\/li>\n<li>Zollstocktasche mit Patte und verdecktem Verschluss<\/li>\n<li>Handytasche<\/li>\n<li>Innentasche<\/li>\n<li>2 H\u00e4ngeschlaufen<\/li>\n<li>Ausweishalter<\/li>\n<li>verstellbare Kniepolstertaschen<\/li>\n<li>feste R\u00fcckenelastik<\/li>\n<li>Regular fit<\/li>\n<li>3-fache Kappn\u00e4hte<\/li>\n<li>breiter Saum (5 cm zus\u00e4tzlich)<\/li>\n<li>nach OEKO-TEX<sup>\u00ae<\/sup> Standard 100 (0910058\/Centexbel) auf Schadstoffe gepr\u00fcft<\/li>\n<\/ul>\n<p><strong>MATERIALS&amp;GEWICHT:\u00a0<\/strong>75% Baumwolle\/24% Polyester\/1% Negastat<sup>\u00ae<\/sup>, +\/- 290 g\/m\u00b2<\/p>\n<p><strong>GR\u00d6SSEN: <\/strong>XS-3XL<\/p>\n<p><strong>FARBE<\/strong>: Grafitgrau\/Schwarz 6474<\/p>\n","protected":false},"excerpt":{"rendered":"<p>Die Multinorm-Kollektion bietet vielf\u00e4ltigen, multifunktionellen Schutz. Sie entspricht den f\u00fcnf am h\u00e4ufigsten geforderten europ\u00e4ischen Normen in Bezug auf flammhemmenden Schutz, Schweissarbeiten, antistatischen Eigenschaften, Lichtbogen und Chemikalien. Durch die Verwendung der Negastat<sup>\u00ae<\/sup> Faser (1%), wird eine statische Aufladung der Kleidung verhindert.<\/p>\n","protected":false},"featured_media":77829,"template":"","meta":{"_et_pb_use_builder":"","_et_pb_old_content":"","_et_gb_content_width":""},"product_brand":[],"product_cat":[730,99,1008],"product_tag":[847,177,783,787,790,777,542,782,941,850],"class_list":{"0":"post-77760","1":"product","2":"type-product","3":"status-publish","4":"has-post-thumbnail","6":"product_cat-dassy","7":"product_cat-fp","8":"product_cat-overall","9":"product_tag-3xl","10":"product_tag-handytasche","11":"product_tag-herren","12":"product_tag-hi-vis-gelb","13":"product_tag-mischware","14":"product_tag-mittel","15":"product_tag-oeko-tex-standard-100","16":"product_tag-reflex-streifen","17":"product_tag-regular-fit","18":"product_tag-xs","20":"first","21":"instock","22":"taxable","23":"shipping-taxable","24":"purchasable","25":"product-type-variable"},"_links":{"self":[{"href":"https:\/\/www.ernesto-vargas.com\/shop\/wp-json\/wp\/v2\/product\/77760","targetHints":{"allow":["GET"]}}],"collection":[{"href":"https:\/\/www.ernesto-vargas.com\/shop\/wp-json\/wp\/v2\/product"}],"about":[{"href":"https:\/\/www.ernesto-vargas.com\/shop\/wp-json\/wp\/v2\/types\/product"}],"wp:featuredmedia":[{"embeddable":true,"href":"https:\/\/www.ernesto-vargas.com\/shop\/wp-json\/wp\/v2\/media\/77829"}],"wp:attachment":[{"href":"https:\/\/www.ernesto-vargas.com\/shop\/wp-json\/wp\/v2\/media?parent=77760"}],"wp:term":[{"taxonomy":"product_brand","embeddable":true,"href":"https:\/\/www.ernesto-vargas.com\/shop\/wp-json\/wp\/v2\/product_brand?post=77760"},{"taxonomy":"product_cat","embeddable":true,"href":"https:\/\/www.ernesto-vargas.com\/shop\/wp-json\/wp\/v2\/product_cat?post=77760"},{"taxonomy":"product_tag","embeddable":true,"href":"https:\/\/www.ernesto-vargas.com\/shop\/wp-json\/wp\/v2\/product_tag?post=77760"}],"curies":[{"name":"wp","href":"https:\/\/api.w.org\/{rel}","templated":true}]}}