{"id":83741,"date":"2023-07-14T13:38:59","date_gmt":"2023-07-14T11:38:59","guid":{"rendered":"https:\/\/www.ernesto-vargas.com\/shop\/?post_type=product&#038;p=83741"},"modified":"2023-07-14T13:39:00","modified_gmt":"2023-07-14T11:39:00","slug":"regenjacke-dry-zone-visible-026300r","status":"publish","type":"product","link":"https:\/\/www.ernesto-vargas.com\/shop\/product\/regenjacke-dry-zone-visible-026300r\/","title":{"rendered":"Regenjacke Dry Zone Visible 026300R"},"content":{"rendered":"<p>Material: 190g PU\/polyester<br \/>\nGr\u00f6ssen: XS-5XL<br \/>\nWassers\u00e4ule: &gt; 5.000 mm H\u2082O<br \/>\nZerfizierung: EN ISO 20471 \u2013 Klasse 3, EN ISO 343 \u2013 3\/1<\/p>\n<p>Die Regenjacke ist mit 3M Reflex-Streifen ausgestattet, die eine herausragende Sichtbarkeit gew\u00e4hrleisten. Egal, ob Sie bei schlechten Lichtverh\u00e4ltnissen arbeiten oder im Strassenverkehr unterwegs sind, diese Reflex-Streifen sorgen daf\u00fcr, dass Sie gut gesehen werden und Ihre Sicherheit gew\u00e4hrleistet ist.<br \/>\nDer Reissverschluss und der Windfang mit Druckkn\u00f6pfen bieten einen zuverl\u00e4ssigen Schutz vor Wind und Regen. Sie k\u00f6nnen die Jacke schnell und einfach schliessen und die Druckkn\u00f6pfe sorgen f\u00fcr zus\u00e4tzliche Sicherheit. So bleiben Sie selbst bei st\u00fcrmischem Wetter trocken und gesch\u00fctzt.<br \/>\nZwei ger\u00e4umige Taschen bieten Ihnen ausreichend Stauraum f\u00fcr pers\u00f6nliche Gegenst\u00e4nde wie Ihr Smartphone, Werkzeuge oder Notizbl\u00f6cke. Alles, was Sie unterwegs ben\u00f6tigen, ist stets griffbereit und gesch\u00fctzt.<br \/>\nDie Regenjacke verf\u00fcgt \u00fcber eine versteckte Kapuze mit Kordelzug, die bei Bedarf schnell und einfach hervorgeholt werden kann. So sind Sie auf pl\u00f6tzliche Wetterumschw\u00fcnge bestens vorbereitet und k\u00f6nnen Ihren Kopf trocken halten. Der Kordelzug erm\u00f6glicht eine individuelle Anpassung der Kapuze f\u00fcr optimalen Tragekomfort.<br \/>\nDie untere Kante der Jacke ist verstellbar, sodass Sie die Weite ganz nach Ihren Bed\u00fcrfnissen anpassen k\u00f6nnen. Egal, ob Sie die Jacke \u00fcber einer Arbeitskleidung oder mehreren Schichten tragen, sie bietet Ihnen stets eine bequeme und individuelle Passform.<br \/>\nDer \u00c4rmelwindfang mit Elastik und Klettverschluss bietet zus\u00e4tzlichen Schutz vor eindringender Feuchtigkeit und erm\u00f6glicht eine individuelle Anpassung an Ihre Armb\u00fcndchen. So bleiben Ihre Arme und H\u00e4nde trocken und gesch\u00fctzt.<br \/>\nDie Regenjacke Dry Zone Visible verf\u00fcgt \u00fcber eine beeindruckende Wassers\u00e4ule von \u00fcber 5.000 mm H\u2082O, was bedeutet, dass sie selbst starkem Regen standh\u00e4lt und Sie zuverl\u00e4ssig trocken h\u00e4lt. Das Material besteht aus hochwertigem PUV 190 ELKA PU STRETCH, einer Kombination aus 190g PU und Polyester, das leicht, aber dennoch robust ist.<br \/>\nMit einer R\u00fcckenl\u00e4nge von 76 cm (Gr\u00f6sse L) bietet die Jacke eine optimale Abdeckung und sch\u00fctzt Ihren gesamten R\u00fcckenbereich vor N\u00e4sse. Egal, ob Sie auf Baustellen arbeiten, im Freien Dienstleistungen erbringen oder im Verkehr t\u00e4tig sind, diese Jacke bietet Ihnen den Schutz, den Sie ben\u00f6tigen.<\/p>\n","protected":false},"excerpt":{"rendered":"<p>Die Regenjacke Dry Zone Visible vereint optimalen Schutz vor Regen mit einer Vielzahl praktischer Funktionen. Mit hochwertigen Materialien und ausgekl\u00fcgeltem Design wurde sie speziell entwickelt, um den Anforderungen des Facility Managements, Handwerks, Baugewerbes, Strassen- und Verkehrsbereichs sowie der Dienstleistungs- und Kommunalbranche gerecht zu werden.<\/p>\n","protected":false},"featured_media":83761,"template":"","meta":{"_et_pb_use_builder":"","_et_pb_old_content":"","_et_gb_content_width":""},"product_brand":[],"product_cat":[73,1011,99,271],"product_tag":[807,484,798,809,817,835,783,646,790,828,843,791,784,91],"class_list":{"0":"post-83741","1":"product","2":"type-product","3":"status-publish","4":"has-post-thumbnail","6":"product_cat-arbeitsjacken","7":"product_cat-elka","8":"product_cat-fp","9":"product_cat-regenjacken","10":"product_tag-damen","11":"product_tag-en-343-3-1","12":"product_tag-en-iso-20471-klasse-1","13":"product_tag-en-iso-343-3-1","14":"product_tag-gelb","15":"product_tag-gelbtoene","16":"product_tag-herren","17":"product_tag-leicht","18":"product_tag-mischware","19":"product_tag-orange","20":"product_tag-orangetoene","21":"product_tag-stretch-stoff","22":"product_tag-waschbar-unter-60c","23":"product_tag-wasserdicht","25":"first","26":"instock","27":"taxable","28":"shipping-taxable","29":"purchasable","30":"product-type-variable"},"_links":{"self":[{"href":"https:\/\/www.ernesto-vargas.com\/shop\/wp-json\/wp\/v2\/product\/83741","targetHints":{"allow":["GET"]}}],"collection":[{"href":"https:\/\/www.ernesto-vargas.com\/shop\/wp-json\/wp\/v2\/product"}],"about":[{"href":"https:\/\/www.ernesto-vargas.com\/shop\/wp-json\/wp\/v2\/types\/product"}],"wp:featuredmedia":[{"embeddable":true,"href":"https:\/\/www.ernesto-vargas.com\/shop\/wp-json\/wp\/v2\/media\/83761"}],"wp:attachment":[{"href":"https:\/\/www.ernesto-vargas.com\/shop\/wp-json\/wp\/v2\/media?parent=83741"}],"wp:term":[{"taxonomy":"product_brand","embeddable":true,"href":"https:\/\/www.ernesto-vargas.com\/shop\/wp-json\/wp\/v2\/product_brand?post=83741"},{"taxonomy":"product_cat","embeddable":true,"href":"https:\/\/www.ernesto-vargas.com\/shop\/wp-json\/wp\/v2\/product_cat?post=83741"},{"taxonomy":"product_tag","embeddable":true,"href":"https:\/\/www.ernesto-vargas.com\/shop\/wp-json\/wp\/v2\/product_tag?post=83741"}],"curies":[{"name":"wp","href":"https:\/\/api.w.org\/{rel}","templated":true}]}}