{"id":83764,"date":"2023-07-14T13:58:34","date_gmt":"2023-07-14T11:58:34","guid":{"rendered":"https:\/\/www.ernesto-vargas.com\/shop\/?post_type=product&#038;p=83764"},"modified":"2023-07-31T13:02:38","modified_gmt":"2023-07-31T11:02:38","slug":"regenset-rl660","status":"publish","type":"product","link":"https:\/\/www.ernesto-vargas.com\/shop\/product\/regenset-rl660\/","title":{"rendered":"Regenset RL660"},"content":{"rendered":"<p>Material: 100% Polyester, 190 g\/m\u00b2<br \/>\nGr\u00f6ssen: XS-4XL<br \/>\nZertifizierung: EN 343 4-3-X<\/p>\n<p>Dieses robuste Regenset wurde speziell f\u00fcr den Einsatz auf Baustellen entwickelt und bietet Ihnen optimalen Schutz vor den Elementen. Es besteht aus einem strapazierf\u00e4higen Material, das zu 75 % aus Polyester und zu 25 % aus PU besteht und ein Gewicht von ca. 190 g\/m\u00b2 aufweist. Das Set ist zu 100 % wasserdicht, damit Sie bei Regen und schlechtem Wetter trocken bleiben.<br \/>\nDie Jacke des Sets verf\u00fcgt \u00fcber zwei praktische Eingrifftaschen, in denen Sie Werkzeuge und andere wichtige Gegenst\u00e4nde sicher verstauen k\u00f6nnen. Die integrierte Kapuze bietet Ihnen zus\u00e4tzlichen Schutz vor Wind und Regen, sodass Sie Ihre Arbeit auch bei widrigen Bedingungen fortsetzen k\u00f6nnen.<br \/>\n<strong>Die Hose ist mit einer grossz\u00fcgigen Metertasche ausgestattet, in der Sie problemlos Ihr Massband oder andere Arbeitsutensilien aufbewahren k\u00f6nnen. Die seitlichen Reissverschl\u00fcsse erm\u00f6glichen ein einfaches \u00dcberziehen der Hose, selbst wenn Sie bereits Arbeitsschuhe tragen.<\/strong><\/p>\n","protected":false},"excerpt":{"rendered":"<p>Dieses Regenset ist ein unverzichtbares Arbeitskleidungsst\u00fcck f\u00fcr Baustellen. Egal, ob Sie Bauarbeiter, Handwerker oder in einem anderen Bereich t\u00e4tig sind, in dem Sie bei jedem Wetter draussen arbeiten m\u00fcssen &#8211; dieses Set h\u00e4lt Sie trocken und gesch\u00fctzt. Verlassen Sie sich auf seine Qualit\u00e4t und Funktionalit\u00e4t, um Ihren Job effizient und komfortabel zu erledigen.<\/p>\n","protected":false},"featured_media":83765,"template":"","meta":{"_et_pb_use_builder":"","_et_pb_old_content":"","_et_gb_content_width":""},"product_brand":[],"product_cat":[946,56,73,99,584,271],"product_tag":[807,484,1018,793,838,783,93,646,60,790,782,791,784,91],"class_list":{"0":"post-83764","1":"product","2":"type-product","3":"status-publish","4":"has-post-thumbnail","6":"product_cat-alpstone","7":"product_cat-arbeitshosen","8":"product_cat-arbeitsjacken","9":"product_cat-fp","10":"product_cat-regenhosen","11":"product_cat-regenjacken","12":"product_tag-damen","13":"product_tag-en-343-3-1","14":"product_tag-en-iso-343-4-3","15":"product_tag-grau","16":"product_tag-grautoene","17":"product_tag-herren","18":"product_tag-kapuze","19":"product_tag-leicht","20":"product_tag-metertasche","21":"product_tag-mischware","22":"product_tag-reflex-streifen","23":"product_tag-stretch-stoff","24":"product_tag-waschbar-unter-60c","25":"product_tag-wasserdicht","27":"first","28":"instock","29":"taxable","30":"shipping-taxable","31":"purchasable","32":"product-type-variable"},"_links":{"self":[{"href":"https:\/\/www.ernesto-vargas.com\/shop\/wp-json\/wp\/v2\/product\/83764","targetHints":{"allow":["GET"]}}],"collection":[{"href":"https:\/\/www.ernesto-vargas.com\/shop\/wp-json\/wp\/v2\/product"}],"about":[{"href":"https:\/\/www.ernesto-vargas.com\/shop\/wp-json\/wp\/v2\/types\/product"}],"wp:featuredmedia":[{"embeddable":true,"href":"https:\/\/www.ernesto-vargas.com\/shop\/wp-json\/wp\/v2\/media\/83765"}],"wp:attachment":[{"href":"https:\/\/www.ernesto-vargas.com\/shop\/wp-json\/wp\/v2\/media?parent=83764"}],"wp:term":[{"taxonomy":"product_brand","embeddable":true,"href":"https:\/\/www.ernesto-vargas.com\/shop\/wp-json\/wp\/v2\/product_brand?post=83764"},{"taxonomy":"product_cat","embeddable":true,"href":"https:\/\/www.ernesto-vargas.com\/shop\/wp-json\/wp\/v2\/product_cat?post=83764"},{"taxonomy":"product_tag","embeddable":true,"href":"https:\/\/www.ernesto-vargas.com\/shop\/wp-json\/wp\/v2\/product_tag?post=83764"}],"curies":[{"name":"wp","href":"https:\/\/api.w.org\/{rel}","templated":true}]}}