{"id":84248,"date":"2023-10-17T15:39:11","date_gmt":"2023-10-17T13:39:11","guid":{"rendered":"https:\/\/www.ernesto-vargas.com\/shop\/?post_type=product&#038;p=84248"},"modified":"2023-10-17T15:39:14","modified_gmt":"2023-10-17T13:39:14","slug":"nimbus-fleecejacke-sedona-woman","status":"publish","type":"product","link":"https:\/\/www.ernesto-vargas.com\/shop\/product\/nimbus-fleecejacke-sedona-woman\/","title":{"rendered":"Nimbus Fleecejacke Sedona Woman"},"content":{"rendered":"<p>Das Sedona Yoke Fleece ist in der urbanen Modeszene verwurzelt und greift die aktuellen Trends der Outdoor-Einzelhandelsmarken auf. Es bietet ein hochmoisches Erscheinungsbild. Dieses vielseitig einsetzbare Oberteil ist aus einem Fleece-Stoff aus recyceltem Polyester gefertigt und kombiniert exzellente W\u00e4rmespeicherung mit Komfort, Wetterschutz und Funktionalit\u00e4t. Der klassische Schnitt und zus\u00e4tzliche Details wie der bequeme hohe Kragen und die glatte Schulterpasse verleihen Sedona ein klares Design, das sich sowohl f\u00fcr einen Wochenendausflug als auch f\u00fcr den t\u00e4glichen Einsatz eignet.<\/p>\n<p><strong>Eigenschaften:<\/strong><\/p>\n<ul>\n<li>Recycelter Stoff<\/li>\n<li>Schulterpasse in Kontrastfarbe<\/li>\n<li>Seitentaschen mit Reissverschluss<\/li>\n<\/ul>\n<p><strong>Material:<\/strong><\/p>\n<p><span class=\"metafield-multi_line_text_field\">Fleece: 100% recyceltes Polyester<br \/>\nKontraststoff: 100% Polyester (Schulterpasse, Taschen und Au\u00dfenkragen)<\/span><\/p>\n<p>Main fabric: 270-280g\/m\u00b2<br \/>\nContrast fabric: 140g\/m\u00b2<\/p>\n<p><strong>Maximale Waschtemperatur:<\/strong>\u00a030\u00b0C<\/p>\n","protected":false},"excerpt":{"rendered":"<p>Das Sedona Yoke Fleece ist in der urbanen Modeszene verwurzelt und greift die aktuellen Trends der Outdoor-Einzelhandelsmarken auf. Es bietet ein hochmoisches Erscheinungsbild. Der klassische Schnitt und zus\u00e4tzliche Details wie der bequeme hohe Kragen und die glatte Schulterpasse verleihen Sedona ein klares Design, das sich sowohl f\u00fcr einen Wochenendausflug als auch f\u00fcr den t\u00e4glichen Einsatz eignet.<\/p>\n<p><a href=\"https:\/\/www.ernesto-vargas.com\/shop\/product\/nimbus-fleecejacke-sedona-men\/\"><em>Zur Herrenvariante<\/em><\/a><\/p>\n","protected":false},"featured_media":84239,"template":"","meta":{"_et_pb_use_builder":"","_et_pb_old_content":"","_et_gb_content_width":""},"product_brand":[],"product_cat":[73,768,74,99,433,519],"product_tag":[1023,807,802,778,1024,779,777,542,776,1022,799,993],"class_list":{"0":"post-84248","1":"product","2":"type-product","3":"status-publish","4":"has-post-thumbnail","6":"product_cat-arbeitsjacken","7":"product_cat-blouson","8":"product_cat-fleecejacken","9":"product_cat-fp","10":"product_cat-hybridjacken","11":"product_cat-nimbus-nordic","12":"product_tag-amfori-bsci","13":"product_tag-damen","14":"product_tag-dunkelblau","15":"product_tag-fruehling-herbst","16":"product_tag-global-compact","17":"product_tag-hohe-atmungsaktivitaet","18":"product_tag-mittel","19":"product_tag-oeko-tex-standard-100","20":"product_tag-polyester-recyceltes-polyester","21":"product_tag-reach","22":"product_tag-schwarz","23":"product_tag-waschbar-unter-60","25":"first","26":"instock","27":"taxable","28":"shipping-taxable","29":"purchasable","30":"product-type-variable"},"_links":{"self":[{"href":"https:\/\/www.ernesto-vargas.com\/shop\/wp-json\/wp\/v2\/product\/84248","targetHints":{"allow":["GET"]}}],"collection":[{"href":"https:\/\/www.ernesto-vargas.com\/shop\/wp-json\/wp\/v2\/product"}],"about":[{"href":"https:\/\/www.ernesto-vargas.com\/shop\/wp-json\/wp\/v2\/types\/product"}],"wp:featuredmedia":[{"embeddable":true,"href":"https:\/\/www.ernesto-vargas.com\/shop\/wp-json\/wp\/v2\/media\/84239"}],"wp:attachment":[{"href":"https:\/\/www.ernesto-vargas.com\/shop\/wp-json\/wp\/v2\/media?parent=84248"}],"wp:term":[{"taxonomy":"product_brand","embeddable":true,"href":"https:\/\/www.ernesto-vargas.com\/shop\/wp-json\/wp\/v2\/product_brand?post=84248"},{"taxonomy":"product_cat","embeddable":true,"href":"https:\/\/www.ernesto-vargas.com\/shop\/wp-json\/wp\/v2\/product_cat?post=84248"},{"taxonomy":"product_tag","embeddable":true,"href":"https:\/\/www.ernesto-vargas.com\/shop\/wp-json\/wp\/v2\/product_tag?post=84248"}],"curies":[{"name":"wp","href":"https:\/\/api.w.org\/{rel}","templated":true}]}}