{"id":87658,"date":"2024-05-08T17:17:48","date_gmt":"2024-05-08T15:17:48","guid":{"rendered":"https:\/\/www.ernesto-vargas.com\/shop\/?post_type=product&#038;p=87658"},"modified":"2025-06-27T20:03:36","modified_gmt":"2025-06-27T18:03:36","slug":"dassy-t-shirt-tampico-710057","status":"publish","type":"product","link":"https:\/\/www.ernesto-vargas.com\/shop\/product\/dassy-t-shirt-tampico-710057\/","title":{"rendered":"Dassy T-Shirt Tampico (710057)"},"content":{"rendered":"<p><strong>DETAILS:<\/strong><\/p>\n<ul>\n<li>Rundhalsausschnitt<\/li>\n<li>Stickerei in Kontrastfarbe<\/li>\n<li>ideal f\u00fcr Veredelung (Bedrucken)<\/li>\n<li>Reflektierendes DASSY<sup>\u00ae<\/sup> Logo auf dem \u00c4rmel<\/li>\n<li>Reflektierende Details an Schultern und \u00c4rmeln<\/li>\n<li>OEKO-TEX\u00ae Standard 100<\/li>\n<\/ul>\n<p><strong>QUALIT\u00c4T:<\/strong><\/p>\n<ul class=\"options\">\n<li class=\"qualitycode\">60% Baumwolle\/40% Polyester, +\/- 180 g\/m\u00b2<\/li>\n<\/ul>\n<p><strong>WASCHTEMPERARUR:<\/strong> 60\u00b0<\/p>\n<p><strong>GR\u00d6SSEN:<\/strong> XS &#8211; 4XL<\/p>\n","protected":false},"excerpt":{"rendered":"<p>Hier pr\u00e4sentieren wir Ihnen das T-Shirt Tampico aus der DASSY<sup>\u00ae<\/sup>\u00a0Logix-Kollektion. Ein Must-have in Ihrem Schrank f\u00fcr Arbeitskleidung. Tampico hat fluoreszierende und reflektierende Designelemente. Mit hohem Baumwollanteil f\u00fcr maximalen Tragekomfort. Tampico f\u00fchlt sich an wie eine zweite Haut. Nettes Detail: das reflektierende DASSY<sup>\u00ae<\/sup>-Logo am \u00c4rmel. It\u2019s all about the details! Nicht nach EN ISO 20471 zertifiziert.<\/p>\n","protected":false},"featured_media":87890,"template":"","meta":{"_et_pb_use_builder":"","_et_pb_old_content":"","_et_gb_content_width":""},"product_brand":[],"product_cat":[730,99,437,1033,36],"product_tag":[846,438,831,783,865,646,790,542,781,832,991],"class_list":{"0":"post-87658","1":"product","2":"type-product","3":"status-publish","4":"has-post-thumbnail","6":"product_cat-dassy","7":"product_cat-fp","8":"product_cat-kurzarm-t-shirt","9":"product_cat-logix","10":"product_cat-t-shirts","11":"product_tag-3xl-4xl","12":"product_tag-60c","13":"product_tag-blautoene","14":"product_tag-herren","15":"product_tag-kurzarm","16":"product_tag-leicht","17":"product_tag-mischware","18":"product_tag-oeko-tex-standard-100","19":"product_tag-reflektierende-elemente","20":"product_tag-schwarztoene","21":"product_tag-xxs-xs","23":"first","24":"instock","25":"taxable","26":"shipping-taxable","27":"purchasable","28":"product-type-variable"},"_links":{"self":[{"href":"https:\/\/www.ernesto-vargas.com\/shop\/wp-json\/wp\/v2\/product\/87658","targetHints":{"allow":["GET"]}}],"collection":[{"href":"https:\/\/www.ernesto-vargas.com\/shop\/wp-json\/wp\/v2\/product"}],"about":[{"href":"https:\/\/www.ernesto-vargas.com\/shop\/wp-json\/wp\/v2\/types\/product"}],"wp:featuredmedia":[{"embeddable":true,"href":"https:\/\/www.ernesto-vargas.com\/shop\/wp-json\/wp\/v2\/media\/87890"}],"wp:attachment":[{"href":"https:\/\/www.ernesto-vargas.com\/shop\/wp-json\/wp\/v2\/media?parent=87658"}],"wp:term":[{"taxonomy":"product_brand","embeddable":true,"href":"https:\/\/www.ernesto-vargas.com\/shop\/wp-json\/wp\/v2\/product_brand?post=87658"},{"taxonomy":"product_cat","embeddable":true,"href":"https:\/\/www.ernesto-vargas.com\/shop\/wp-json\/wp\/v2\/product_cat?post=87658"},{"taxonomy":"product_tag","embeddable":true,"href":"https:\/\/www.ernesto-vargas.com\/shop\/wp-json\/wp\/v2\/product_tag?post=87658"}],"curies":[{"name":"wp","href":"https:\/\/api.w.org\/{rel}","templated":true}]}}