{"id":88141,"date":"2024-05-14T09:56:05","date_gmt":"2024-05-14T07:56:05","guid":{"rendered":"https:\/\/www.ernesto-vargas.com\/shop\/?post_type=product&#038;p=88141"},"modified":"2024-05-14T10:00:37","modified_gmt":"2024-05-14T08:00:37","slug":"blaklader-regenjacke-level-1-43012000","status":"publish","type":"product","link":"https:\/\/www.ernesto-vargas.com\/shop\/product\/blaklader-regenjacke-level-1-43012000\/","title":{"rendered":"Regenjacke Level 1 (43012000)"},"content":{"rendered":"<div>\n<div class=\"Text-sc-s31epd-0 iovWTc d-inline f3-700 mr-1\"><strong>DETAILS:<\/strong><\/div>\n<\/div>\n<div>\n<div>\n<ul>\n<li class=\"Text-sc-s31epd-0 iovWTc d-inline f3-700 mr-1\">Ungef\u00fcttert<\/li>\n<li>Abnehmbare, verstellbare Kapuze<\/li>\n<li class=\"Text-sc-s31epd-0 iovWTc d-inline f3-700 mr-1\">Wind- und wasserdicht mit verschweissten N\u00e4hten<\/li>\n<li class=\"Text-sc-s31epd-0 iovWTc d-inline f3-700 mr-1\">Kunststoff-Kn\u00f6pfe<\/li>\n<li class=\"Text-sc-s31epd-0 iovWTc d-inline f3-700 mr-1\">D-Ring<\/li>\n<li>Frontverschluss: Verdeckter Zwei-Wege-Reissverschluss aus Kunststoff, Windleiste mit Kn\u00f6pfen<\/li>\n<li>Fronttaschen, davon eine mit D-Ring<\/li>\n<li>Aufkn\u00f6pfbare Tropfkant<\/li>\n<li>Verstellbare \u00c4rmelb\u00fcndchen mit Klettverschluss<\/li>\n<li>Reflexstreifen am Arm und R\u00fccken<\/li>\n<\/ul>\n<\/div>\n<p><strong>QUALIT\u00c4T:<\/strong><\/p>\n<ul class=\"options\">\n<li class=\"qualitycode\">100% Polyester, PU-beschichtet, wind- und wasserdicht, 185g\/m\u00b2<\/li>\n<\/ul>\n<p><strong>WASCHTEMPERARUR:<\/strong> 40\u00b0C<\/p>\n<p><strong>GR\u00d6SSEN:<\/strong> XS &#8211; 4XL<\/p>\n<\/div>\n","protected":false},"excerpt":{"rendered":"<p>Eine Regenjacke f\u00fcr all jene mit Arbeitsaufgaben, die leichte und sanfte Regenkleidung erfordern. Sie ist wind- und wasserdicht und hat veschweisste N\u00e4hte, sowie eine abnehmbare und verstellbare Kapuze. <strong>Die Jacke hat eine Tropfkante (Regenrinne)<\/strong> am Bund mit einem Ablauf am R\u00fccken und ist mit leicht zug\u00e4nglichen Vordertaschen\u00a0 versehen. Der Frontverschluss hat einen verdeckten Zwei-Wege Reissverschluss, der bis zum Sturmknopf am Kragen reicht und verstellbare \u00c4rmel mit Klettverschluss. Die Jacke hat Reflexstreifen am \u00c4rmel und am R\u00fccken. Sie ist zertifiziert nach EN 343, Schutzkleidung vor schlechtem Wetter.<\/p>\n","protected":false},"featured_media":88195,"template":"","meta":{"_et_pb_use_builder":"","_et_pb_old_content":"","_et_gb_content_width":""},"product_brand":[],"product_cat":[73,999,99,271],"product_tag":[434,484,783,646,776,799,993,91,747],"class_list":{"0":"post-88141","1":"product","2":"type-product","3":"status-publish","4":"has-post-thumbnail","6":"product_cat-arbeitsjacken","7":"product_cat-blaklaeder","8":"product_cat-fp","9":"product_cat-regenjacken","10":"product_tag-abnehmbare-kapuze","11":"product_tag-en-343-3-1","12":"product_tag-herren","13":"product_tag-leicht","14":"product_tag-polyester-recyceltes-polyester","15":"product_tag-schwarz","16":"product_tag-waschbar-unter-60","17":"product_tag-wasserdicht","18":"product_tag-winddicht","20":"first","21":"instock","22":"taxable","23":"shipping-taxable","24":"purchasable","25":"product-type-variable"},"_links":{"self":[{"href":"https:\/\/www.ernesto-vargas.com\/shop\/wp-json\/wp\/v2\/product\/88141","targetHints":{"allow":["GET"]}}],"collection":[{"href":"https:\/\/www.ernesto-vargas.com\/shop\/wp-json\/wp\/v2\/product"}],"about":[{"href":"https:\/\/www.ernesto-vargas.com\/shop\/wp-json\/wp\/v2\/types\/product"}],"wp:featuredmedia":[{"embeddable":true,"href":"https:\/\/www.ernesto-vargas.com\/shop\/wp-json\/wp\/v2\/media\/88195"}],"wp:attachment":[{"href":"https:\/\/www.ernesto-vargas.com\/shop\/wp-json\/wp\/v2\/media?parent=88141"}],"wp:term":[{"taxonomy":"product_brand","embeddable":true,"href":"https:\/\/www.ernesto-vargas.com\/shop\/wp-json\/wp\/v2\/product_brand?post=88141"},{"taxonomy":"product_cat","embeddable":true,"href":"https:\/\/www.ernesto-vargas.com\/shop\/wp-json\/wp\/v2\/product_cat?post=88141"},{"taxonomy":"product_tag","embeddable":true,"href":"https:\/\/www.ernesto-vargas.com\/shop\/wp-json\/wp\/v2\/product_tag?post=88141"}],"curies":[{"name":"wp","href":"https:\/\/api.w.org\/{rel}","templated":true}]}}