{"id":90386,"date":"2024-08-21T10:01:00","date_gmt":"2024-08-21T08:01:00","guid":{"rendered":"https:\/\/www.ernesto-vargas.com\/shop\/?post_type=product&#038;p=90386"},"modified":"2025-06-30T13:04:31","modified_gmt":"2025-06-30T11:04:31","slug":"dassy-warnschutz-uv-t-shirt-mit-langen-aermeln-carterville-710037","status":"publish","type":"product","link":"https:\/\/www.ernesto-vargas.com\/product\/dassy-warnschutz-uv-t-shirt-mit-langen-aermeln-carterville-710037\/","title":{"rendered":"Dassy Warnschutz UV-T-Shirt mit langen \u00c4rmeln Carterville (710037)"},"content":{"rendered":"<p><strong>DETAILS:<\/strong><\/p>\n<ul>\n<li>segmentierte Reflexstreifen von 50 mm<\/li>\n<li>Rundhalsausschnitt<\/li>\n<li>von Schulter zu Schulter verst\u00e4rkt<\/li>\n<li>Doppelte Kappnaht an Kragen, \u00c4rmel und Bund<\/li>\n<li>verst\u00e4rkt im Nackenbereich f\u00fcr W\u00e4schezeichen<\/li>\n<li>atmungsaktive Mesheins\u00e4tze unter den Armen<\/li>\n<li>OEKO-TEX\u00ae Standard 100<\/li>\n<\/ul>\n<p><strong>QUALIT\u00c4T:<\/strong><\/p>\n<ul>\n<li class=\"qualitycode\">100% Polyester, +\/- 150 g\/m\u00b2<\/li>\n<li class=\"modelqualityoption\">atmungsaktiv<\/li>\n<li class=\"modelqualityoption\">antibakteriell<\/li>\n<li class=\"modelqualityoption\">Bird\u2019s Eye Gewebe<\/li>\n<li class=\"modelqualityoption\">schnelltrocknend<\/li>\n<li class=\"modelqualityoption\">UV-Sonnenschutz (LSF 50+)<\/li>\n<li class=\"modelqualityoption\">feuchtigkeitsableitend<\/li>\n<li>EN ISO 20471:2013+A1:2016 &#8211; Klasse 3<\/li>\n<li>EN 13758-2:2003+A1:2006<\/li>\n<li>EN ISO 20471:2013+A1:2016 &#8211; Klasse 2 &#8211; XS<\/li>\n<\/ul>\n<p><strong>WASCHTEMPERARUR:<\/strong> 60\u00b0C<\/p>\n<p><strong>GR\u00d6SSEN:<\/strong> XS &#8211; 4XL<\/p>\n","protected":false},"excerpt":{"rendered":"<p>Ben\u00f6tigen Sie auch an warmen Tagen Warnschutzbekleidung der Klasse 3* ? Das DASSY Safety HiVis Carterville ist f\u00fcr Sie bereit! Die langen \u00c4rmel garantieren die notwendige fluoreszierende und reflektierende Oberfl\u00e4che, damit Sie gut sichtbar an die Arbeit gehen k\u00f6nnen. Dar\u00fcber hinaus h\u00e4lt Sie dieses Warnhemd dank des angenehm leichten Gewebes aus schnell trocknenden Polyesterfasern, der atmungsaktiven Netzeins\u00e4tze unter den Armen und der antibakteriellen Behandlung, die unangenehme Schweissger\u00fcche neutralisiert, perfekt k\u00fchl und trocken. (*Gr\u00f6\u00dfe XS = Klasse 2)<\/p>\n","protected":false},"featured_media":90414,"template":"","meta":{"_acf_changed":false},"product_brand":[],"product_cat":[730,99,228,1035,36,1014],"product_tag":[750,438,482,483,783,787,788,786,848,646,542,782,1006,991],"class_list":{"0":"post-90386","1":"product","2":"type-product","3":"status-publish","4":"has-post-thumbnail","6":"product_cat-dassy","7":"product_cat-fp","8":"product_cat-langarm-t-shirt","9":"product_cat-safety","10":"product_cat-t-shirts","11":"product_cat-uv-schutz","12":"product_tag-100-polyester","13":"product_tag-60c","14":"product_tag-en-iso-20471-klasse-2","15":"product_tag-en-iso-20471-klasse-3","16":"product_tag-herren","17":"product_tag-hi-vis-gelb","18":"product_tag-hi-vis-orange","19":"product_tag-hi-vis-rot","20":"product_tag-langarm","21":"product_tag-leicht","22":"product_tag-oeko-tex-standard-100","23":"product_tag-reflex-streifen","24":"product_tag-uv-schutz","25":"product_tag-xxs-xs","27":"first","28":"instock","29":"taxable","30":"shipping-taxable","31":"purchasable","32":"product-type-variable"},"acf":[],"_links":{"self":[{"href":"https:\/\/www.ernesto-vargas.com\/wp-json\/wp\/v2\/product\/90386","targetHints":{"allow":["GET"]}}],"collection":[{"href":"https:\/\/www.ernesto-vargas.com\/wp-json\/wp\/v2\/product"}],"about":[{"href":"https:\/\/www.ernesto-vargas.com\/wp-json\/wp\/v2\/types\/product"}],"wp:featuredmedia":[{"embeddable":true,"href":"https:\/\/www.ernesto-vargas.com\/wp-json\/wp\/v2\/media\/90414"}],"wp:attachment":[{"href":"https:\/\/www.ernesto-vargas.com\/wp-json\/wp\/v2\/media?parent=90386"}],"wp:term":[{"taxonomy":"product_brand","embeddable":true,"href":"https:\/\/www.ernesto-vargas.com\/wp-json\/wp\/v2\/product_brand?post=90386"},{"taxonomy":"product_cat","embeddable":true,"href":"https:\/\/www.ernesto-vargas.com\/wp-json\/wp\/v2\/product_cat?post=90386"},{"taxonomy":"product_tag","embeddable":true,"href":"https:\/\/www.ernesto-vargas.com\/wp-json\/wp\/v2\/product_tag?post=90386"}],"curies":[{"name":"wp","href":"https:\/\/api.w.org\/{rel}","templated":true}]}}