{"id":90458,"date":"2024-08-21T10:03:50","date_gmt":"2024-08-21T08:03:50","guid":{"rendered":"https:\/\/www.ernesto-vargas.com\/shop\/?post_type=product&#038;p=90458"},"modified":"2025-06-27T19:45:27","modified_gmt":"2025-06-27T17:45:27","slug":"dassy-poloshirt-fuer-damen-traxion-women-710034","status":"publish","type":"product","link":"https:\/\/www.ernesto-vargas.com\/shop\/product\/dassy-poloshirt-fuer-damen-traxion-women-710034\/","title":{"rendered":"Dassy Poloshirt f\u00fcr Damen Traxion Women (710034)"},"content":{"rendered":"<p><strong>DETAILS:<\/strong><\/p>\n<ul>\n<li>reflektierende Details<\/li>\n<li>Zweiknopfleiste<\/li>\n<li>taillierte Passform<\/li>\n<li>Stickerei in Kontrastfarbe<\/li>\n<li>eingedrucktes Nackenlabel f\u00fcr erh\u00f6hten Tragekomfort<\/li>\n<li>verborgene atmungsaktive Mesheins\u00e4tze unter dem Kragen<\/li>\n<li>ideal f\u00fcr Veredelung (Bedrucken)<\/li>\n<li>OEKO-TEX\u00ae Standard 100<\/li>\n<\/ul>\n<p><strong>QUALIT\u00c4T:<\/strong><\/p>\n<ul>\n<li class=\"qualitycode\">100% Polyester, +\/- 215 g\/m\u00b2<\/li>\n<li class=\"modelqualityoption\">atmungsaktiv<\/li>\n<li class=\"modelqualityoption\">antibakteriell<\/li>\n<li class=\"modelqualityoption\">Polyester-Piqu\u00e9<\/li>\n<li class=\"modelqualityoption\">schnelltrocknend<\/li>\n<li class=\"modelqualityoption\">UV-Sonnenschutz (LSF 50+)<\/li>\n<li class=\"modelqualityoption\">feuchtigkeitsableitend<\/li>\n<\/ul>\n<p><strong>WASCHTEMPERARUR:<\/strong> 40\u00b0C<\/p>\n<p><strong>GR\u00d6SSEN:<\/strong> XS &#8211; 2XL<\/p>\n","protected":false},"excerpt":{"rendered":"<p>Kommen Sie in Bewegung mit dem DASSY D-FX Flex Traxion Women! Dieses figurbetonte Poloshirt f\u00fcr Frauen sieht nicht nur gut aus, sondern ist auch besonders bequem. Der Stoff f\u00fchlt sich leicht und angenehm an und bietet UV-Sonnenschutz. Dank den verborgenen atmungsaktiven Mesheins\u00e4tzen unter dem Kragen ist dieses Polo auch bei w\u00e4rmeren Temperaturen und bei intensiver Arbeit die selbstverst\u00e4ndliche Wahl.<\/p>\n","protected":false},"featured_media":90494,"template":"","meta":{"_et_pb_use_builder":"","_et_pb_old_content":"","_et_gb_content_width":""},"product_brand":[],"product_cat":[1045,730,99,872,63,1014],"product_tag":[750,831,807,838,865,646,542,781,834,832,1006,784,833,991],"class_list":{"0":"post-90458","1":"product","2":"type-product","3":"status-publish","4":"has-post-thumbnail","6":"product_cat-d-fx-flex","7":"product_cat-dassy","8":"product_cat-fp","9":"product_cat-kurzarm-polo-shirts","10":"product_cat-polo-shirts","11":"product_cat-uv-schutz","12":"product_tag-100-polyester","13":"product_tag-blautoene","14":"product_tag-damen","15":"product_tag-grautoene","16":"product_tag-kurzarm","17":"product_tag-leicht","18":"product_tag-oeko-tex-standard-100","19":"product_tag-reflektierende-elemente","20":"product_tag-rottoene","21":"product_tag-schwarztoene","22":"product_tag-uv-schutz","23":"product_tag-waschbar-unter-60c","24":"product_tag-weisstoene","25":"product_tag-xxs-xs","27":"first","28":"instock","29":"taxable","30":"shipping-taxable","31":"purchasable","32":"product-type-variable"},"_links":{"self":[{"href":"https:\/\/www.ernesto-vargas.com\/shop\/wp-json\/wp\/v2\/product\/90458","targetHints":{"allow":["GET"]}}],"collection":[{"href":"https:\/\/www.ernesto-vargas.com\/shop\/wp-json\/wp\/v2\/product"}],"about":[{"href":"https:\/\/www.ernesto-vargas.com\/shop\/wp-json\/wp\/v2\/types\/product"}],"wp:featuredmedia":[{"embeddable":true,"href":"https:\/\/www.ernesto-vargas.com\/shop\/wp-json\/wp\/v2\/media\/90494"}],"wp:attachment":[{"href":"https:\/\/www.ernesto-vargas.com\/shop\/wp-json\/wp\/v2\/media?parent=90458"}],"wp:term":[{"taxonomy":"product_brand","embeddable":true,"href":"https:\/\/www.ernesto-vargas.com\/shop\/wp-json\/wp\/v2\/product_brand?post=90458"},{"taxonomy":"product_cat","embeddable":true,"href":"https:\/\/www.ernesto-vargas.com\/shop\/wp-json\/wp\/v2\/product_cat?post=90458"},{"taxonomy":"product_tag","embeddable":true,"href":"https:\/\/www.ernesto-vargas.com\/shop\/wp-json\/wp\/v2\/product_tag?post=90458"}],"curies":[{"name":"wp","href":"https:\/\/api.w.org\/{rel}","templated":true}]}}