{"id":92166,"date":"2025-07-29T07:47:12","date_gmt":"2025-07-29T05:47:12","guid":{"rendered":"https:\/\/www.ernesto-vargas.com\/shop\/?post_type=product&#038;p=92166"},"modified":"2025-07-29T07:47:12","modified_gmt":"2025-07-29T05:47:12","slug":"striker-handwerkershorts-mit-stretch-19721149","status":"publish","type":"product","link":"https:\/\/www.ernesto-vargas.com\/shop\/product\/striker-handwerkershorts-mit-stretch-19721149\/","title":{"rendered":"STRIKER Handwerkershorts mit Stretch (19721149)"},"content":{"rendered":"<div class=\"MuiBox-root css-164r41r\">\n<p><strong><span class=\"MuiTypography-root MuiTypography-body1 css-vltfjl\">Funktionalit\u00e4t<\/span><\/strong><\/p>\n<ul class=\"MuiList-root css-1x2q7pk\">\n<li class=\"MuiListItem-root MuiListItem-gutters MuiListItem-padding css-146xefr\">\n<div class=\"MuiListItemText-root css-14rdsw0\"><span class=\"MuiTypography-root MuiTypography-body1 MuiListItemText-primary css-ozd6xa\">2-Wege-Stretch mit 4-Wege-Stretch-Eins\u00e4tzen<\/span><\/div>\n<\/li>\n<li class=\"MuiListItem-root MuiListItem-gutters MuiListItem-padding css-146xefr\">\n<div class=\"MuiListItemText-root css-14rdsw0\"><span class=\"MuiTypography-root MuiTypography-body1 MuiListItemText-primary css-ozd6xa\">L\u00fcftung an der Passe<\/span><\/div>\n<\/li>\n<li class=\"MuiListItem-root MuiListItem-gutters MuiListItem-padding css-146xefr\">\n<div class=\"MuiListItemText-root css-14rdsw0\"><span class=\"MuiTypography-root MuiTypography-body1 MuiListItemText-primary css-ozd6xa\">Normale Passform<\/span><\/div>\n<\/li>\n<li class=\"MuiListItem-root MuiListItem-gutters MuiListItem-padding css-146xefr\">\n<div class=\"MuiListItemText-root css-14rdsw0\"><span class=\"MuiTypography-root MuiTypography-body1 MuiListItemText-primary css-ozd6xa\">Erh\u00f6hter R\u00fccken an der Taille f\u00fcr zus\u00e4tzlichen Komfort beim Knien<\/span><\/div>\n<\/li>\n<\/ul>\n<p><strong><span class=\"MuiTypography-root MuiTypography-body1 css-vltfjl\">Stoff<\/span><\/strong><\/p>\n<ul class=\"MuiList-root css-1x2q7pk\">\n<li class=\"MuiListItem-root MuiListItem-gutters MuiListItem-padding css-146xefr\">\n<div class=\"MuiListItemText-root css-14rdsw0\">51% Baumwolle, 32% Polyester, 17% Polyamid<\/div>\n<\/li>\n<li class=\"MuiListItem-root MuiListItem-gutters MuiListItem-padding css-146xefr\">\n<div class=\"MuiListItemText-root css-14rdsw0\">Twill, Stretch<\/div>\n<\/li>\n<li class=\"MuiListItem-root MuiListItem-gutters MuiListItem-padding css-146xefr\">\n<div class=\"MuiListItemText-root css-14rdsw0\">340 g\/m\u00b2<\/div>\n<\/li>\n<\/ul>\n<\/div>\n<div class=\"MuiBox-root css-164r41r\">\n<p><strong><span class=\"MuiTypography-root MuiTypography-body1 css-vltfjl\">Verst\u00e4rkung<\/span><\/strong><\/p>\n<ul class=\"MuiList-root css-1x2q7pk\">\n<li class=\"MuiListItem-root MuiListItem-gutters MuiListItem-padding css-146xefr\">\n<div class=\"MuiListItemText-root css-14rdsw0\"><span class=\"MuiTypography-root MuiTypography-body1 MuiListItemText-primary css-ozd6xa\">CORDURA-verst\u00e4rkte Taschen<\/span><\/div>\n<\/li>\n<\/ul>\n<\/div>\n<div class=\"MuiBox-root css-164r41r\">\n<p><strong><span class=\"MuiTypography-root MuiTypography-body1 css-vltfjl\">Details<\/span><\/strong><\/p>\n<ul class=\"MuiList-root css-1x2q7pk\">\n<li class=\"MuiListItem-root MuiListItem-gutters MuiListItem-padding css-146xefr\">\n<div class=\"MuiListItemText-root css-14rdsw0\"><span class=\"MuiTypography-root MuiTypography-body1 MuiListItemText-primary css-ozd6xa\">Reissverschlussanh\u00e4nger mit reflektierender Kordel<\/span><\/div>\n<\/li>\n<li class=\"MuiListItem-root MuiListItem-gutters MuiListItem-padding css-146xefr\">\n<div class=\"MuiListItemText-root css-14rdsw0\"><span class=\"MuiTypography-root MuiTypography-body1 MuiListItemText-primary css-ozd6xa\">Kunststoff-Reissverschluss im Schritt<\/span><\/div>\n<\/li>\n<li class=\"MuiListItem-root MuiListItem-gutters MuiListItem-padding css-146xefr\">\n<div class=\"MuiListItemText-root css-14rdsw0\"><span class=\"MuiTypography-root MuiTypography-body1 MuiListItemText-primary css-ozd6xa\">Hammerschlaufe an der Seite<\/span><\/div>\n<\/li>\n<li class=\"MuiListItem-root MuiListItem-gutters MuiListItem-padding css-146xefr\">\n<div class=\"MuiListItemText-root css-14rdsw0\"><span class=\"MuiTypography-root MuiTypography-body1 MuiListItemText-primary css-ozd6xa\">Breite Schlaufe hinten<\/span><\/div>\n<\/li>\n<li class=\"MuiListItem-root MuiListItem-gutters MuiListItem-padding css-146xefr\">\n<div class=\"MuiListItemText-root css-14rdsw0\"><span class=\"MuiTypography-root MuiTypography-body1 MuiListItemText-primary css-ozd6xa\">Metallkn\u00f6pfe<\/span><\/div>\n<\/li>\n<li class=\"MuiListItem-root MuiListItem-gutters MuiListItem-padding css-146xefr\">\n<div class=\"MuiListItemText-root css-14rdsw0\"><span class=\"MuiTypography-root MuiTypography-body1 MuiListItemText-primary css-ozd6xa\">Verstellbare Taille<\/span><\/div>\n<\/li>\n<li class=\"MuiListItem-root MuiListItem-gutters MuiListItem-padding css-146xefr\">\n<div class=\"MuiListItemText-root css-14rdsw0\"><span class=\"MuiTypography-root MuiTypography-body1 MuiListItemText-primary css-ozd6xa\">Hoher Bund hinten<\/span><\/div>\n<\/li>\n<li class=\"MuiListItem-root MuiListItem-gutters MuiListItem-padding css-146xefr\">\n<div class=\"MuiListItemText-root css-14rdsw0\"><span class=\"MuiTypography-root MuiTypography-body1 MuiListItemText-primary css-ozd6xa\">D-Ring am Bund<\/span><\/div>\n<\/li>\n<li class=\"MuiListItem-root MuiListItem-gutters MuiListItem-padding css-146xefr\">\n<div class=\"MuiListItemText-root css-14rdsw0\"><span class=\"MuiTypography-root MuiTypography-body1 MuiListItemText-primary css-ozd6xa\">Innenbeinnaht mit 3-fach-Naht<\/span><\/div>\n<\/li>\n<li class=\"MuiListItem-root MuiListItem-gutters MuiListItem-padding css-146xefr\">\n<div class=\"MuiListItemText-root css-14rdsw0\"><span class=\"MuiTypography-root MuiTypography-body1 MuiListItemText-primary css-ozd6xa\">Abnehmbare Ausweistasche<\/span><\/div>\n<\/li>\n<\/ul>\n<\/div>\n<div class=\"MuiBox-root css-164r41r\">\n<p><strong><span class=\"MuiTypography-root MuiTypography-body1 css-vltfjl\">Taschen<\/span><\/strong><\/p>\n<ul class=\"MuiList-root css-1x2q7pk\">\n<li class=\"MuiListItem-root MuiListItem-gutters MuiListItem-padding css-146xefr\">\n<div class=\"MuiListItemText-root css-14rdsw0\"><span class=\"MuiTypography-root MuiTypography-body1 MuiListItemText-primary css-ozd6xa\">Ges\u00e4sstasche mit Balg<\/span><\/div>\n<\/li>\n<li class=\"MuiListItem-root MuiListItem-gutters MuiListItem-padding css-146xefr\">\n<div class=\"MuiListItemText-root css-14rdsw0\"><span class=\"MuiTypography-root MuiTypography-body1 MuiListItemText-primary css-ozd6xa\">Beintasche mit Balg und Patte mit Klettverschluss und innenliegender Handytasche aus Mesh<\/span><\/div>\n<\/li>\n<li class=\"MuiListItem-root MuiListItem-gutters MuiListItem-padding css-146xefr\">\n<div class=\"MuiListItemText-root css-14rdsw0\"><span class=\"MuiTypography-root MuiTypography-body1 MuiListItemText-primary css-ozd6xa\">Beintasche mit Reissverschluss<\/span><\/div>\n<\/li>\n<li class=\"MuiListItem-root MuiListItem-gutters MuiListItem-padding css-146xefr\">\n<div class=\"MuiListItemText-root css-14rdsw0\"><span class=\"MuiTypography-root MuiTypography-body1 MuiListItemText-primary css-ozd6xa\">Seitentaschen<\/span><\/div>\n<\/li>\n<li class=\"MuiListItem-root MuiListItem-gutters MuiListItem-padding css-146xefr\">\n<div class=\"MuiListItemText-root css-14rdsw0\"><span class=\"MuiTypography-root MuiTypography-body1 MuiListItemText-primary css-ozd6xa\">H\u00e4ngende Werkzeugtaschen abnehmbar und austauschbar, extra breit, ausgestattet mit Werkzeughaken, Werkzeugfach und zus\u00e4tzlichen Taschen mit Reissverschluss.<\/span><\/div>\n<\/li>\n<li class=\"MuiListItem-root MuiListItem-gutters MuiListItem-padding css-146xefr\">\n<div class=\"MuiListItemText-root css-14rdsw0\"><span class=\"MuiTypography-root MuiTypography-body1 MuiListItemText-primary css-ozd6xa\">Verst\u00e4rkte Zollstocktasche mit Messerhalter und Stifttasche<\/span><\/div>\n<\/li>\n<\/ul>\n<\/div>\n<div class=\"MuiBox-root css-164r41r\">\n<p><strong><span class=\"MuiTypography-root MuiTypography-body1 css-vltfjl\">Reflex<\/span><\/strong><\/p>\n<ul>\n<li><span class=\"MuiTypography-root MuiTypography-body1 MuiListItemText-primary css-ozd6xa\">Schwarze reflektierende Streifen auf der R\u00fcckseite des Beins<\/span><\/li>\n<\/ul>\n<p><strong><span class=\"MuiTypography-root MuiTypography-body1 css-vltfjl\">Zertifizierung<\/span><\/strong><\/p>\n<ul class=\"MuiList-root css-1x2q7pk\">\n<li class=\"MuiListItem-root MuiListItem-gutters MuiListItem-padding css-146xefr\">\n<div class=\"MuiListItemText-root css-14rdsw0\"><span class=\"MuiTypography-root MuiTypography-body1 MuiListItemText-primary css-ozd6xa\">Oeko-Tex std 100, SE 23-302, RISE<\/span><\/div>\n<\/li>\n<\/ul>\n<\/div>\n","protected":false},"excerpt":{"rendered":"<p>Strapazierf\u00e4hige Handwerkershorts aus 2-Wege-CORDURA Stretch Twill, die wirklich ultimativen Komfort bietet, mit Stretcheins\u00e4tzen im Schritt und in der Passe f\u00fcr optimale Bewegungsfreiheit. Die Shorts hat einen hohen Bund am R\u00fccken, leicht abnehmbare Nageltaschen und eine Vielzahl von Funktionstaschen. Auch als <a href=\"https:\/\/www.ernesto-vargas.com\/shop\/?post_type=product&amp;p=92165&amp;preview=true\">Damenmodell<\/a> erh\u00e4ltlich.<\/p>\n","protected":false},"featured_media":92172,"template":"","meta":{"_et_pb_use_builder":"","_et_pb_old_content":"","_et_gb_content_width":""},"product_brand":[],"product_cat":[56,999,99,65,1046],"product_tag":[438,688,802,801,59,177,783,790,542,781,799,792,791],"class_list":{"0":"post-92166","1":"product","2":"type-product","3":"status-publish","4":"has-post-thumbnail","6":"product_cat-arbeitshosen","7":"product_cat-blaklaeder","8":"product_cat-fp","9":"product_cat-kurze-hosen","10":"product_cat-striker","11":"product_tag-60c","12":"product_tag-abnehmbare-nageltaschen","13":"product_tag-dunkelblau","14":"product_tag-gruen","15":"product_tag-hammerschlaufe","16":"product_tag-handytasche","17":"product_tag-herren","18":"product_tag-mischware","19":"product_tag-oeko-tex-standard-100","20":"product_tag-reflektierende-elemente","21":"product_tag-schwarz","22":"product_tag-schwer","23":"product_tag-stretch-stoff","25":"first","26":"instock","27":"taxable","28":"shipping-taxable","29":"purchasable","30":"product-type-variable"},"_links":{"self":[{"href":"https:\/\/www.ernesto-vargas.com\/shop\/wp-json\/wp\/v2\/product\/92166","targetHints":{"allow":["GET"]}}],"collection":[{"href":"https:\/\/www.ernesto-vargas.com\/shop\/wp-json\/wp\/v2\/product"}],"about":[{"href":"https:\/\/www.ernesto-vargas.com\/shop\/wp-json\/wp\/v2\/types\/product"}],"wp:featuredmedia":[{"embeddable":true,"href":"https:\/\/www.ernesto-vargas.com\/shop\/wp-json\/wp\/v2\/media\/92172"}],"wp:attachment":[{"href":"https:\/\/www.ernesto-vargas.com\/shop\/wp-json\/wp\/v2\/media?parent=92166"}],"wp:term":[{"taxonomy":"product_brand","embeddable":true,"href":"https:\/\/www.ernesto-vargas.com\/shop\/wp-json\/wp\/v2\/product_brand?post=92166"},{"taxonomy":"product_cat","embeddable":true,"href":"https:\/\/www.ernesto-vargas.com\/shop\/wp-json\/wp\/v2\/product_cat?post=92166"},{"taxonomy":"product_tag","embeddable":true,"href":"https:\/\/www.ernesto-vargas.com\/shop\/wp-json\/wp\/v2\/product_tag?post=92166"}],"curies":[{"name":"wp","href":"https:\/\/api.w.org\/{rel}","templated":true}]}}